{"id":68,"date":"2016-03-01T11:40:57","date_gmt":"2016-03-01T14:40:57","guid":{"rendered":"https:\/\/catedras.facet.unt.edu.ar\/wan\/?page_id=68"},"modified":"2019-03-16T17:50:34","modified_gmt":"2019-03-16T20:50:34","slug":"horarios","status":"publish","type":"page","link":"https:\/\/catedras.facet.unt.edu.ar\/wan\/horarios\/","title":{"rendered":"Horarios"},"content":{"rendered":"<p><strong>Clases Te\u00f3ricas:<\/strong> Lunes y Mi\u00e9rcoles de 18hs.<\/p>\n<p><strong>Clases Pr\u00e1cticas:\u00a0<\/strong>Lunes y Mi\u00e9rcoles de 14 a 16hs.<\/p>\n<p><strong>Clases de Consulta:<\/strong> Coordinar con los docentes por e-mail.<\/p>\n","protected":false},"excerpt":{"rendered":"<p>Clases Te\u00f3ricas: Lunes y Mi\u00e9rcoles de 18hs. Clases Pr\u00e1cticas:\u00a0Lunes y Mi\u00e9rcoles de 14 a 16hs. Clases de Consulta: Coordinar con los docentes por e-mail.<\/p>\n","protected":false},"author":101023,"featured_media":0,"parent":0,"menu_order":0,"comment_status":"closed","ping_status":"closed","template":"","meta":[],"_links":{"self":[{"href":"https:\/\/catedras.facet.unt.edu.ar\/wan\/wp-json\/wp\/v2\/pages\/68"}],"collection":[{"href":"https:\/\/catedras.facet.unt.edu.ar\/wan\/wp-json\/wp\/v2\/pages"}],"about":[{"href":"https:\/\/catedras.facet.unt.edu.ar\/wan\/wp-json\/wp\/v2\/types\/page"}],"author":[{"embeddable":true,"href":"https:\/\/catedras.facet.unt.edu.ar\/wan\/wp-json\/wp\/v2\/users\/101023"}],"replies":[{"embeddable":true,"href":"https:\/\/catedras.facet.unt.edu.ar\/wan\/wp-json\/wp\/v2\/comments?post=68"}],"version-history":[{"count":9,"href":"https:\/\/catedras.facet.unt.edu.ar\/wan\/wp-json\/wp\/v2\/pages\/68\/revisions"}],"predecessor-version":[{"id":560,"href":"https:\/\/catedras.facet.unt.edu.ar\/wan\/wp-json\/wp\/v2\/pages\/68\/revisions\/560"}],"wp:attachment":[{"href":"https:\/\/catedras.facet.unt.edu.ar\/wan\/wp-json\/wp\/v2\/media?parent=68"}],"curies":[{"name":"wp","href":"https:\/\/api.w.org\/{rel}","templated":true}]}}