{"id":66,"date":"2016-03-01T11:10:31","date_gmt":"2016-03-01T14:10:31","guid":{"rendered":"https:\/\/catedras.facet.unt.edu.ar\/wan\/?page_id=66"},"modified":"2019-03-16T17:49:00","modified_gmt":"2019-03-16T20:49:00","slug":"reglamento","status":"publish","type":"page","link":"https:\/\/catedras.facet.unt.edu.ar\/wan\/reglamento\/","title":{"rendered":"Reglamento"},"content":{"rendered":"<p><strong>Correlativas:<\/strong><\/p>\n<ul>\n<li>Precedente: Regular para cursar y aprobada para rendir.\n<ul>\n<li>Protocolos de Comunicaci\u00f3n TCP\/IP.<\/li>\n<li>Introducci\u00f3n a la Transmisi\u00f3n de Datos.<\/li>\n<\/ul>\n<\/li>\n<li>Anteprecedente: Aprobada para cursar.\n<ul>\n<li>Prueba de suficiencia de Ingl\u00e9s.<\/li>\n<\/ul>\n<\/li>\n<\/ul>\n<p>&nbsp;<\/p>\n<p><strong>Condiciones para Aprobar:<\/strong><\/p>\n<ul>\n<li>2 evaluativos parciales aprobados con nota mayor o igual a 4\/10 (Eliminatorios &#8211; No hay recuperaci\u00f3n).<\/li>\n<li>80% de asistencia a las clases de Trabajos Pr\u00e1cticos y Laboratorios.<\/li>\n<li>Presentaci\u00f3n de informe de trabajo pr\u00e1ctico<\/li>\n<\/ul>\n","protected":false},"excerpt":{"rendered":"<p>Correlativas: Precedente: Regular para cursar y aprobada para rendir. Protocolos de Comunicaci\u00f3n TCP\/IP. Introducci\u00f3n a la Transmisi\u00f3n de Datos. Anteprecedente: Aprobada para cursar. Prueba de suficiencia de Ingl\u00e9s. &nbsp; Condiciones para Aprobar: 2 evaluativos parciales aprobados con nota mayor o igual a 4\/10 (Eliminatorios &#8211; No hay recuperaci\u00f3n). 80% de asistencia a las clases de [&hellip;]<\/p>\n","protected":false},"author":101023,"featured_media":0,"parent":0,"menu_order":0,"comment_status":"closed","ping_status":"closed","template":"","meta":[],"_links":{"self":[{"href":"https:\/\/catedras.facet.unt.edu.ar\/wan\/wp-json\/wp\/v2\/pages\/66"}],"collection":[{"href":"https:\/\/catedras.facet.unt.edu.ar\/wan\/wp-json\/wp\/v2\/pages"}],"about":[{"href":"https:\/\/catedras.facet.unt.edu.ar\/wan\/wp-json\/wp\/v2\/types\/page"}],"author":[{"embeddable":true,"href":"https:\/\/catedras.facet.unt.edu.ar\/wan\/wp-json\/wp\/v2\/users\/101023"}],"replies":[{"embeddable":true,"href":"https:\/\/catedras.facet.unt.edu.ar\/wan\/wp-json\/wp\/v2\/comments?post=66"}],"version-history":[{"count":11,"href":"https:\/\/catedras.facet.unt.edu.ar\/wan\/wp-json\/wp\/v2\/pages\/66\/revisions"}],"predecessor-version":[{"id":559,"href":"https:\/\/catedras.facet.unt.edu.ar\/wan\/wp-json\/wp\/v2\/pages\/66\/revisions\/559"}],"wp:attachment":[{"href":"https:\/\/catedras.facet.unt.edu.ar\/wan\/wp-json\/wp\/v2\/media?parent=66"}],"curies":[{"name":"wp","href":"https:\/\/api.w.org\/{rel}","templated":true}]}}