{"id":64,"date":"2016-03-01T11:10:13","date_gmt":"2016-03-01T14:10:13","guid":{"rendered":"https:\/\/catedras.facet.unt.edu.ar\/wan\/?page_id=64"},"modified":"2020-03-24T16:17:50","modified_gmt":"2020-03-24T19:17:50","slug":"docentes","status":"publish","type":"page","link":"https:\/\/catedras.facet.unt.edu.ar\/wan\/docentes\/","title":{"rendered":"Docentes de la C\u00e1tedra"},"content":{"rendered":"<p><strong>Docente a cargo:<\/strong><\/p>\n<p>Ing. Fernando Nader<br \/>\nProfesor Adjunto<br \/>\n<a href=\"mailto:fnader@herrera.unt.edu.ar\" target=\"_blank\" rel=\"noopener noreferrer\">fnader@herrera.unt.edu.ar<\/a><\/p>\n<h4><span style=\"color: #ffffff\">\u00a0r<\/span><\/h4>\n<p><strong>Auxiliares a cargo:<\/strong><\/p>\n<p>Ing. Carlos Albaca Parav\u00e1n<br \/>\nJefe de Trabajos Pr\u00e1cticos<br \/>\n<a href=\"mailto:calbaca@herrera.unt.edu.ar\" target=\"_blank\" rel=\"noopener noreferrer\">calbaca@herrera.unt.edu.ar<\/a><\/p>\n<p>Ing. Romina Nahas<br \/>\nJefe de Trabajos Pr\u00e1cticos<br \/>\n<a href=\"mailto:rnahas@herrera.unt.edu.ar\" target=\"_blank\" rel=\"noopener noreferrer\">rnahas@herrera.unt.edu.ar<\/a><\/p>\n","protected":false},"excerpt":{"rendered":"<p>Docente a cargo: Ing. Fernando Nader Profesor Adjunto fnader@herrera.unt.edu.ar \u00a0r Auxiliares a cargo: Ing. Carlos Albaca Parav\u00e1n Jefe de Trabajos Pr\u00e1cticos calbaca@herrera.unt.edu.ar Ing. Romina Nahas Jefe de Trabajos Pr\u00e1cticos rnahas@herrera.unt.edu.ar<\/p>\n","protected":false},"author":101023,"featured_media":0,"parent":0,"menu_order":0,"comment_status":"closed","ping_status":"closed","template":"","meta":[],"_links":{"self":[{"href":"https:\/\/catedras.facet.unt.edu.ar\/wan\/wp-json\/wp\/v2\/pages\/64"}],"collection":[{"href":"https:\/\/catedras.facet.unt.edu.ar\/wan\/wp-json\/wp\/v2\/pages"}],"about":[{"href":"https:\/\/catedras.facet.unt.edu.ar\/wan\/wp-json\/wp\/v2\/types\/page"}],"author":[{"embeddable":true,"href":"https:\/\/catedras.facet.unt.edu.ar\/wan\/wp-json\/wp\/v2\/users\/101023"}],"replies":[{"embeddable":true,"href":"https:\/\/catedras.facet.unt.edu.ar\/wan\/wp-json\/wp\/v2\/comments?post=64"}],"version-history":[{"count":10,"href":"https:\/\/catedras.facet.unt.edu.ar\/wan\/wp-json\/wp\/v2\/pages\/64\/revisions"}],"predecessor-version":[{"id":687,"href":"https:\/\/catedras.facet.unt.edu.ar\/wan\/wp-json\/wp\/v2\/pages\/64\/revisions\/687"}],"wp:attachment":[{"href":"https:\/\/catedras.facet.unt.edu.ar\/wan\/wp-json\/wp\/v2\/media?parent=64"}],"curies":[{"name":"wp","href":"https:\/\/api.w.org\/{rel}","templated":true}]}}