{"id":62,"date":"2016-03-01T11:10:00","date_gmt":"2016-03-01T14:10:00","guid":{"rendered":"https:\/\/catedras.facet.unt.edu.ar\/wan\/?page_id=62"},"modified":"2018-03-18T22:09:14","modified_gmt":"2018-03-19T01:09:14","slug":"programa","status":"publish","type":"page","link":"https:\/\/catedras.facet.unt.edu.ar\/wan\/programa\/","title":{"rendered":"Programa de la Materia"},"content":{"rendered":"<h3>Unidad Tem\u00e1tica I : Internet<\/h3>\n<ul>\n<li>Estructura de Internet: Niveles de ISPs. IXP. CDN<\/li>\n<li>Acuerdos de interconexi\u00f3n: Peering vs Tr\u00e1nsito<\/li>\n<li>Redes de acceso actuales: xDSL, Docsis, FTTH, red celular.<\/li>\n<li>Servicios en la WAN<\/li>\n<\/ul>\n<h3>Unidad Tem\u00e1tica 2: Routers<\/h3>\n<ul>\n<li>Routers. Tipos de Routers.<\/li>\n<li>Protocolos de Ruteo.<\/li>\n<li>M\u00e9tricas.<\/li>\n<li>Protocolos de Estado de V\u00ednculo.<\/li>\n<li>RIP (Routing Information Protocol).<\/li>\n<li>Protocolos de Vector de Distancia.<\/li>\n<li>OSPF (Open Shortest Path First).<\/li>\n<li>Sistemas Aut\u00f3nomos.<\/li>\n<li>BGP (Border Gateway Protocol).<\/li>\n<\/ul>\n<h3>Unidad Tem\u00e1tica 3: Control de Congesti\u00f3n<\/h3>\n<ul>\n<li>Control de Congesti\u00f3n y de Flujo.<\/li>\n<li>Control de Congesti\u00f3n.<\/li>\n<li>Principios Generales de Control de Congesti\u00f3n.<\/li>\n<li>Conformaci\u00f3n de Tr\u00e1fico.<\/li>\n<li>Mecanismos para control.<\/li>\n<li>Prevenci\u00f3n de Congesti\u00f3n.<\/li>\n<li>Algoritmos Leaky y Token Bucket.<\/li>\n<li>Especificaciones de Flujo.<\/li>\n<li>Control de Congesti\u00f3n en Circuitos Virtuales y Datagramas.<\/li>\n<li>Paquetes de estrangulamiento.<\/li>\n<li>WFQ (\u201cWeighted Fair Queuing\u201d).<\/li>\n<li>Descarte de Carga.<\/li>\n<\/ul>\n<h3>Unidad Tem\u00e1tica 4: MULTIPROTOCOL LABEL SWITCHING (MPLS)<\/h3>\n<ul>\n<li>Fundamentos de las redes MPLS.<\/li>\n<li>Flujo de Datos en MPLS LSR, LER y FEC.<\/li>\n<li>Distribuci\u00f3n de etiquetas en MPLS.<\/li>\n<li>Protocolo LDP. Se\u00f1alizaci\u00f3n en MPLS.<\/li>\n<li>Control de Tr\u00e1fico.<\/li>\n<li>Protocolos RSVP-TE y CR-LDP.<\/li>\n<li>Ingenier\u00eda de Tr\u00e1fico.<\/li>\n<li>VPNs en MPLS.<\/li>\n<li>QoS en redes de datos.<\/li>\n<\/ul>\n<h3>UNIDAD TEM\u00c1TICA 5: APLICACIONES EN LA WAN<\/h3>\n<ul>\n<li>Tipos de aplicaciones y sus problemas en la WAN: jitter, latencia,\u00a0congesti\u00f3n.<\/li>\n<li>Aplicaciones interactivas: Audio y Video. CODECs<\/li>\n<li>Protocolos (RTP, RTCP)<\/li>\n<li>ToIP: Telefonia IP: SIP vs H323<\/li>\n<li>SIP<\/li>\n<\/ul>\n<h3>UNIDAD TEM\u00c1TICA 6: ASPECTOS DE SEGURIDAD EN REDES EXTENDIDAS<\/h3>\n<ul>\n<li>Lista de Control de Acceso (ACL\u2019s).<\/li>\n<li>Implementaci\u00f3n con Routers.<\/li>\n<li>Reglas. Intrusos.<\/li>\n<li>Detecci\u00f3n y Prevenci\u00f3n de Intrusos.<\/li>\n<li>Detecci\u00f3n basada en reglas.<\/li>\n<li>Detecci\u00f3n distribuida de la intrusi\u00f3n.<\/li>\n<li>Sistemas IDS e IPS.<\/li>\n<li>Cortafuegos (\u201cFirewalls\u201d).<\/li>\n<li>Principios de Dise\u00f1o.<\/li>\n<li>Caracter\u00edsticas y tipos de cortafuegos.<\/li>\n<li>Configuraciones t\u00edpicas.<\/li>\n<li>Firewalls NG (Nueva Generaci\u00f3n)<\/li>\n<\/ul>\n","protected":false},"excerpt":{"rendered":"<p>Unidad Tem\u00e1tica I : Internet Estructura de Internet: Niveles de ISPs. IXP. CDN Acuerdos de interconexi\u00f3n: Peering vs Tr\u00e1nsito Redes de acceso actuales: xDSL, Docsis, FTTH, red celular. Servicios en la WAN Unidad Tem\u00e1tica 2: Routers Routers. Tipos de Routers. Protocolos de Ruteo. M\u00e9tricas. Protocolos de Estado de V\u00ednculo. RIP (Routing Information Protocol). Protocolos de [&hellip;]<\/p>\n","protected":false},"author":101023,"featured_media":0,"parent":0,"menu_order":0,"comment_status":"closed","ping_status":"closed","template":"","meta":[],"_links":{"self":[{"href":"https:\/\/catedras.facet.unt.edu.ar\/wan\/wp-json\/wp\/v2\/pages\/62"}],"collection":[{"href":"https:\/\/catedras.facet.unt.edu.ar\/wan\/wp-json\/wp\/v2\/pages"}],"about":[{"href":"https:\/\/catedras.facet.unt.edu.ar\/wan\/wp-json\/wp\/v2\/types\/page"}],"author":[{"embeddable":true,"href":"https:\/\/catedras.facet.unt.edu.ar\/wan\/wp-json\/wp\/v2\/users\/101023"}],"replies":[{"embeddable":true,"href":"https:\/\/catedras.facet.unt.edu.ar\/wan\/wp-json\/wp\/v2\/comments?post=62"}],"version-history":[{"count":8,"href":"https:\/\/catedras.facet.unt.edu.ar\/wan\/wp-json\/wp\/v2\/pages\/62\/revisions"}],"predecessor-version":[{"id":438,"href":"https:\/\/catedras.facet.unt.edu.ar\/wan\/wp-json\/wp\/v2\/pages\/62\/revisions\/438"}],"wp:attachment":[{"href":"https:\/\/catedras.facet.unt.edu.ar\/wan\/wp-json\/wp\/v2\/media?parent=62"}],"curies":[{"name":"wp","href":"https:\/\/api.w.org\/{rel}","templated":true}]}}