{"id":93,"date":"2017-03-20T17:18:24","date_gmt":"2017-03-20T20:18:24","guid":{"rendered":"https:\/\/catedras.facet.unt.edu.ar\/typp\/?page_id=93"},"modified":"2017-03-21T11:03:31","modified_gmt":"2017-03-21T14:03:31","slug":"materialdidactico","status":"publish","type":"page","link":"https:\/\/catedras.facet.unt.edu.ar\/typp\/materialdidactico\/","title":{"rendered":"Material Did\u00e1ctico"},"content":{"rendered":"<p>A continuaci\u00f3n, se adjunta el material provisto por la c\u00e1tedra:<\/p>\n<p>&nbsp;<\/p>\n<p><a href=\"https:\/\/catedras.facet.unt.edu.ar\/typp\/wp-content\/uploads\/sites\/121\/2017\/03\/Tema-n\u00ba1-Metalurgia-extractiva-y-acero.doc\">Tema n\u00ba1- Metalurgia extractiva y acero<\/a><\/p>\n<p>&nbsp;<\/p>\n<p><a href=\"https:\/\/catedras.facet.unt.edu.ar\/typp\/wp-content\/uploads\/sites\/121\/2017\/03\/Tema-n\u00ba2-Cobre.doc\">Tema n\u00ba2- Cobre<\/a> <a href=\"https:\/\/catedras.facet.unt.edu.ar\/typp\/wp-content\/uploads\/sites\/121\/2017\/03\/Tema-n\u00ba3-Aluminio.doc\">Tema<\/a><\/p>\n<p>&nbsp;<\/p>\n<p><a href=\"https:\/\/catedras.facet.unt.edu.ar\/typp\/wp-content\/uploads\/sites\/121\/2017\/03\/Tema-n\u00ba3-Aluminio.doc\">Tema n\u00ba3- Aluminio<\/a><\/p>\n<p>&nbsp;<\/p>\n<p><a href=\"https:\/\/catedras.facet.unt.edu.ar\/typp\/wp-content\/uploads\/sites\/121\/2017\/03\/Tema-n\u00ba4-Fundici\u00f3n-de-metales.docx\">Tema n\u00ba4 &#8211; Fundici\u00f3n de metales<\/a><\/p>\n<p>&nbsp;<\/p>\n<p><a href=\"https:\/\/catedras.facet.unt.edu.ar\/typp\/wp-content\/uploads\/sites\/121\/2017\/03\/Tema-n\u00ba5-Vidrio.doc\">Tema n\u00ba5 &#8211; Vidrio<\/a><\/p>\n<p>&nbsp;<\/p>\n<p><a href=\"https:\/\/catedras.facet.unt.edu.ar\/typp\/wp-content\/uploads\/sites\/121\/2017\/03\/Tema-n\u00ba6-Conformado-de-materiales-plasticos.doc\">Tema n\u00ba6 &#8211; Conformado de materiales plasticos<\/a><\/p>\n<p>&nbsp;<\/p>\n<p><a href=\"https:\/\/catedras.facet.unt.edu.ar\/typp\/wp-content\/uploads\/sites\/121\/2017\/03\/Tema-n\u00ba7-Metalurgia-de-Polvos_V2014.docx\">Tema n\u00ba7 &#8211; Metalurgia de Polvos_V2014<\/a><\/p>\n<p>&nbsp;<\/p>\n<p><a href=\"https:\/\/catedras.facet.unt.edu.ar\/typp\/wp-content\/uploads\/sites\/121\/2017\/03\/Tema-n\u00ba8-Materiales-Cer\u00e1micos.doc\">Tema n\u00ba8 &#8211; Materiales Cer\u00e1micos<\/a><\/p>\n<p>&nbsp;<\/p>\n<p><a href=\"https:\/\/catedras.facet.unt.edu.ar\/typp\/wp-content\/uploads\/sites\/121\/2017\/03\/Tema-n\u00ba9-Formado-de-metales.doc\">Tema n\u00ba9 &#8211; Formado de metales<\/a><\/p>\n<p>&nbsp;<\/p>\n<p><a href=\"https:\/\/catedras.facet.unt.edu.ar\/typp\/wp-content\/uploads\/sites\/121\/2017\/03\/Tema-n\u00ba10-Metrolog\u00eda-dimensional-y-Tolerancias-y-ajustes.doc\">Tema n\u00ba10 &#8211; Metrolog\u00eda dimensional y Tolerancias y ajustes<\/a><\/p>\n<p>&nbsp;<\/p>\n<p><a href=\"https:\/\/catedras.facet.unt.edu.ar\/typp\/wp-content\/uploads\/sites\/121\/2017\/03\/Tema-n\u00ba11-Maquinas-y-Herramientas-para-el-Mecanizado.doc\">Tema n\u00ba11 &#8211; Maquinas y Herramientas para el Mecanizado<\/a><\/p>\n<p>&nbsp;<\/p>\n<p><a href=\"https:\/\/catedras.facet.unt.edu.ar\/typp\/wp-content\/uploads\/sites\/121\/2017\/03\/Tema-n\u00ba12-Procesos-de-Soldadura.doc\">Tema n\u00ba12 &#8211; Procesos de Soldadura<\/a><\/p>\n<p>&nbsp;<\/p>\n<p><a href=\"https:\/\/catedras.facet.unt.edu.ar\/typp\/wp-content\/uploads\/sites\/121\/2017\/03\/Tema-n\u00ba13-Tratamientos-T\u00e9rmicos.doc\">Tema n\u00ba13 &#8211; Tratamientos T\u00e9rmicos<\/a><\/p>\n<p>&nbsp;<\/p>\n<p>&nbsp;<\/p>\n","protected":false},"excerpt":{"rendered":"<p>A continuaci\u00f3n, se adjunta el material provisto por la c\u00e1tedra: &nbsp; Tema n\u00ba1- Metalurgia extractiva y acero &nbsp; Tema n\u00ba2- Cobre Tema &nbsp; Tema n\u00ba3- Aluminio &nbsp; Tema n\u00ba4 &#8211; Fundici\u00f3n de metales &nbsp; Tema n\u00ba5 &#8211; Vidrio &nbsp; Tema n\u00ba6 &#8211; Conformado de materiales plasticos &nbsp; Tema n\u00ba7 &#8211; Metalurgia de Polvos_V2014 &nbsp; Tema [&hellip;]<\/p>\n","protected":false},"author":101314,"featured_media":0,"parent":0,"menu_order":0,"comment_status":"closed","ping_status":"closed","template":"","meta":[],"_links":{"self":[{"href":"https:\/\/catedras.facet.unt.edu.ar\/typp\/wp-json\/wp\/v2\/pages\/93"}],"collection":[{"href":"https:\/\/catedras.facet.unt.edu.ar\/typp\/wp-json\/wp\/v2\/pages"}],"about":[{"href":"https:\/\/catedras.facet.unt.edu.ar\/typp\/wp-json\/wp\/v2\/types\/page"}],"author":[{"embeddable":true,"href":"https:\/\/catedras.facet.unt.edu.ar\/typp\/wp-json\/wp\/v2\/users\/101314"}],"replies":[{"embeddable":true,"href":"https:\/\/catedras.facet.unt.edu.ar\/typp\/wp-json\/wp\/v2\/comments?post=93"}],"version-history":[{"count":7,"href":"https:\/\/catedras.facet.unt.edu.ar\/typp\/wp-json\/wp\/v2\/pages\/93\/revisions"}],"predecessor-version":[{"id":131,"href":"https:\/\/catedras.facet.unt.edu.ar\/typp\/wp-json\/wp\/v2\/pages\/93\/revisions\/131"}],"wp:attachment":[{"href":"https:\/\/catedras.facet.unt.edu.ar\/typp\/wp-json\/wp\/v2\/media?parent=93"}],"curies":[{"name":"wp","href":"https:\/\/api.w.org\/{rel}","templated":true}]}}