{"id":452,"date":"2020-03-19T12:43:59","date_gmt":"2020-03-19T15:43:59","guid":{"rendered":"https:\/\/catedras.facet.unt.edu.ar\/typp\/?page_id=452"},"modified":"2020-05-14T17:34:52","modified_gmt":"2020-05-14T20:34:52","slug":"solucion-trabajos-practicos","status":"publish","type":"page","link":"https:\/\/catedras.facet.unt.edu.ar\/typp\/solucion-trabajos-practicos\/","title":{"rendered":"Soluci\u00f3n Trabajos Pr\u00e1cticos"},"content":{"rendered":"<p><a href=\"https:\/\/catedras.facet.unt.edu.ar\/typp\/wp-content\/uploads\/sites\/121\/2020\/03\/Soluci\u00f3n-TP1.docx\">Soluci\u00f3n TP1<\/a><\/p>\n<p><a href=\"https:\/\/catedras.facet.unt.edu.ar\/typp\/wp-content\/uploads\/sites\/121\/2020\/03\/Soluci\u00f3n-TP2.docx\">Soluci\u00f3n TP2<\/a><\/p>\n<p><a href=\"https:\/\/catedras.facet.unt.edu.ar\/typp\/wp-content\/uploads\/sites\/121\/2020\/04\/Trabajo-Practico-N\u00ba3.pdf\">Soluci\u00f3n TP3<\/a><\/p>\n<p><a href=\"https:\/\/catedras.facet.unt.edu.ar\/typp\/wp-content\/uploads\/sites\/121\/2020\/04\/CamScanner-04-23-2020-11.38.34.pdf\">Soluci\u00f3n TP4<\/a><\/p>\n<p><a href=\"https:\/\/catedras.facet.unt.edu.ar\/typp\/wp-content\/uploads\/sites\/121\/2020\/04\/CamScanner-04-30-2020-11.47.20.pdf\">Soluci\u00f3n TP5<\/a><\/p>\n<p><a href=\"https:\/\/catedras.facet.unt.edu.ar\/typp\/wp-content\/uploads\/sites\/121\/2020\/05\/CamScanner-05-07-2020-14.28.35.pdf\">Soluci\u00f3n TP6<\/a><\/p>\n","protected":false},"excerpt":{"rendered":"<p>Soluci\u00f3n TP1 Soluci\u00f3n TP2 Soluci\u00f3n TP3 Soluci\u00f3n TP4 Soluci\u00f3n TP5 Soluci\u00f3n TP6<\/p>\n","protected":false},"author":101314,"featured_media":0,"parent":0,"menu_order":0,"comment_status":"closed","ping_status":"closed","template":"","meta":[],"_links":{"self":[{"href":"https:\/\/catedras.facet.unt.edu.ar\/typp\/wp-json\/wp\/v2\/pages\/452"}],"collection":[{"href":"https:\/\/catedras.facet.unt.edu.ar\/typp\/wp-json\/wp\/v2\/pages"}],"about":[{"href":"https:\/\/catedras.facet.unt.edu.ar\/typp\/wp-json\/wp\/v2\/types\/page"}],"author":[{"embeddable":true,"href":"https:\/\/catedras.facet.unt.edu.ar\/typp\/wp-json\/wp\/v2\/users\/101314"}],"replies":[{"embeddable":true,"href":"https:\/\/catedras.facet.unt.edu.ar\/typp\/wp-json\/wp\/v2\/comments?post=452"}],"version-history":[{"count":7,"href":"https:\/\/catedras.facet.unt.edu.ar\/typp\/wp-json\/wp\/v2\/pages\/452\/revisions"}],"predecessor-version":[{"id":470,"href":"https:\/\/catedras.facet.unt.edu.ar\/typp\/wp-json\/wp\/v2\/pages\/452\/revisions\/470"}],"wp:attachment":[{"href":"https:\/\/catedras.facet.unt.edu.ar\/typp\/wp-json\/wp\/v2\/media?parent=452"}],"curies":[{"name":"wp","href":"https:\/\/api.w.org\/{rel}","templated":true}]}}