{"id":2,"date":"2013-11-22T14:58:07","date_gmt":"2013-11-22T14:58:07","guid":{"rendered":"https:\/\/catedras.facet.unt.edu.ar\/sitio1\/?page_id=2"},"modified":"2017-12-22T11:11:38","modified_gmt":"2017-12-22T14:11:38","slug":"programa","status":"publish","type":"page","link":"https:\/\/catedras.facet.unt.edu.ar\/typp\/programa\/","title":{"rendered":"Programa"},"content":{"rendered":"<h1><strong><em>Tecnolog\u00edas y Procesos de Producci\u00f3n<\/em><\/strong><\/h1>\n<p>&nbsp;<\/p>\n<h2>PROGRAMA DE LA ASIGNATURA:<\/h2>\n<h2><\/h2>\n<p><strong>Tema n\u00ba1 \u2013 METALURGIA EXTRACTIVA Y ACERO<\/strong><\/p>\n<p>Metalurgia extractiva. Generalidades. Producci\u00f3n del Hierro y del Acero. Minerales del Hierro. Alto Horno. Principio de Funcionamiento y reacciones que se presentan en las distintas zonas del Alto Horno. Productos obtenidos. Hornos de Reducci\u00f3n Directa. Elaboraci\u00f3n de acero. Colada del Acero.<\/p>\n<p>&nbsp;<\/p>\n<p><strong>Tema n\u00ba2 \u2013 COBRE<\/strong><\/p>\n<p>Producci\u00f3n de Cobre. Minas de Cobre. Procesos Pirometal\u00fargicos. Afino Electrol\u00edtico. Hidrometalurgia del Cobre.<\/p>\n<p>&nbsp;<\/p>\n<p><strong>Tema n\u00ba3 \u2013 ALUMINIO<\/strong><\/p>\n<p>Producci\u00f3n del Aluminio. Mineral de Alumnio. Preparaci\u00f3n de la Al\u00famina (Procedimiento Bayer). Electr\u00f3lisis de la Al\u00famina.<\/p>\n<p>&nbsp;<\/p>\n<p><strong>Tema n\u00ba4 \u2013 FUNDICION DE METALES<\/strong><\/p>\n<p>Fundici\u00f3n de metales. Fundici\u00f3n en arena. Arena y tierras de moldeo. Distintos procedimientos de moldeo. Moldeo en c\u00e1scara. Fundici\u00f3n a la cera perdida. Fundici\u00f3n en coquilla. Fundici\u00f3n a presi\u00f3n. Fundici\u00f3n centrifugada. El taller de fundici\u00f3n. Horno cubilote y otros tipos de horno.<\/p>\n<p>&nbsp;<\/p>\n<p><strong>Tema n\u00ba5 \u2013 VIDRIO<\/strong><\/p>\n<p>Procesamiento del vidrio. Preparaci\u00f3n y funci\u00f3n de la mezcla vitrificable. Hornos de fusi\u00f3n. Modelado de piezas de vidrio por colado, centrifugado, prensado y soplado. Formado del vidrio plano y tubular. Formado de fibras de vidrio. Tratamiento t\u00e9rmico. Acabado.<\/p>\n<p>&nbsp;<\/p>\n<p><strong>Tema n\u00ba6 \u2013 CONFORMADO DE MATERIALES PL\u00c1STICOS<\/strong><\/p>\n<p>Procesos de conformado de pl\u00e1sticos y materiales compuestos. Extrusi\u00f3n: Propiedades de los pol\u00edmeros fundidos, procesos y equipos, c\u00e1lculo de un extrusor, extrusi\u00f3n de cubos, extrusi\u00f3n de film, extrusi\u00f3n y soplado de envases. Inyecci\u00f3n: Procesos y equipos, unidad de cierre, tipos de molde y tipos de colada. Procesamiento y formado del caucho y elast\u00f3meros. Materiales. Extrusi\u00f3n, calandrado, recubrimiento, moldeo y fusi\u00f3n. Vulcanizaci\u00f3n. Procesos de molde abierto: moldeo de resinas con fibra de vidrio.<\/p>\n<p>&nbsp;<\/p>\n<p><strong>Tema n\u00ba7 \u2013 METALURGIA DE POLVOS<\/strong><\/p>\n<p>Metalurgia de los polvos. Aplicaciones de la metalurgia de los polvos. Producci\u00f3n de polvos met\u00e1licos. Propiedades de los polvos. Mezclado. Prensado. Sinterizaci\u00f3n. Sinterizaci\u00f3n en fase l\u00edquida. Prensado en caliente. Laminado, extrusi\u00f3n y forjado de los polvos.<\/p>\n<p>&nbsp;<\/p>\n<p><strong>Tema n\u00ba8 \u2013 MATERIALES CER\u00c1MICOS<\/strong><\/p>\n<p>Procesamiento de productos cer\u00e1micos. Cer\u00e1micos tradicionales. Nuevos materiales cer\u00e1micos. Materiales compuestos de matriz met\u00e1lica. Materiales compuestos de matriz cer\u00e1mica.<\/p>\n<p>&nbsp;<\/p>\n<p><strong>Tema n\u00ba9 \u2013 FORMADO DE METALES<\/strong><\/p>\n<p>Formado de metales. Forja. Aplicaciones de la forja. Temperatura del forjado. Resistencia a la deformaci\u00f3n. Velocidad de deformaci\u00f3n. Estructura del material forjado. Forja libre. Forja con estampa. Martinetes y prensas. Laminaci\u00f3n. Generalidades del forjado. Calentamiento de los lingotes. Esfuerzos y deformaciones durante la laminaci\u00f3n. Trenes de laminaci\u00f3n. Laminaci\u00f3n de perfiles. Laminaci\u00f3n plana, etc. Extrusi\u00f3n.<\/p>\n<p>&nbsp;<\/p>\n<p><strong>Tema n\u00ba10 \u2013 METROLOG\u00cdA DIMENSIONAL Y TOLERANCIAS Y AJUSTES<\/strong><\/p>\n<p>Medici\u00f3n. Significado de la medici\u00f3n. Trazabilidad. Diferencia entre medici\u00f3n y verificaci\u00f3n. Unidades de medida. Errores de medici\u00f3n. Instrumentos de medici\u00f3n: Regla, Calibre, Micr\u00f3metros. Instrumentos de verificaci\u00f3n y control: Comparadores, Calibres prism\u00e1ticos. Tolerancias y Ajustes. Intercambiabilidad de las piezas, posici\u00f3n de la franja de tolerancia en las piezas, medida nominal, discrepancias. Sistemas de ajuste entre piezas, juego y apriete.<\/p>\n<p>&nbsp;<\/p>\n<p><strong>Tema n\u00ba11 \u2013 M\u00c1QUINAS Y HERRAMIENTAS PARA EL MECANIZADO<\/strong><\/p>\n<p>Herramientas para el mecanizado por arranque de viruta, forma de producirse el corte, condiciones y par\u00e1metros de corte. Materiales de las herramientas. Potencia de accionamiento de las m\u00e1quinas. M\u00e1quinas herramientas para el mecanizado de los metales. Tornos, fresadoras y perforadoras, sus caracter\u00edsticas principales, operaciones y tipos de mecanizado que realizan.<\/p>\n<p>&nbsp;<\/p>\n<p><strong>Tema n\u00ba12 &#8211;\u00a0 PROCESOS DE SOLDADURA<\/strong><\/p>\n<p>Soldadura aut\u00f3gena y el\u00e9ctrica. Equipos para soldar. Procesos de soldadura el\u00e9ctrica por resistencia y por arco. Soldabilidad de los aceros y metalurgia de las zonas soldadas.<\/p>\n<p>&nbsp;<\/p>\n<p><strong>Tema n\u00ba13 \u2013 TRATAMIENTOS T\u00c9RMICOS<\/strong><\/p>\n<p>Tratamientos t\u00e9rmicos. Generalidades y fines. Recocido, Temple, Revenido, Normalizado y Tratamientos isot\u00e9rmicos. Descripci\u00f3n de los procesos. Estructura y propiedades obtenidas. Endurecimiento superficial. Cementaci\u00f3n, Cianuraci\u00f3n, Carbonitruraci\u00f3n, Nitrocarburaci\u00f3n, Nitruraci\u00f3n. Determinaci\u00f3n del espesor de capa cementada y capa dura. Estructura. Propiedades. Atm\u00f3sferas empleadas en cada proceso. Descripci\u00f3n de los procesos.<\/p>\n<p>&nbsp;<\/p>\n<p>&nbsp;<\/p>\n<p>Ing. Daniel Borkosky<\/p>\n<p>&nbsp;<\/p>\n<p><a href=\"https:\/\/catedras.facet.unt.edu.ar\/typp\/wp-content\/uploads\/sites\/121\/2017\/12\/PROGRAMA-DE-LA-ASIGNATURA.doc\">PROGRAMA DE LA ASIGNATURA<\/a><\/p>\n","protected":false},"excerpt":{"rendered":"<p>Tecnolog\u00edas y Procesos de Producci\u00f3n &nbsp; PROGRAMA DE LA ASIGNATURA: Tema n\u00ba1 \u2013 METALURGIA EXTRACTIVA Y ACERO Metalurgia extractiva. Generalidades. Producci\u00f3n del Hierro y del Acero. Minerales del Hierro. Alto Horno. Principio de Funcionamiento y reacciones que se presentan en las distintas zonas del Alto Horno. Productos obtenidos. Hornos de Reducci\u00f3n Directa. Elaboraci\u00f3n de acero. [&hellip;]<\/p>\n","protected":false},"author":1,"featured_media":0,"parent":0,"menu_order":0,"comment_status":"closed","ping_status":"closed","template":"","meta":[],"_links":{"self":[{"href":"https:\/\/catedras.facet.unt.edu.ar\/typp\/wp-json\/wp\/v2\/pages\/2"}],"collection":[{"href":"https:\/\/catedras.facet.unt.edu.ar\/typp\/wp-json\/wp\/v2\/pages"}],"about":[{"href":"https:\/\/catedras.facet.unt.edu.ar\/typp\/wp-json\/wp\/v2\/types\/page"}],"author":[{"embeddable":true,"href":"https:\/\/catedras.facet.unt.edu.ar\/typp\/wp-json\/wp\/v2\/users\/1"}],"replies":[{"embeddable":true,"href":"https:\/\/catedras.facet.unt.edu.ar\/typp\/wp-json\/wp\/v2\/comments?post=2"}],"version-history":[{"count":13,"href":"https:\/\/catedras.facet.unt.edu.ar\/typp\/wp-json\/wp\/v2\/pages\/2\/revisions"}],"predecessor-version":[{"id":275,"href":"https:\/\/catedras.facet.unt.edu.ar\/typp\/wp-json\/wp\/v2\/pages\/2\/revisions\/275"}],"wp:attachment":[{"href":"https:\/\/catedras.facet.unt.edu.ar\/typp\/wp-json\/wp\/v2\/media?parent=2"}],"curies":[{"name":"wp","href":"https:\/\/api.w.org\/{rel}","templated":true}]}}