{"id":176,"date":"2017-03-28T10:53:29","date_gmt":"2017-03-28T13:53:29","guid":{"rendered":"https:\/\/catedras.facet.unt.edu.ar\/typp\/?page_id=176"},"modified":"2019-10-08T19:37:21","modified_gmt":"2019-10-08T22:37:21","slug":"cronograma","status":"publish","type":"page","link":"https:\/\/catedras.facet.unt.edu.ar\/typp\/cronograma\/","title":{"rendered":"Cronograma y Horarios"},"content":{"rendered":"<h1>Inicio de clases:<\/h1>\n<p>Inicio de actividades de la materia: segun Resolucion HCD Facet para 2020\u00a0 \u00a0Aula G &#8211; 3\u00ba Piso &#8211; Block 3<\/p>\n<h1>Evaluaci\u00f3n:<\/h1>\n<p><b>EVALUACI\u00d3N<\/b><strong>\u00a0PARCIAL: <\/strong>La fecha estimada del examen parcial es para el d\u00eda (2020).<\/p>\n<p><strong>RECUPERACI\u00d3N: <\/strong>La recuperaci\u00f3n del examen parcial esta programada para el d\u00eda (2020).<\/p>\n<p>Estas fechas pueden sufrir modificaciones, dependiendo del calendario.<\/p>\n<p>&nbsp;<\/p>\n<h2><strong>HORARIOS DE CLASES:<\/strong><\/h2>\n<p>Lunes 8:00 &#8211; 10:00 hs \u00a0 \u00a0 \u00a0 Block 4 &#8211; Planta Baja &#8211; AULA 03 \u00a0 \u00a0Clase Te\u00f3rica<\/p>\n<p>Jueves 15:00 &#8211; 17:00 hs \u00a0 \u00a0Block 3 &#8211; 3\u00ba Piso &#8211; AULA G \u00a0 \u00a0 \u00a0 \u00a0\u00a0 \u00a0 \u00a0Clase\u00a0Practica<\/p>\n<p>Jueves 17:00 &#8211; 19:00 hs \u00a0 \u00a0 Block 3 &#8211; 3\u00ba Piso &#8211; AULA G \u00a0 \u00a0 \u00a0 \u00a0 \u00a0 \u00a0Clase Te\u00f3rica<\/p>\n<p>&nbsp;<\/p>\n<h2>HORARIOS DE CONSULTA:<\/h2>\n<p>Lunes 10:00 &#8211; 12:00 hs<\/p>\n<p>Martes 17:00 &#8211; 20:00 hs<\/p>\n<p>Jueves 19:00 &#8211; 21:00 hs<\/p>\n<p>Otros dias a la tarde a convenir. Para fechas a partir del 1\u00ba de Noviembre a Convenir<\/p>\n<p>Las consultas se realizan en la oficina de la c\u00e1tedra, Block 4 &#8211; 2\u00ba Piso &#8211; Oficina 23<\/p>\n","protected":false},"excerpt":{"rendered":"<p>Inicio de clases: Inicio de actividades de la materia: segun Resolucion HCD Facet para 2020\u00a0 \u00a0Aula G &#8211; 3\u00ba Piso &#8211; Block 3 Evaluaci\u00f3n: EVALUACI\u00d3N\u00a0PARCIAL: La fecha estimada del examen parcial es para el d\u00eda (2020). RECUPERACI\u00d3N: La recuperaci\u00f3n del examen parcial esta programada para el d\u00eda (2020). Estas fechas pueden sufrir modificaciones, dependiendo del [&hellip;]<\/p>\n","protected":false},"author":101314,"featured_media":0,"parent":0,"menu_order":0,"comment_status":"closed","ping_status":"closed","template":"","meta":[],"_links":{"self":[{"href":"https:\/\/catedras.facet.unt.edu.ar\/typp\/wp-json\/wp\/v2\/pages\/176"}],"collection":[{"href":"https:\/\/catedras.facet.unt.edu.ar\/typp\/wp-json\/wp\/v2\/pages"}],"about":[{"href":"https:\/\/catedras.facet.unt.edu.ar\/typp\/wp-json\/wp\/v2\/types\/page"}],"author":[{"embeddable":true,"href":"https:\/\/catedras.facet.unt.edu.ar\/typp\/wp-json\/wp\/v2\/users\/101314"}],"replies":[{"embeddable":true,"href":"https:\/\/catedras.facet.unt.edu.ar\/typp\/wp-json\/wp\/v2\/comments?post=176"}],"version-history":[{"count":8,"href":"https:\/\/catedras.facet.unt.edu.ar\/typp\/wp-json\/wp\/v2\/pages\/176\/revisions"}],"predecessor-version":[{"id":395,"href":"https:\/\/catedras.facet.unt.edu.ar\/typp\/wp-json\/wp\/v2\/pages\/176\/revisions\/395"}],"wp:attachment":[{"href":"https:\/\/catedras.facet.unt.edu.ar\/typp\/wp-json\/wp\/v2\/media?parent=176"}],"curies":[{"name":"wp","href":"https:\/\/api.w.org\/{rel}","templated":true}]}}