{"id":123,"date":"2017-03-20T17:36:18","date_gmt":"2017-03-20T20:36:18","guid":{"rendered":"https:\/\/catedras.facet.unt.edu.ar\/typp\/?page_id=123"},"modified":"2019-11-11T09:53:12","modified_gmt":"2019-11-11T12:53:12","slug":"novedades","status":"publish","type":"page","link":"https:\/\/catedras.facet.unt.edu.ar\/typp\/novedades\/","title":{"rendered":"Novedades"},"content":{"rendered":"<p><strong>11\/06\/2019 NOTAS EXAMEN PARCIAL:<\/strong> A continuaci\u00f3n se adjuntan las notas de parcial examinado la semana pasada: <a href=\"https:\/\/catedras.facet.unt.edu.ar\/typp\/wp-content\/uploads\/sites\/121\/2019\/06\/notas2019.pdf\">notas2019<\/a><\/p>\n<p><b>11\/06\/2019 MUESTRA DE PARCIALES: <\/b>Ma\u00f1ana mi\u00e9rcoles 12\/06 a las 10 AM se mostraran los ex\u00e1menes en la c\u00e1tedra.<\/p>\n<p>24\/06\/2019 NOTAS RECUPERACION: A continuacion se adjuntan las notas de la recuperaci\u00f3n del examen integral<\/p>\n<p><a href=\"https:\/\/catedras.facet.unt.edu.ar\/typp\/wp-content\/uploads\/sites\/121\/2019\/06\/notas2019-RECUP.pdf\">notas2019 &#8211; RECUP<\/a><\/p>\n<p>&nbsp;<\/p>\n<p><strong>05\/08\/2019 UBICACI\u00d3N DE LA C\u00c1TEDRA:<\/strong> Para el pr\u00f3ximo turno de ex\u00e1menes regulares ( a partir de 5 de diciembre), la c\u00e1tedra estar\u00e1 en la oficina 3-3-19 (Block 3,\u00a0 mec\u00e1nica decanato &#8211; 3\u00b0 piso &#8211; oficina 19, c\u00e1tedra econom\u00eda)<\/p>\n<p>&nbsp;<\/p>\n","protected":false},"excerpt":{"rendered":"<p>11\/06\/2019 NOTAS EXAMEN PARCIAL: A continuaci\u00f3n se adjuntan las notas de parcial examinado la semana pasada: notas2019 11\/06\/2019 MUESTRA DE PARCIALES: Ma\u00f1ana mi\u00e9rcoles 12\/06 a las 10 AM se mostraran los ex\u00e1menes en la c\u00e1tedra. 24\/06\/2019 NOTAS RECUPERACION: A continuacion se adjuntan las notas de la recuperaci\u00f3n del examen integral notas2019 &#8211; RECUP &nbsp; 05\/08\/2019 [&hellip;]<\/p>\n","protected":false},"author":101314,"featured_media":0,"parent":0,"menu_order":0,"comment_status":"closed","ping_status":"closed","template":"","meta":[],"_links":{"self":[{"href":"https:\/\/catedras.facet.unt.edu.ar\/typp\/wp-json\/wp\/v2\/pages\/123"}],"collection":[{"href":"https:\/\/catedras.facet.unt.edu.ar\/typp\/wp-json\/wp\/v2\/pages"}],"about":[{"href":"https:\/\/catedras.facet.unt.edu.ar\/typp\/wp-json\/wp\/v2\/types\/page"}],"author":[{"embeddable":true,"href":"https:\/\/catedras.facet.unt.edu.ar\/typp\/wp-json\/wp\/v2\/users\/101314"}],"replies":[{"embeddable":true,"href":"https:\/\/catedras.facet.unt.edu.ar\/typp\/wp-json\/wp\/v2\/comments?post=123"}],"version-history":[{"count":66,"href":"https:\/\/catedras.facet.unt.edu.ar\/typp\/wp-json\/wp\/v2\/pages\/123\/revisions"}],"predecessor-version":[{"id":403,"href":"https:\/\/catedras.facet.unt.edu.ar\/typp\/wp-json\/wp\/v2\/pages\/123\/revisions\/403"}],"wp:attachment":[{"href":"https:\/\/catedras.facet.unt.edu.ar\/typp\/wp-json\/wp\/v2\/media?parent=123"}],"curies":[{"name":"wp","href":"https:\/\/api.w.org\/{rel}","templated":true}]}}