{"id":62,"date":"2016-08-09T18:12:40","date_gmt":"2016-08-09T21:12:40","guid":{"rendered":"https:\/\/catedras.facet.unt.edu.ar\/tcpip\/?page_id=62"},"modified":"2019-08-07T09:17:12","modified_gmt":"2019-08-07T12:17:12","slug":"reglamento-de-regularizacion-y-aprobacion","status":"publish","type":"page","link":"https:\/\/catedras.facet.unt.edu.ar\/tcpip\/descripcion-general\/reglamento-de-regularizacion-y-aprobacion\/","title":{"rendered":"Reglamento de Aprobaci\u00f3n"},"content":{"rendered":"<p><strong>Requisitos de Aprobaci\u00f3n (Promoci\u00f3n) del Curso:<\/strong><\/p>\n<p>&#8211; Deben obtener en cada hito el % m\u00ednimo de la tabla.<\/p>\n<p>&#8211; Asistencia a Pr\u00e1cticos y Laboratorios &gt;= 80%<\/p>\n<p><a href=\"https:\/\/catedras.facet.unt.edu.ar\/tcpip\/wp-content\/uploads\/sites\/105\/2018\/08\/Sin-t\u00edtulo-1.png\"><img loading=\"lazy\" class=\"size-full wp-image-485 aligncenter\" src=\"https:\/\/catedras.facet.unt.edu.ar\/tcpip\/wp-content\/uploads\/sites\/105\/2018\/08\/Sin-t\u00edtulo-1.png\" alt=\"\" width=\"914\" height=\"384\" \/><\/a><\/p>\n<p><a href=\"https:\/\/catedras.facet.unt.edu.ar\/tcpip\/wp-content\/uploads\/sites\/105\/2019\/08\/Rubricas.png\"><img loading=\"lazy\" class=\"alignnone size-full wp-image-636\" src=\"https:\/\/catedras.facet.unt.edu.ar\/tcpip\/wp-content\/uploads\/sites\/105\/2019\/08\/Rubricas.png\" alt=\"\" width=\"1142\" height=\"503\" srcset=\"https:\/\/catedras.facet.unt.edu.ar\/tcpip\/wp-content\/uploads\/sites\/105\/2019\/08\/Rubricas.png 1142w, https:\/\/catedras.facet.unt.edu.ar\/tcpip\/wp-content\/uploads\/sites\/105\/2019\/08\/Rubricas-300x132.png 300w, https:\/\/catedras.facet.unt.edu.ar\/tcpip\/wp-content\/uploads\/sites\/105\/2019\/08\/Rubricas-768x338.png 768w, https:\/\/catedras.facet.unt.edu.ar\/tcpip\/wp-content\/uploads\/sites\/105\/2019\/08\/Rubricas-1024x451.png 1024w\" sizes=\"(max-width: 1142px) 100vw, 1142px\" \/><\/a><\/p>\n<p style=\"padding-left: 30px;\">Ejemplo:<\/p>\n<ul>\n<li>Alumno 1: (no viene a teor\u00eda y saca las siguientes notas)\n<ul>\n<li>8 promedio en pr\u00e1cticos (&gt; 4,4)<\/li>\n<li>7 promedio en laboratorios (&gt; 4,3)<\/li>\n<li>9 en informe final (&gt; 4)<\/li>\n<li>6 promedio en Parcial 1 y Parcial 2 (&gt;=6)<\/li>\n<li>Nota final: 8*0,18+7*0,07+9*0,1+6*0,5 = 5,83<\/li>\n<\/ul>\n<\/li>\n<li>Alumno 2\n<ul>\n<li>9 en Quizes y TPS<\/li>\n<li>9 promedio en pr\u00e1cticos<\/li>\n<li>9 promedio en laboratorios<\/li>\n<li>9 en informe final<\/li>\n<li>8 promedio en Parcial 1 y Parcial 2<\/li>\n<li>Nota final: 9*0,15+9*0,18+9*0,07+9*0,1+8*0,5 = 8,5<\/li>\n<\/ul>\n<\/li>\n<\/ul>\n<p><a href=\"https:\/\/catedras.facet.unt.edu.ar\/tcpip\/wp-content\/uploads\/sites\/105\/2016\/08\/Reglamento.png\"><br \/>\n<img loading=\"lazy\" class=\"size-full wp-image-320 aligncenter\" src=\"https:\/\/catedras.facet.unt.edu.ar\/tcpip\/wp-content\/uploads\/sites\/105\/2016\/08\/Reglamento.png\" alt=\"\" width=\"645\" height=\"308\" \/><\/a><\/p>\n<p style=\"text-align: center;\"><span style=\"color: #ff0000;\"><b>NO SE OTORGAR\u00c1 NINGUNA EXCEPCI\u00d3N A ESTAS CONDICIONES<\/b>.<\/span><\/p>\n<p>&nbsp;<\/p>\n<p>&nbsp;<\/p>\n","protected":false},"excerpt":{"rendered":"<p>Requisitos de Aprobaci\u00f3n (Promoci\u00f3n) del Curso: &#8211; Deben obtener en cada hito el % m\u00ednimo de la tabla. &#8211; Asistencia a Pr\u00e1cticos y Laboratorios &gt;= 80% Ejemplo: Alumno 1: (no viene a teor\u00eda y saca las siguientes notas) 8 promedio en pr\u00e1cticos (&gt; 4,4) 7 promedio en laboratorios (&gt; 4,3) 9 en informe final (&gt; [&hellip;]<\/p>\n","protected":false},"author":101023,"featured_media":0,"parent":46,"menu_order":0,"comment_status":"closed","ping_status":"closed","template":"","meta":[],"_links":{"self":[{"href":"https:\/\/catedras.facet.unt.edu.ar\/tcpip\/wp-json\/wp\/v2\/pages\/62"}],"collection":[{"href":"https:\/\/catedras.facet.unt.edu.ar\/tcpip\/wp-json\/wp\/v2\/pages"}],"about":[{"href":"https:\/\/catedras.facet.unt.edu.ar\/tcpip\/wp-json\/wp\/v2\/types\/page"}],"author":[{"embeddable":true,"href":"https:\/\/catedras.facet.unt.edu.ar\/tcpip\/wp-json\/wp\/v2\/users\/101023"}],"replies":[{"embeddable":true,"href":"https:\/\/catedras.facet.unt.edu.ar\/tcpip\/wp-json\/wp\/v2\/comments?post=62"}],"version-history":[{"count":5,"href":"https:\/\/catedras.facet.unt.edu.ar\/tcpip\/wp-json\/wp\/v2\/pages\/62\/revisions"}],"predecessor-version":[{"id":637,"href":"https:\/\/catedras.facet.unt.edu.ar\/tcpip\/wp-json\/wp\/v2\/pages\/62\/revisions\/637"}],"up":[{"embeddable":true,"href":"https:\/\/catedras.facet.unt.edu.ar\/tcpip\/wp-json\/wp\/v2\/pages\/46"}],"wp:attachment":[{"href":"https:\/\/catedras.facet.unt.edu.ar\/tcpip\/wp-json\/wp\/v2\/media?parent=62"}],"curies":[{"name":"wp","href":"https:\/\/api.w.org\/{rel}","templated":true}]}}