{"id":58,"date":"2016-08-09T18:09:52","date_gmt":"2016-08-09T21:09:52","guid":{"rendered":"https:\/\/catedras.facet.unt.edu.ar\/tcpip\/?page_id=58"},"modified":"2019-08-08T08:46:33","modified_gmt":"2019-08-08T11:46:33","slug":"informes-de-encuestas","status":"publish","type":"page","link":"https:\/\/catedras.facet.unt.edu.ar\/tcpip\/descripcion-general\/informes-de-encuestas\/","title":{"rendered":"Informes de Encuestas"},"content":{"rendered":"<p>Se adjuntan los informes de encuestas de estudiantes y los respectivos planes de mejoras. Estas encuestas normalmente se imprimen y se publican en el transparente ubicado afuera del Laboratorio de Redes de Computadoras al final del cuatrimestre. Tambi\u00e9n son le\u00eddas el 1er d\u00eda de clase, junto con el plan de mejoras.<\/p>\n<p>&nbsp;<\/p>\n<p>Informe Encuestas 2014.<\/p>\n<p>Informe Encuestas 2015.<\/p>\n<p>Informe Encuestas 2016.<\/p>\n<p>Informe Encuestas 2017.<\/p>\n<p><a href=\"https:\/\/catedras.facet.unt.edu.ar\/tcpip\/wp-content\/uploads\/sites\/105\/2019\/08\/Encuestas-2018.pdf\" target=\"_blank\" rel=\"noopener noreferrer\">Informe Encuestas 2018<\/a>.<\/p>\n","protected":false},"excerpt":{"rendered":"<p>Se adjuntan los informes de encuestas de estudiantes y los respectivos planes de mejoras. Estas encuestas normalmente se imprimen y se publican en el transparente ubicado afuera del Laboratorio de Redes de Computadoras al final del cuatrimestre. Tambi\u00e9n son le\u00eddas el 1er d\u00eda de clase, junto con el plan de mejoras. &nbsp; Informe Encuestas 2014. [&hellip;]<\/p>\n","protected":false},"author":101023,"featured_media":0,"parent":46,"menu_order":0,"comment_status":"closed","ping_status":"closed","template":"","meta":[],"_links":{"self":[{"href":"https:\/\/catedras.facet.unt.edu.ar\/tcpip\/wp-json\/wp\/v2\/pages\/58"}],"collection":[{"href":"https:\/\/catedras.facet.unt.edu.ar\/tcpip\/wp-json\/wp\/v2\/pages"}],"about":[{"href":"https:\/\/catedras.facet.unt.edu.ar\/tcpip\/wp-json\/wp\/v2\/types\/page"}],"author":[{"embeddable":true,"href":"https:\/\/catedras.facet.unt.edu.ar\/tcpip\/wp-json\/wp\/v2\/users\/101023"}],"replies":[{"embeddable":true,"href":"https:\/\/catedras.facet.unt.edu.ar\/tcpip\/wp-json\/wp\/v2\/comments?post=58"}],"version-history":[{"count":5,"href":"https:\/\/catedras.facet.unt.edu.ar\/tcpip\/wp-json\/wp\/v2\/pages\/58\/revisions"}],"predecessor-version":[{"id":647,"href":"https:\/\/catedras.facet.unt.edu.ar\/tcpip\/wp-json\/wp\/v2\/pages\/58\/revisions\/647"}],"up":[{"embeddable":true,"href":"https:\/\/catedras.facet.unt.edu.ar\/tcpip\/wp-json\/wp\/v2\/pages\/46"}],"wp:attachment":[{"href":"https:\/\/catedras.facet.unt.edu.ar\/tcpip\/wp-json\/wp\/v2\/media?parent=58"}],"curies":[{"name":"wp","href":"https:\/\/api.w.org\/{rel}","templated":true}]}}