{"id":56,"date":"2016-08-09T18:08:59","date_gmt":"2016-08-09T21:08:59","guid":{"rendered":"https:\/\/catedras.facet.unt.edu.ar\/tcpip\/?page_id=56"},"modified":"2019-08-07T09:18:20","modified_gmt":"2019-08-07T12:18:20","slug":"horarios","status":"publish","type":"page","link":"https:\/\/catedras.facet.unt.edu.ar\/tcpip\/descripcion-general\/horarios\/","title":{"rendered":"Horarios"},"content":{"rendered":"<p><strong><span style=\"text-decoration: underline;\">Clases Te\u00f3ricas<\/span>:<\/strong><\/p>\n<p>Martes y jueves de 15:00 a 17:00 hs.<\/p>\n<p><strong><span style=\"text-decoration: underline;\">Clases Pr\u00e1cticas (Resoluci\u00f3n de Problemas)<\/span>:<\/strong><\/p>\n<p>Martes de 17:00 a 19:00 hs.<\/p>\n<p>Las clases pr\u00e1cticas son para una \u00fanica comisi\u00f3n. La semana en que se desarrollan trabajos de laboratorios no hay clases de resoluci\u00f3n de problemas.<\/p>\n<p>&nbsp;<\/p>\n<p><strong><span style=\"text-decoration: underline;\">Laboratorios<\/span>:<\/strong><\/p>\n<p>Comisi\u00f3n 1: martes de 17:00 a 19:00 hs<\/p>\n<p>Comisi\u00f3n 2: jueves \u00a0de 17:00 a 19:00 hs.<\/p>\n","protected":false},"excerpt":{"rendered":"<p>Clases Te\u00f3ricas: Martes y jueves de 15:00 a 17:00 hs. Clases Pr\u00e1cticas (Resoluci\u00f3n de Problemas): Martes de 17:00 a 19:00 hs. Las clases pr\u00e1cticas son para una \u00fanica comisi\u00f3n. La semana en que se desarrollan trabajos de laboratorios no hay clases de resoluci\u00f3n de problemas. &nbsp; Laboratorios: Comisi\u00f3n 1: martes de 17:00 a 19:00 hs [&hellip;]<\/p>\n","protected":false},"author":101023,"featured_media":0,"parent":46,"menu_order":0,"comment_status":"closed","ping_status":"closed","template":"","meta":[],"_links":{"self":[{"href":"https:\/\/catedras.facet.unt.edu.ar\/tcpip\/wp-json\/wp\/v2\/pages\/56"}],"collection":[{"href":"https:\/\/catedras.facet.unt.edu.ar\/tcpip\/wp-json\/wp\/v2\/pages"}],"about":[{"href":"https:\/\/catedras.facet.unt.edu.ar\/tcpip\/wp-json\/wp\/v2\/types\/page"}],"author":[{"embeddable":true,"href":"https:\/\/catedras.facet.unt.edu.ar\/tcpip\/wp-json\/wp\/v2\/users\/101023"}],"replies":[{"embeddable":true,"href":"https:\/\/catedras.facet.unt.edu.ar\/tcpip\/wp-json\/wp\/v2\/comments?post=56"}],"version-history":[{"count":4,"href":"https:\/\/catedras.facet.unt.edu.ar\/tcpip\/wp-json\/wp\/v2\/pages\/56\/revisions"}],"predecessor-version":[{"id":638,"href":"https:\/\/catedras.facet.unt.edu.ar\/tcpip\/wp-json\/wp\/v2\/pages\/56\/revisions\/638"}],"up":[{"embeddable":true,"href":"https:\/\/catedras.facet.unt.edu.ar\/tcpip\/wp-json\/wp\/v2\/pages\/46"}],"wp:attachment":[{"href":"https:\/\/catedras.facet.unt.edu.ar\/tcpip\/wp-json\/wp\/v2\/media?parent=56"}],"curies":[{"name":"wp","href":"https:\/\/api.w.org\/{rel}","templated":true}]}}