{"id":54,"date":"2016-08-09T18:08:23","date_gmt":"2016-08-09T21:08:23","guid":{"rendered":"https:\/\/catedras.facet.unt.edu.ar\/tcpip\/?page_id=54"},"modified":"2016-08-09T18:08:23","modified_gmt":"2016-08-09T21:08:23","slug":"docentes","status":"publish","type":"page","link":"https:\/\/catedras.facet.unt.edu.ar\/tcpip\/descripcion-general\/docentes\/","title":{"rendered":"Docentes"},"content":{"rendered":"<p><strong>Docentes asignados a la c\u00e1tedra:<\/strong><\/p>\n<p><em>Docente a Cargo:<\/em><\/p>\n<p>Ing. Sergio D. Saade<br \/>\nProfesor Titular<br \/>\n<a href=\"mailto:ssaade@herrera.unt.edu.ar\">ssaade@herrera.unt.edu.ar<\/a><\/p>\n<p>&nbsp;<\/p>\n<p><em>Auxiliares Docentes a Cargo:<\/em><\/p>\n<p>Ing.\u00a0Carlos Albaca Parav\u00e1n<br \/>\nJefe de Trabajos Pr\u00e1cticos<br \/>\n<a href=\"calbaca@herrera.unt.edu.ar\">calbaca@herrera.unt.edu.ar<\/a><\/p>\n<p>Ing. Federico H. Lutz<br \/>\nJefe de Trabajos Pr\u00e1cticos<br \/>\n<a href=\"mailto:fhlutz@gmail.com\">fhlutz@gmail.com<\/a><\/p>\n","protected":false},"excerpt":{"rendered":"<p>Docentes asignados a la c\u00e1tedra: Docente a Cargo: Ing. Sergio D. Saade Profesor Titular ssaade@herrera.unt.edu.ar &nbsp; Auxiliares Docentes a Cargo: Ing.\u00a0Carlos Albaca Parav\u00e1n Jefe de Trabajos Pr\u00e1cticos calbaca@herrera.unt.edu.ar Ing. Federico H. Lutz Jefe de Trabajos Pr\u00e1cticos fhlutz@gmail.com<\/p>\n","protected":false},"author":101023,"featured_media":0,"parent":46,"menu_order":0,"comment_status":"closed","ping_status":"closed","template":"","meta":[],"_links":{"self":[{"href":"https:\/\/catedras.facet.unt.edu.ar\/tcpip\/wp-json\/wp\/v2\/pages\/54"}],"collection":[{"href":"https:\/\/catedras.facet.unt.edu.ar\/tcpip\/wp-json\/wp\/v2\/pages"}],"about":[{"href":"https:\/\/catedras.facet.unt.edu.ar\/tcpip\/wp-json\/wp\/v2\/types\/page"}],"author":[{"embeddable":true,"href":"https:\/\/catedras.facet.unt.edu.ar\/tcpip\/wp-json\/wp\/v2\/users\/101023"}],"replies":[{"embeddable":true,"href":"https:\/\/catedras.facet.unt.edu.ar\/tcpip\/wp-json\/wp\/v2\/comments?post=54"}],"version-history":[{"count":1,"href":"https:\/\/catedras.facet.unt.edu.ar\/tcpip\/wp-json\/wp\/v2\/pages\/54\/revisions"}],"predecessor-version":[{"id":55,"href":"https:\/\/catedras.facet.unt.edu.ar\/tcpip\/wp-json\/wp\/v2\/pages\/54\/revisions\/55"}],"up":[{"embeddable":true,"href":"https:\/\/catedras.facet.unt.edu.ar\/tcpip\/wp-json\/wp\/v2\/pages\/46"}],"wp:attachment":[{"href":"https:\/\/catedras.facet.unt.edu.ar\/tcpip\/wp-json\/wp\/v2\/media?parent=54"}],"curies":[{"name":"wp","href":"https:\/\/api.w.org\/{rel}","templated":true}]}}