{"id":50,"date":"2016-08-09T18:07:06","date_gmt":"2016-08-09T21:07:06","guid":{"rendered":"https:\/\/catedras.facet.unt.edu.ar\/tcpip\/?page_id=50"},"modified":"2019-08-14T11:10:22","modified_gmt":"2019-08-14T14:10:22","slug":"consultas","status":"publish","type":"page","link":"https:\/\/catedras.facet.unt.edu.ar\/tcpip\/descripcion-general\/consultas\/","title":{"rendered":"Consultas"},"content":{"rendered":"<p>Ing. Sergio Saade (<a href=\"mailto:ssaade@herrera.unt.edu.ar\">ssaade@herrera.unt.edu.ar<\/a>)<br \/>\nConsultas Teor\u00eda: mi\u00e9rcoles de 8:30 a 10:00 hs.<br \/>\nLugar: Oficina 1-3-11.<\/p>\n<p>Ing. Federico Lutz (<a href=\"mailto:fhlutz@gmail.com\">fhlutz@gmail.com<\/a>)<br \/>\nConsultas Pr\u00e1cticos y Laboratorios: jueves de 17:00 a 18:00 hs. (cuando no haya pr\u00e1cticos) \u00f3 viernes 16:30 hs en adelante (a pedido).<br \/>\nLugar: Oficina 1-2-18 o Laboratorio de Redes de Computadoras.<\/p>\n<p>Ing. Carlos Albaca Parav\u00e1n\u00a0(<a href=\"mailto:calbaca@herrera.unt.edu.ar\">calbaca@herrera.unt.edu.ar<\/a>)<br \/>\nConsultas Pr\u00e1cticos y Laboratorios: martes de 08:30 a 10:00 hs.<br \/>\nLugar: Oficina 1-3-11\u00a0o Laboratorio de Redes de Computadoras.<\/p>\n<p>&nbsp;<\/p>\n<p>Se pueden coordinar consultas fuera de horario por e-mail.<\/p>\n","protected":false},"excerpt":{"rendered":"<p>Ing. Sergio Saade (ssaade@herrera.unt.edu.ar) Consultas Teor\u00eda: mi\u00e9rcoles de 8:30 a 10:00 hs. Lugar: Oficina 1-3-11. Ing. Federico Lutz (fhlutz@gmail.com) Consultas Pr\u00e1cticos y Laboratorios: jueves de 17:00 a 18:00 hs. (cuando no haya pr\u00e1cticos) \u00f3 viernes 16:30 hs en adelante (a pedido). Lugar: Oficina 1-2-18 o Laboratorio de Redes de Computadoras. Ing. Carlos Albaca Parav\u00e1n\u00a0(calbaca@herrera.unt.edu.ar) Consultas [&hellip;]<\/p>\n","protected":false},"author":101023,"featured_media":0,"parent":46,"menu_order":0,"comment_status":"closed","ping_status":"closed","template":"","meta":[],"_links":{"self":[{"href":"https:\/\/catedras.facet.unt.edu.ar\/tcpip\/wp-json\/wp\/v2\/pages\/50"}],"collection":[{"href":"https:\/\/catedras.facet.unt.edu.ar\/tcpip\/wp-json\/wp\/v2\/pages"}],"about":[{"href":"https:\/\/catedras.facet.unt.edu.ar\/tcpip\/wp-json\/wp\/v2\/types\/page"}],"author":[{"embeddable":true,"href":"https:\/\/catedras.facet.unt.edu.ar\/tcpip\/wp-json\/wp\/v2\/users\/101023"}],"replies":[{"embeddable":true,"href":"https:\/\/catedras.facet.unt.edu.ar\/tcpip\/wp-json\/wp\/v2\/comments?post=50"}],"version-history":[{"count":8,"href":"https:\/\/catedras.facet.unt.edu.ar\/tcpip\/wp-json\/wp\/v2\/pages\/50\/revisions"}],"predecessor-version":[{"id":644,"href":"https:\/\/catedras.facet.unt.edu.ar\/tcpip\/wp-json\/wp\/v2\/pages\/50\/revisions\/644"}],"up":[{"embeddable":true,"href":"https:\/\/catedras.facet.unt.edu.ar\/tcpip\/wp-json\/wp\/v2\/pages\/46"}],"wp:attachment":[{"href":"https:\/\/catedras.facet.unt.edu.ar\/tcpip\/wp-json\/wp\/v2\/media?parent=50"}],"curies":[{"name":"wp","href":"https:\/\/api.w.org\/{rel}","templated":true}]}}