{"id":46,"date":"2016-08-09T18:05:17","date_gmt":"2016-08-09T21:05:17","guid":{"rendered":"https:\/\/catedras.facet.unt.edu.ar\/tcpip\/?page_id=46"},"modified":"2016-08-09T19:34:46","modified_gmt":"2016-08-09T22:34:46","slug":"descripcion-general","status":"publish","type":"page","link":"https:\/\/catedras.facet.unt.edu.ar\/tcpip\/descripcion-general\/","title":{"rendered":"Descripci\u00f3n General"},"content":{"rendered":"<h3>Objetivos de la Asignatura:<\/h3>\n<p>Al aprobar la asignatura, los estudiantes estar\u00e1n en condiciones de:<\/p>\n<p>\u2022\u00a0Conocer la metodolog\u00eda utilizada en el funcionamiento de protocolos de comunicaci\u00f3n en general.<\/p>\n<p>\u2022\u00a0Describir con precisi\u00f3n la funcionalidad de los protocolos m\u00e1s importantes de la suite TCP\/IP.<\/p>\n<p>\u2022\u00a0Realizar la planificaci\u00f3n, dise\u00f1o e implementaci\u00f3n de protocolos en redes LAN, WAN e Internet.<\/p>\n<p>\u2022\u00a0Realizar programas de aplicaciones distribuidas que utilizan TCP\/IP como protocolo de comunicaci\u00f3n.<\/p>\n<p>\u2022\u00a0Conocer aspectos de seguridad en redes de comunicaciones que utilizan TCP\/IP como transporte.<\/p>\n<p>&nbsp;<\/p>\n<h3>Identificaci\u00f3n de la Asignatura:<\/h3>\n<p>Nombre: Protocolos de Comunicaci\u00f3n TCP\/IP.<\/p>\n<p>Carrera: Ingenier\u00eda en Computaci\u00f3n Depto. de Electricidad, Electr\u00f3nica y Computaci\u00f3n Fac. Ciencias Exactas y Tecnolog\u00eda &#8211; Universidad Nacional de Tucum\u00e1n.<\/p>\n<p>Tipo de Asignatura: Profesional Obligatoria.<\/p>\n<p>&nbsp;<\/p>\n<h3>Correlativas:<\/h3>\n<p><strong>Asignaturas Correlativas Ante-Precedentes:\u00a0<\/strong>(Aprobada\u00a0p\/cursar) Fundamentos de Redes de Computadoras.<\/p>\n<p><strong>M\u00f3dulo de Dictado:\u00a0<\/strong>M\u00f3dulo VIII (Segundo semestre &#8211; 4to a\u00f1o).<\/p>\n<p>&nbsp;<\/p>\n<h3>Docente a Cargo del Dictado:<\/h3>\n<p>Ing. Sergio D. Saade (ssaade@herrera.unt.edu.ar).<\/p>\n<p>&nbsp;<\/p>\n<h3>Docentes a Cargo de Trabajos Pr\u00e1cticos:<\/h3>\n<p>Ing. Federico Lutz (fhlutz@gmail.com).<\/p>\n<p>Ing. Carlos Albaca Parav\u00e1n (calbaca@herrera.unt.edu.ar).<\/p>\n","protected":false},"excerpt":{"rendered":"<p>Objetivos de la Asignatura: Al aprobar la asignatura, los estudiantes estar\u00e1n en condiciones de: \u2022\u00a0Conocer la metodolog\u00eda utilizada en el funcionamiento de protocolos de comunicaci\u00f3n en general. \u2022\u00a0Describir con precisi\u00f3n la funcionalidad de los protocolos m\u00e1s importantes de la suite TCP\/IP. \u2022\u00a0Realizar la planificaci\u00f3n, dise\u00f1o e implementaci\u00f3n de protocolos en redes LAN, WAN e Internet. [&hellip;]<\/p>\n","protected":false},"author":101023,"featured_media":0,"parent":0,"menu_order":0,"comment_status":"closed","ping_status":"closed","template":"","meta":[],"_links":{"self":[{"href":"https:\/\/catedras.facet.unt.edu.ar\/tcpip\/wp-json\/wp\/v2\/pages\/46"}],"collection":[{"href":"https:\/\/catedras.facet.unt.edu.ar\/tcpip\/wp-json\/wp\/v2\/pages"}],"about":[{"href":"https:\/\/catedras.facet.unt.edu.ar\/tcpip\/wp-json\/wp\/v2\/types\/page"}],"author":[{"embeddable":true,"href":"https:\/\/catedras.facet.unt.edu.ar\/tcpip\/wp-json\/wp\/v2\/users\/101023"}],"replies":[{"embeddable":true,"href":"https:\/\/catedras.facet.unt.edu.ar\/tcpip\/wp-json\/wp\/v2\/comments?post=46"}],"version-history":[{"count":2,"href":"https:\/\/catedras.facet.unt.edu.ar\/tcpip\/wp-json\/wp\/v2\/pages\/46\/revisions"}],"predecessor-version":[{"id":100,"href":"https:\/\/catedras.facet.unt.edu.ar\/tcpip\/wp-json\/wp\/v2\/pages\/46\/revisions\/100"}],"wp:attachment":[{"href":"https:\/\/catedras.facet.unt.edu.ar\/tcpip\/wp-json\/wp\/v2\/media?parent=46"}],"curies":[{"name":"wp","href":"https:\/\/api.w.org\/{rel}","templated":true}]}}