{"id":69,"date":"2016-08-03T00:18:08","date_gmt":"2016-08-03T03:18:08","guid":{"rendered":"https:\/\/catedras.facet.unt.edu.ar\/sistemasoperativos\/?page_id=69"},"modified":"2025-08-17T20:20:52","modified_gmt":"2025-08-17T23:20:52","slug":"horarios","status":"publish","type":"page","link":"https:\/\/catedras.facet.unt.edu.ar\/sistemasoperativos\/horarios\/","title":{"rendered":"Horarios"},"content":{"rendered":"<p><strong>Clases Te\u00f3ricas:<\/strong> Martes y Jueves de 19h a 21h<\/p>\n<p><strong>Clases Pr\u00e1cticas o Laboratorios:<\/strong> Mi\u00e9rcoles y\/o Viernes de 16h a 18h<\/p>\n<p><strong>Clases de Consulta de Teor\u00eda:<\/strong> A definir<\/p>\n<p><strong>Clases de Consulta de Pr\u00e1ctica:<\/strong> A definir<\/p>\n","protected":false},"excerpt":{"rendered":"<p>Clases Te\u00f3ricas: Martes y Jueves de 19h a 21h Clases Pr\u00e1cticas o Laboratorios: Mi\u00e9rcoles y\/o Viernes de 16h a 18h Clases de Consulta de Teor\u00eda: A definir Clases de Consulta de Pr\u00e1ctica: A definir<\/p>\n","protected":false},"author":101025,"featured_media":0,"parent":0,"menu_order":4,"comment_status":"closed","ping_status":"closed","template":"templates\/template-full.php","meta":[],"_links":{"self":[{"href":"https:\/\/catedras.facet.unt.edu.ar\/sistemasoperativos\/wp-json\/wp\/v2\/pages\/69"}],"collection":[{"href":"https:\/\/catedras.facet.unt.edu.ar\/sistemasoperativos\/wp-json\/wp\/v2\/pages"}],"about":[{"href":"https:\/\/catedras.facet.unt.edu.ar\/sistemasoperativos\/wp-json\/wp\/v2\/types\/page"}],"author":[{"embeddable":true,"href":"https:\/\/catedras.facet.unt.edu.ar\/sistemasoperativos\/wp-json\/wp\/v2\/users\/101025"}],"replies":[{"embeddable":true,"href":"https:\/\/catedras.facet.unt.edu.ar\/sistemasoperativos\/wp-json\/wp\/v2\/comments?post=69"}],"version-history":[{"count":9,"href":"https:\/\/catedras.facet.unt.edu.ar\/sistemasoperativos\/wp-json\/wp\/v2\/pages\/69\/revisions"}],"predecessor-version":[{"id":672,"href":"https:\/\/catedras.facet.unt.edu.ar\/sistemasoperativos\/wp-json\/wp\/v2\/pages\/69\/revisions\/672"}],"wp:attachment":[{"href":"https:\/\/catedras.facet.unt.edu.ar\/sistemasoperativos\/wp-json\/wp\/v2\/media?parent=69"}],"curies":[{"name":"wp","href":"https:\/\/api.w.org\/{rel}","templated":true}]}}