{"id":88,"date":"2015-12-02T09:46:30","date_gmt":"2015-12-02T12:46:30","guid":{"rendered":"https:\/\/catedras.facet.unt.edu.ar\/sistemasdecontrol\/?page_id=88"},"modified":"2025-07-03T02:34:21","modified_gmt":"2025-07-03T05:34:21","slug":"descargas","status":"publish","type":"page","link":"https:\/\/catedras.facet.unt.edu.ar\/sistemasdecontrol\/descargas\/","title":{"rendered":"Descargas"},"content":{"rendered":"<p><a href=\"https:\/\/catedras.facet.unt.edu.ar\/sistemasdecontrol\/wp-content\/uploads\/sites\/101\/2015\/12\/Programa-de-Sistemas-de-control_Plan-2004.pdf\">Programa de la asignatura<\/a><\/p>\n<p><strong>Teor\u00eda:<\/strong><br \/>\nLas clases ser\u00e1n subidas al sitio a medida que avanza el dictado de la materia.<\/p>\n<p><a href=\"https:\/\/catedras.facet.unt.edu.ar\/sistemasdecontrol\/wp-content\/uploads\/sites\/101\/2022\/03\/TEO-01-Generalidades_2022.pdf\">Clase 1-Sistemas de Control_Generalidades_Fecha 14\/03\/2022<\/a><\/p>\n<p><a href=\"https:\/\/catedras.facet.unt.edu.ar\/sistemasdecontrol\/wp-content\/uploads\/sites\/101\/2022\/03\/TEO-02_Introduccion-al-modelado-y-analisis-de-sistemas_2022.pdf\">Clase 2-Introducci\u00f3n al modelado y an\u00e1lisis de sistemas_Fecha 17\/03\/2022<\/a><\/p>\n<p><a href=\"https:\/\/catedras.facet.unt.edu.ar\/sistemasdecontrol\/wp-content\/uploads\/sites\/101\/2022\/03\/TEO-03-Caracteristicas-de-un-proceso_2022.pdf\">Clase 3-Caracter\u00edsticas de un proceso_Fecha 31\/03\/2022<\/a><\/p>\n<p><a href=\"https:\/\/catedras.facet.unt.edu.ar\/sistemasdecontrol\/wp-content\/uploads\/sites\/101\/2022\/04\/TEO-04-Analisis-de-respuestas-transitorias_Sistemas-de-2do-Orden_2022.pdf\">Clase 4-An\u00e1lisis de Sistemas de 2do Orden_Fecha_21\/04\/2022<\/a><\/p>\n<p><a href=\"https:\/\/catedras.facet.unt.edu.ar\/sistemasdecontrol\/wp-content\/uploads\/sites\/101\/2022\/04\/TEO-05-Acciones-de-Control_2022.pdf\">Clase 5-Acciones de Control_Fecha 28\/04\/2022<\/a><\/p>\n<p><a href=\"https:\/\/catedras.facet.unt.edu.ar\/sistemasdecontrol\/wp-content\/uploads\/sites\/101\/2022\/05\/TEO-06-Sintonizacion-de-Controladores-Industriales_2022.pdf\">Clase 6-Sintonizaci\u00f3n de controladores_Fecha 05\/05\/2022<\/a><\/p>\n<p><a href=\"https:\/\/catedras.facet.unt.edu.ar\/sistemasdecontrol\/wp-content\/uploads\/sites\/101\/2020\/05\/TEO-07-2020.pdf\">Clase 7-Elementos de controles autom\u00e1ticos industriales_Fecha 28\/05\/2020<\/a><\/p>\n<p><a href=\"https:\/\/catedras.facet.unt.edu.ar\/sistemasdecontrol\/wp-content\/uploads\/sites\/101\/2023\/06\/8_Valvulas-de-control_-2023.pdf\">Clase 8-V\u00e1lvulas de control &#8211; Fecha 29\/06\/2023<\/a><\/p>\n<p><a href=\"https:\/\/catedras.facet.unt.edu.ar\/sistemasdecontrol\/wp-content\/uploads\/sites\/101\/2022\/06\/Protocolos_de_Comunicacion_Industrial.pdf\">Clase 9 &#8211; Protocolos de Comunicaci\u00f3n Industrial_Fecha 12\/05\/2022<\/a><\/p>\n<p><a href=\"https:\/\/catedras.facet.unt.edu.ar\/sistemasdecontrol\/wp-content\/uploads\/sites\/101\/2022\/06\/Automatas_Programables.pdf\">Clase 10 &#8211; Aut\u00f3matas Programables_Fecha 19\/05\/2022<\/a><\/p>\n<p><a href=\"https:\/\/catedras.facet.unt.edu.ar\/sistemasdecontrol\/wp-content\/uploads\/sites\/101\/2021\/06\/TEO-09-2021.pdf\">Clase 11 &#8211; Sistemas de control avanzados-Normas de representaci\u00f3n_Fecha 06\/07\/2023<\/a><\/p>\n<p><a href=\"https:\/\/catedras.facet.unt.edu.ar\/sistemasdecontrol\/wp-content\/uploads\/sites\/101\/2021\/06\/TEO-10-2021-1.pdf\">Clase 12 &#8211; Sistemas de control en hornos y calderas de vapor_Fecha 06\/07\/2023<\/a><\/p>\n<p><strong>Pr\u00e1ctica:<\/strong><br \/>\nLos enunciados de los trabajos pr\u00e1cticos, ser\u00e1n subidos al sitio a medida que avanza el dictado de la materia.<\/p>\n<p><a href=\"https:\/\/catedras.facet.unt.edu.ar\/sistemasdecontrol\/t-p-no1_respuesta-de-sistemas-de-primer-y-segundo-orden_2025\/\">Trabajo Pr\u00e1ctico N\u00ba1-Fecha 08\/04\/2025<\/a><\/p>\n<p><a href=\"https:\/\/catedras.facet.unt.edu.ar\/sistemasdecontrol\/t-p-no2_acciones-de-control-sintonizacion_2025\/\">Trabajo Pr\u00e1ctico N\u00ba2-Fecha 06\/06\/2025<\/a><\/p>\n<p><a href=\"https:\/\/catedras.facet.unt.edu.ar\/sistemasdecontrol\/t-p-no3_valvulas-de-control_2025\/\">Trabajo Pr\u00e1ctico N\u00ba3-Fecha 19\/06\/2025<\/a><br \/>\n<a href=\"https:\/\/catedras.facet.unt.edu.ar\/sistemasdecontrol\/wp-content\/uploads\/sites\/101\/2024\/06\/T.P.N\u00b04-Valvulas-de-control_2024.pdf\">Trabajo Pr\u00e1ctico N\u00ba4-Fecha 13\/06\/2024<\/a><br \/>\n<a href=\"https:\/\/catedras.facet.unt.edu.ar\/sistemasdecontrol\/t-p-no5_sistemas-de-control-avanzados_2024\/\">Trabajo Pr\u00e1ctico N\u00ba5-Fecha 27\/06\/2024<\/a><\/p>\n<p><strong>Gr\u00e1ficos y Tablas:<\/strong><\/p>\n<p><a href=\"https:\/\/catedras.facet.unt.edu.ar\/sistemasdecontrol\/wp-content\/uploads\/sites\/101\/2015\/12\/GR01-Moody.png\" target=\"_blank\" rel=\"noopener noreferrer\">Gr\u00e1fico 1: Diagrama de Moody.<\/a><br \/>\n<a href=\"https:\/\/catedras.facet.unt.edu.ar\/sistemasdecontrol\/wp-content\/uploads\/sites\/101\/2015\/12\/GR02-Viscocidad-Temperatura-para-fueloils-comerciales.pdf\">Gr\u00e1fico 2: Viscocidad-Temperatura para Fuel Oils comerciales.<\/a><br \/>\n<a href=\"https:\/\/catedras.facet.unt.edu.ar\/sistemasdecontrol\/wp-content\/uploads\/sites\/101\/2015\/12\/GR03-Viscocidad-Temperatura-para-diferentes-combustibles.pdf\">Gr\u00e1fico 3: Viscocidad-Temperatura para combustibles derivados del petr\u00f3leo.<\/a><br \/>\n<a href=\"https:\/\/catedras.facet.unt.edu.ar\/sistemasdecontrol\/wp-content\/uploads\/sites\/101\/2015\/12\/GR04-Curvas-de-saturaci\u00f3n-de-algunas-sustancias.pdf\">Gr\u00e1fico 4: Curvas de saturaci\u00f3n de algunas sustancias.<\/a><br \/>\n<a href=\"https:\/\/catedras.facet.unt.edu.ar\/sistemasdecontrol\/wp-content\/uploads\/sites\/101\/2015\/12\/GR05-Propiedades-pseudocr\u00edticas-del-gas-natual.jpg\" target=\"_blank\" rel=\"noopener noreferrer\">Gr\u00e1fico 5: Propiedades pseudocriticas para gas natural.<\/a><br \/>\n<a href=\"https:\/\/catedras.facet.unt.edu.ar\/sistemasdecontrol\/wp-content\/uploads\/sites\/101\/2015\/12\/GR06-Factor-de-compresibilidad-para-gas-natural.jpg\" target=\"_blank\" rel=\"noopener noreferrer\">Gr\u00e1fico 6: Factor de compresibilidad para gas natural.<\/a><\/p>\n<p><a href=\"https:\/\/catedras.facet.unt.edu.ar\/sistemasdecontrol\/wp-content\/uploads\/sites\/101\/2015\/12\/TB01-Tabla-de-conversi\u00f3n-de-unidades-de-viscocidad.jpg\" target=\"_blank\" rel=\"noopener noreferrer\">Tabla 1: Conversi\u00f3n de unidades de viscosidad.<\/a><br \/>\n<a href=\"https:\/\/catedras.facet.unt.edu.ar\/sistemasdecontrol\/wp-content\/uploads\/sites\/101\/2015\/12\/TB02-Viscosidad-Temperatura-para-soluciones-azucaradas.pdf\">Tabla 2: Viscosidad-Temperatura para soluciones azucaradas.<\/a><br \/>\n<a href=\"https:\/\/catedras.facet.unt.edu.ar\/sistemasdecontrol\/wp-content\/uploads\/sites\/101\/2015\/12\/TB03-Viscosidad-Temp-para-melazas-de-f\u00e1bricas-de-az\u00faca.jpg\" target=\"_blank\" rel=\"noopener noreferrer\">Tabla 3: Viscosidad-Temperatura para melazas de f\u00e1bricas de az\u00facar de ca\u00f1a.<\/a><br \/>\n<a href=\"https:\/\/catedras.facet.unt.edu.ar\/sistemasdecontrol\/wp-content\/uploads\/sites\/101\/2015\/12\/TB04-Composici\u00f3n-elemental-del-gas-natural-de-Tucum\u00e1n.jpg\" target=\"_blank\" rel=\"noopener noreferrer\">Tabla 4: Datos caracter\u00edsticos del gas natural de Tucum\u00e1n.<\/a><br \/>\n<a href=\"https:\/\/catedras.facet.unt.edu.ar\/sistemasdecontrol\/wp-content\/uploads\/sites\/101\/2015\/12\/TB05-Tubos-de-acero-al-carbono-de-calidad-comercial.jpg\" target=\"_blank\" rel=\"noopener noreferrer\">Tabla 5: Tubos de acero al carbono calidad comercial. Velocidades medias orientativas para flujos de fluidos en ca\u00f1er\u00edas. P\u00e9rdidas de carga en accesorios.<\/a><br \/>\n<a href=\"https:\/\/catedras.facet.unt.edu.ar\/sistemasdecontrol\/wp-content\/uploads\/sites\/101\/2015\/12\/TB06-Propiedades-f\u00edsicas-del-agua.jpg\" target=\"_blank\" rel=\"noopener noreferrer\">Tabla 6: Propiedades f\u00edsicas del agua.<\/a><br \/>\n<a href=\"https:\/\/catedras.facet.unt.edu.ar\/sistemasdecontrol\/wp-content\/uploads\/sites\/101\/2015\/12\/TB07-Elementos-b\u00e1sicos-de-procesos.-Caracter\u00edsticas-din\u00e1micas.pdf\">Tabla 7: Elementos b\u00e1sicos de procesos. Caracter\u00edsticas din\u00e1micas.<\/a><br \/>\n<a href=\"https:\/\/catedras.facet.unt.edu.ar\/sistemasdecontrol\/wp-content\/uploads\/sites\/101\/2015\/12\/TB08-Elementos-capacitivos.-Constante-de-tiempo-T.pdf\">Tabla 8: Elementos capacitivos. Constante de tiempo T.<\/a><\/p>\n<p><strong>Apuntes:<\/strong><\/p>\n<p><a href=\"https:\/\/catedras.facet.unt.edu.ar\/sistemasdecontrol\/wp-content\/uploads\/sites\/101\/2015\/12\/AP01-Introducci\u00f3n-a-la-automatizaci\u00f3n-Ing-Carlos-Aguero.pdf\">1- Curso de introducci\u00f3n a la automatizaci\u00f3n industrial, Ing. Carlos J. Ag\u00fcero.<\/a><br \/>\n<a href=\"https:\/\/catedras.facet.unt.edu.ar\/sistemasdecontrol\/wp-content\/uploads\/sites\/101\/2015\/12\/AP02-Medici\u00f3n-de-densidad-de-l\u00edquidos-UNT.pdf\">2- Pr\u00e1ctica de laboratorio: medici\u00f3n de densidad de l\u00edquidos.<\/a><br \/>\n<a href=\"https:\/\/catedras.facet.unt.edu.ar\/sistemasdecontrol\/wp-content\/uploads\/sites\/101\/2015\/12\/AP03-Medici\u00f3n-de-nivel-de-agua-en-domos-de-calderas-UNT.pdf\">3- Pr\u00e1ctica de laboratorio: medici\u00f3n de nivel en domos de calderas de vapor.<\/a><br \/>\n4- Sistemas de control aplicados a una columna de destilaci\u00f3n.<br \/>\n5- Sistemas de tanques interactivos y no interactivos.<br \/>\n6- Aplicaci\u00f3n FieldBus en la automatizaci\u00f3n de calderas de vapor.<br \/>\n7- C\u00e1lculo de placas orificio \u2013 ISO 5167.<br \/>\n8- Sintonizaci\u00f3n de controladores de procesos.<br \/>\n<a href=\"https:\/\/catedras.facet.unt.edu.ar\/sistemasdecontrol\/wp-content\/uploads\/sites\/101\/2015\/12\/AP08.1-CStation1.zip\">8-1 Software de simulaci\u00f3n \u201cControl Station\u201d (versi\u00f3n libre).<\/a><br \/>\n<a href=\"https:\/\/catedras.facet.unt.edu.ar\/sistemasdecontrol\/wp-content\/uploads\/sites\/101\/2015\/12\/AP08.2-Control-Station-Enhancing-Process-Control.pdf\">8-2 Art\u00edculo \u201cEnhancing process control education with the Control Station Training Simulator\u201d, por Doug Cooper, et al (1999).<\/a><br \/>\n9- Sistemas de control aplicados a sistemas de evaporaci\u00f3n.<br \/>\n<a href=\"https:\/\/catedras.facet.unt.edu.ar\/sistemasdecontrol\/wp-content\/uploads\/sites\/101\/2015\/12\/AP10-Estructura-interna-b\u00e1sica-de-un-controlador-PID.jpg\" target=\"_blank\" rel=\"noopener noreferrer\">10- Diagrama adicional Clase N\u00ba9: Estructura interna b\u00e1sica de un controlador PID.<\/a><br \/>\n<a href=\"https:\/\/catedras.facet.unt.edu.ar\/sistemasdecontrol\/wp-content\/uploads\/sites\/101\/2015\/12\/AP11-Control-de-Cocimientos-de-az\u00facar-Ing-Golato-Sep-2014.pdf\">11- Sistemas de control de cocimientos de az\u00facar_Sept 2014.<\/a><br \/>\n<a href=\"https:\/\/catedras.facet.unt.edu.ar\/sistemasdecontrol\/wp-content\/uploads\/sites\/101\/2015\/12\/AP12-Cristalizaci\u00f3n-de-az\u00facar-por-enfriamiento-Dr-F\u00e9lix-Juan-Dom\u00ednguez-Alonso.pdf\">12- Caracterizaci\u00f3n Industrial del proceso de cristalizaci\u00f3n de az\u00facar por enfriamiento. Dr. F\u00e9lix Juan Dom\u00ednguez Alonso. Universidad de Matanzas Facultad de Ingenier\u00edas Qu\u00edmica-Mec\u00e1nica. Matanzas. Cuba. 2004.<\/a><br \/>\n<a href=\"https:\/\/catedras.facet.unt.edu.ar\/sistemasdecontrol\/wp-content\/uploads\/sites\/101\/2015\/12\/AP13-Instructions-for-vacuum-pan-oversaturation-monitors.pdf\">13- Instructions For Model 970-m Vacuum Pan Oversaturation Monitors. Ziegler And Associates. 2008.<\/a><br \/>\n<a href=\"https:\/\/catedras.facet.unt.edu.ar\/sistemasdecontrol\/wp-content\/uploads\/sites\/101\/2015\/12\/AP14-Sugar-Boiling-Some-Useful-Strategy-John-Ziegler.pdf\">14- Sugar Boiling Some Useful Strategies by John Ziegler. 2002.<\/a><br \/>\n<a href=\"https:\/\/catedras.facet.unt.edu.ar\/sistemasdecontrol\/wp-content\/uploads\/sites\/101\/2015\/12\/AP15-Sugar-Boiling-Some-Facts-and-Some-Fancies-John-Ziegler.pdf\">15- Sugar Boiling: Some Facts and Some Fancies by John G. Ziegler. 2003.<\/a><br \/>\n<a href=\"https:\/\/catedras.facet.unt.edu.ar\/sistemasdecontrol\/wp-content\/uploads\/sites\/101\/2015\/12\/AP16-Sugar-Boiling-The-syrup-in-the-vaccuum-pans-John-Ziegler.pdf\">16- Sugar Boiling The Syrups In The Vacuum Pans by John Ziegler. 2004.<\/a><br \/>\n<a href=\"https:\/\/catedras.facet.unt.edu.ar\/sistemasdecontrol\/wp-content\/uploads\/sites\/101\/2015\/12\/AP17-Sensor-Selection-Still-an-issue-in-sugar-crystallisation-control-Lajos-Rozsa.pdf\">17- Sensor Selection: Still An Issue In Sugar Crystallisation Control. Dr. Lajos Rozsa. 2010.<\/a><br \/>\n<a href=\"https:\/\/catedras.facet.unt.edu.ar\/sistemasdecontrol\/wp-content\/uploads\/sites\/101\/2015\/12\/AP18-On-lineMonitoringofSS.pdf\">18- On-line monitoring of supersaturation in sugar crystallization. By Lajos Rozsa, International Sugar Journal, Vol. 98; N\u00ba 1176.1996.<\/a><br \/>\n<a href=\"https:\/\/catedras.facet.unt.edu.ar\/sistemasdecontrol\/wp-content\/uploads\/sites\/101\/2015\/12\/AP19-Optimizaci\u00f3n-energ\u00e9tica-para-la-Producci\u00f3n-Simult\u00e1nea-de-Az\u00facar-y-Alcohol.pdf\">19- Optimizaci\u00f3n energ\u00e9tica para la producci\u00f3n simult\u00e1nea de az\u00facar y alcohol en Tucum\u00e1n, R. Argentina. Oscar A. Diez, Carolina Cruz y Ger\u00f3nimo J. C\u00e1rdenas. Rev. Ind. y Agr\u00edc. de Tucum\u00e1n Tomo 88 (2): 27-40; 2011.<\/a><br \/>\n<a href=\"https:\/\/catedras.facet.unt.edu.ar\/sistemasdecontrol\/wp-content\/uploads\/sites\/101\/2015\/12\/AP20-Velasquez-Optimizador-tachos-de-azucar-refinado.pdf\">20- Optimizador De Tachos De Az\u00dacar Refinado. Leonardo Vel\u00e1squez Orozco. III Congreso AETA, Sep.18-20 del 2013. Guayaquil-Ecuador.<\/a><br \/>\n<a href=\"https:\/\/catedras.facet.unt.edu.ar\/sistemasdecontrol\/wp-content\/uploads\/sites\/101\/2015\/12\/AP21-Aplicaci\u00f3n-de-modelos-fenomenol\u00f3gicos-de-estaci\u00f3n-de-tachos-para-obtenci\u00f3n-masa-cocida-A.pdf\" target=\"_blank\" rel=\"noopener noreferrer\">21- Aplicaci\u00f3n de modelos fenomenol\u00f3gicos de la estaci\u00f3n de tachos para la obtenci\u00f3n de masa cocida A en el CAI G.Washington. 2008.<\/a><\/p>\n<p><strong>Softwares:<\/strong><\/p>\n<p><a href=\"https:\/\/www.mcrenox.com.ar\/unt\/SimPIDrc.exe\">1- Software simulador de P.I.D. + planta RC (SimPIDrc.exe) desarrollado por la c\u00e1tedra.<\/a><br \/>\n<a href=\"https:\/\/www.mcrenox.com.ar\/unt\/SimPIDtk.exe\">2- Software simulador de P.I.D. + planta TANQUE (SimPIDtk.exe) desarrollado por la c\u00e1tedra.<\/a><br \/>\n<a href=\"https:\/\/www.mcrenox.com.ar\/unt\/Clic02_WEG.zip\">3- Software de programaci\u00f3n y simulaci\u00f3n de P.L.C. marca WEG l\u00ednea CLIC02.<\/a><br \/>\n<a href=\"https:\/\/www.mcrenox.com.ar\/unt\/i-TRiLOGI_7.zip\">4- Software de simulaci\u00f3n de PLC i-TRiLOGI 7 (versi\u00f3n libre).<\/a><br \/>\n<a href=\"https:\/\/www.mcrenox.com.ar\/unt\/WSProp.exe\">5- Software de propiedades termodin\u00e1micas del agua y vapor (de acuerdo a IAPWS-IF97).<\/a><\/p>\n<h4><strong>Cat\u00e1logos de v\u00e1lvulas de control: <\/strong><\/h4>\n<h5><strong>(los siguientes cat\u00e1logos solo son de\u00a0<\/strong><b>car\u00e1cter descriptivos, dejando al estudiante la libertad de elegir otro producto o fabricante de manera conveniente para la elaboraci\u00f3n de su proyecto).<\/b><\/h5>\n<p><a href=\"https:\/\/catedras.facet.unt.edu.ar\/sistemasdecontrol\/wp-content\/uploads\/sites\/101\/2020\/03\/Masoneilan-10000-Series-Double-Ported-Globe-Valve_Oil-and-Gas.pdf\">1- Masoneilan Serie 10000_v\u00e1lvulas globo doble asiento para servicio general (Oil and Gas).<\/a><\/p>\n<p><a href=\"https:\/\/catedras.facet.unt.edu.ar\/sistemasdecontrol\/wp-content\/uploads\/sites\/101\/2020\/03\/Masoneilan-21000-Series_Control-valves-globe-Anti-cavitation_general-service.pdf\">2- Masoneilan Serie 21000_v\u00e1lvulas globo Anti-Cavitaci\u00f3n para servicio general (Oil and Gas).<\/a><\/p>\n<p><a href=\"https:\/\/catedras.facet.unt.edu.ar\/sistemasdecontrol\/wp-content\/uploads\/sites\/101\/2020\/03\/Masoneilan-28000-series_Precise-Microflow-Valves_Oil-and-Gas.pdf\">3- Masoneilan Serie 28000_v\u00e1lvulas de bajo flujo para servicio general (Oil and Gas).<\/a><\/p>\n<p><a href=\"https:\/\/catedras.facet.unt.edu.ar\/sistemasdecontrol\/wp-content\/uploads\/sites\/101\/2020\/03\/Masoneilan-35002-Cam-flex-full.pdf\">4- Masoneilan Serie 35002_v\u00e1lvulas de control rotativa (Camflex) para servicio pesado (Oil and Gas).<\/a><\/p>\n<p><a href=\"https:\/\/catedras.facet.unt.edu.ar\/sistemasdecontrol\/wp-content\/uploads\/sites\/101\/2020\/03\/Masoneilan-41005-Series_Heavy-Duty.pdf\">5- Masoneilan Serie 41005_v\u00e1lvulas globo con gu\u00eda de jaula para servicio pesado (Oil and Gas).<\/a><\/p>\n<p><a href=\"https:\/\/catedras.facet.unt.edu.ar\/sistemasdecontrol\/wp-content\/uploads\/sites\/101\/2020\/03\/Masoneilan-78400-series_Several-Service.pdf\">6- Masoneilan Serie 78400_v\u00e1lvula de m\u00faltiple etapas para l\u00edquidos en alta presi\u00f3n.<\/a><\/p>\n<p><a href=\"https:\/\/catedras.facet.unt.edu.ar\/sistemasdecontrol\/wp-content\/uploads\/sites\/101\/2020\/03\/NORRISEAL-SERIES-2400_V\u00e1lvulas-de-control-_Oil-and-Gas.pdf\">7- Norriseal Wellmark Serie 2400_V\u00e1lvulas de control para servicio general (Oil and Gas).<\/a><\/p>\n<p><a href=\"https:\/\/catedras.facet.unt.edu.ar\/sistemasdecontrol\/wp-content\/uploads\/sites\/101\/2020\/03\/Norriseal-Wellmark_Serie-2700A-2700E-y-2720_V\u00e1lvulas-de-Control.pdf\">8- Norriseal Wellmark Serie 2700A, 2700E y 2720_V\u00e1lvulas de control para servicio general (Oil and Gas).<\/a><\/p>\n<p><a href=\"https:\/\/catedras.facet.unt.edu.ar\/sistemasdecontrol\/wp-content\/uploads\/sites\/101\/2020\/03\/Norriseal-Wellmark_Series-3023_V\u00e1lvula-de-tres-vias.pdf\">9- Norriseal Wellmark_Series 3023_V\u00e1lvula de tres v\u00edas.<\/a><\/p>\n<p><a href=\"https:\/\/catedras.facet.unt.edu.ar\/sistemasdecontrol\/wp-content\/uploads\/sites\/101\/2020\/03\/Pietro-Fiorentini_V\u00e1lvulas-de-control-para-gas_Reflux_919_-_eng_-_jan2001.pdf\">10- Pietro Fiorentini_Serie Reflux 919\/2011_V\u00e1lvulas de control para gas (alto caudal).<\/a><\/p>\n<p><a href=\"https:\/\/catedras.facet.unt.edu.ar\/sistemasdecontrol\/wp-content\/uploads\/sites\/101\/2020\/03\/Pietro-Fiorentini_V\u00e1lvulas-para-gas_Deltaflux_ct-s540-e_optober_13low_res.pdf\">11- Pietro Fiorentini_ Serie Deltaflux CT-S540_V\u00e1lvulas de control para gas (bajo caudal).<\/a><\/p>\n<p><a href=\"https:\/\/catedras.facet.unt.edu.ar\/sistemasdecontrol\/wp-content\/uploads\/sites\/101\/2020\/03\/Ringo_Grupo-Samson_Catalogo_Valvulas.pdf\">12- Ringo_Grupo Samson_V\u00e1lvulas de control para servicio general (Oil and Gas).<\/a><\/p>\n<p><a href=\"https:\/\/catedras.facet.unt.edu.ar\/sistemasdecontrol\/wp-content\/uploads\/sites\/101\/2020\/03\/Sesto_Control_Valve_V\u00e1lvulas-Globo-_BR12B_Catalog.pdf\">13- Sesto_V\u00e1lvulas Globo_ Serie BR12B_Servicio general (l\u00edquido, vapor y gases).<\/a><\/p>\n<p><a href=\"https:\/\/catedras.facet.unt.edu.ar\/sistemasdecontrol\/wp-content\/uploads\/sites\/101\/2020\/03\/Sesto_Control_V\u00e1lvulas-de-Control-Mariposa_HPBV_Design_Review.pdf\">14- Sesto_V\u00e1lvulas Mariposa_Serie HPBV_Servicio general.<\/a><\/p>\n<p><a href=\"https:\/\/catedras.facet.unt.edu.ar\/sistemasdecontrol\/wp-content\/uploads\/sites\/101\/2020\/03\/Sesto_Control_V\u00e1lvulas-Globo-Rotativas-Excentricas_Valve_BR33_Catalog.pdf\">16- Sesto_V\u00e1lvulas Globo Rotativas Excentricas_Serie BR33_Servicio pesado.<\/a><\/p>\n","protected":false},"excerpt":{"rendered":"<p>Programa de la asignatura Teor\u00eda: Las clases ser\u00e1n subidas al sitio a medida que avanza el dictado de la materia. Clase 1-Sistemas de Control_Generalidades_Fecha 14\/03\/2022 Clase 2-Introducci\u00f3n al modelado y an\u00e1lisis de sistemas_Fecha 17\/03\/2022 Clase 3-Caracter\u00edsticas de un proceso_Fecha 31\/03\/2022 Clase 4-An\u00e1lisis de Sistemas de 2do Orden_Fecha_21\/04\/2022 Clase 5-Acciones de Control_Fecha 28\/04\/2022 Clase 6-Sintonizaci\u00f3n de [&hellip;]<\/p>\n","protected":false},"author":101012,"featured_media":0,"parent":0,"menu_order":0,"comment_status":"closed","ping_status":"closed","template":"","meta":[],"_links":{"self":[{"href":"https:\/\/catedras.facet.unt.edu.ar\/sistemasdecontrol\/wp-json\/wp\/v2\/pages\/88"}],"collection":[{"href":"https:\/\/catedras.facet.unt.edu.ar\/sistemasdecontrol\/wp-json\/wp\/v2\/pages"}],"about":[{"href":"https:\/\/catedras.facet.unt.edu.ar\/sistemasdecontrol\/wp-json\/wp\/v2\/types\/page"}],"author":[{"embeddable":true,"href":"https:\/\/catedras.facet.unt.edu.ar\/sistemasdecontrol\/wp-json\/wp\/v2\/users\/101012"}],"replies":[{"embeddable":true,"href":"https:\/\/catedras.facet.unt.edu.ar\/sistemasdecontrol\/wp-json\/wp\/v2\/comments?post=88"}],"version-history":[{"count":184,"href":"https:\/\/catedras.facet.unt.edu.ar\/sistemasdecontrol\/wp-json\/wp\/v2\/pages\/88\/revisions"}],"predecessor-version":[{"id":793,"href":"https:\/\/catedras.facet.unt.edu.ar\/sistemasdecontrol\/wp-json\/wp\/v2\/pages\/88\/revisions\/793"}],"wp:attachment":[{"href":"https:\/\/catedras.facet.unt.edu.ar\/sistemasdecontrol\/wp-json\/wp\/v2\/media?parent=88"}],"curies":[{"name":"wp","href":"https:\/\/api.w.org\/{rel}","templated":true}]}}