{"id":37,"date":"2014-08-12T11:49:09","date_gmt":"2014-08-12T14:49:09","guid":{"rendered":"https:\/\/catedras.facet.unt.edu.ar\/sistemasdecontrol\/home\/"},"modified":"2023-04-27T00:43:56","modified_gmt":"2023-04-27T03:43:56","slug":"home","status":"publish","type":"page","link":"https:\/\/catedras.facet.unt.edu.ar\/sistemasdecontrol\/","title":{"rendered":"C\u00e1tedra Sistemas De Control &#8211; Departamento De Ing. Mec\u00e1nica"},"content":{"rendered":"<div id=\"pl-37\"  class=\"panel-layout\" ><div id=\"pg-37-0\"  class=\"panel-grid panel-no-style\" ><div id=\"pgc-37-0-0\"  class=\"panel-grid-cell panel-grid-cell-empty\" ><\/div><div id=\"pgc-37-0-1\"  class=\"panel-grid-cell panel-grid-cell-mobile-last\" ><div id=\"panel-37-0-1-0\" class=\"so-panel widget widget_headline-widget panel-first-child panel-last-child\" data-index=\"0\" >\t\t<h1>CATEDRA DE SISTEMAS DE CONTROL<\/h1>\n\t\t<div class=\"decoration\"><div class=\"decoration-inside\"><\/div><\/div>\n\t\t<h3><p>Asignatura perteneciente al M\u00f3dulo 9 de las carreras de<br \/>Ingenier\u00eda Mec\u00e1nica y de Ingenier\u00eda Azucarera.<\/p><p>Dpto. de Mec\u00e1nica \u2013 FACEyT \u2013 UNT<br \/>Box 3-2-16 \/ Block N\u00ba3 (Decanato)<br \/>Tel. Secret. Depto.: ++(54)(381)-4107577<\/p><p>Responsable: Prof. Mg. Marcos A. Golato<br \/>Email: mgolato@herrera.unt.edu.ar<br \/>Cel.: ++(54)(9381)-5032288<\/p><p>J.T.P.: Ing. Elec. David Jorge Aguirre Grazio<br \/>Email: sistemasdecontrol@herrera.unt.edu.ar<\/p><\/h3>\n\t\t<\/div><\/div><div id=\"pgc-37-0-2\"  class=\"panel-grid-cell panel-grid-cell-empty\" ><\/div><\/div><div id=\"pg-37-1\"  class=\"panel-grid panel-no-style\" ><div id=\"pgc-37-1-0\"  class=\"panel-grid-cell panel-grid-cell-empty\" ><\/div><div id=\"pgc-37-1-1\"  class=\"panel-grid-cell panel-grid-cell-mobile-last\" ><div id=\"panel-37-1-1-0\" class=\"so-panel widget widget_circleicon-widget panel-first-child\" data-index=\"1\" >\t\t<div class=\"circle-icon-box circle-icon-position-top circle-icon-hide-box circle-icon-size-small\">\n\t\t\t<div class=\"circle-icon-wrapper\">\n\t\t\t\t\t\t\t\t<div class=\"circle-icon\" >\n\t\t\t\t\t<div class=\"fa fa-institution\" ><\/div>\t\t\t\t<\/div>\n\t\t\t\t\t\t\t<\/div>\n\n\t\t\t\t\t\t\t\t\t\n\t\t\t\t\t\t\t\t<\/div>\n\t\t<\/div><div id=\"panel-37-1-1-1\" class=\"so-panel widget widget_sow-editor panel-last-child\" data-index=\"2\" ><div\n\t\t\t\n\t\t\tclass=\"so-widget-sow-editor so-widget-sow-editor-base\"\n\t\t\t\n\t\t><h3 class=\"widget-title\">OBJETIVOS DE LA ASIGNATURA<\/h3>\n<div class=\"siteorigin-widget-tinymce textwidget\">\n\t<p>La asignatura \u201cSistemas de Control\u201d, tiene como objetivo proporcionar al estudiante los conceptos b\u00e1sicos, terminolog\u00edas y t\u00e9cnicas para el\u00a0control de procesos. El control autom\u00e1tico ha jugado un papel importante en el avance de la ingenier\u00eda y de la ciencia, por ello, el joven ingeniero debe tener a su alcance herramientas\u00a0que le permitan comprender y desarrollar las t\u00e9cnicas de control\u00a0en su carrera profesional.<\/p>\n<p>Los sistemas de control emplean frecuentemente componentes de diversos tipos, por ejemplo, componentes mec\u00e1nicos, el\u00e9ctricos, hidr\u00e1ulicos, neum\u00e1ticos y combinaciones de estos. Un ingeniero que trabaje con ellos\u00a0debe estar familiarizado con las leyes fundamentales que rigen a estos componentes.<br \/>\nEl estudio de los controles autom\u00e1ticos puede ser de gran ayuda para establecer lazos de uni\u00f3n entre los diferentes campos de estudio y entre las diferentes operaciones unitarias que definen un proceso productivo.<\/p>\n<\/div>\n<\/div><\/div><\/div><div id=\"pgc-37-1-2\"  class=\"panel-grid-cell panel-grid-cell-empty\" ><\/div><\/div><div id=\"pg-37-2\"  class=\"panel-grid panel-no-style\" ><div id=\"pgc-37-2-0\"  class=\"panel-grid-cell panel-grid-cell-mobile-last\" ><div id=\"panel-37-2-0-0\" class=\"so-panel widget widget_sow-editor panel-first-child\" data-index=\"3\" ><div\n\t\t\t\n\t\t\tclass=\"so-widget-sow-editor so-widget-sow-editor-base\"\n\t\t\t\n\t\t><h3 class=\"widget-title\">Inscripci\u00f3n<\/h3>\n<div class=\"siteorigin-widget-tinymce textwidget\">\n\t<div>La inscripci\u00f3n en la materia debe realizarse a trav\u00e9s de <strong>FACET virtual<\/strong>.<\/div>\n<div>Los alumnos deben enviar por e-mail a <strong>sistemasdecontrol@herrera.unt.edu.ar<\/strong> su n\u00famero de tel\u00e9fono para ser incluidos en los grupos de WhatsApp de la C\u00e1tedra.<\/div>\n<p><strong>Inicio de clases:<\/strong><\/p>\n<div>Lunes 16 de Marzo a las 8 Hs. (Aula G - 3er Nivel - Block 3).<\/div>\n<\/div>\n<\/div><\/div><div id=\"panel-37-2-0-1\" class=\"so-panel widget widget_sow-editor\" data-index=\"4\" ><div\n\t\t\t\n\t\t\tclass=\"so-widget-sow-editor so-widget-sow-editor-base\"\n\t\t\t\n\t\t><h3 class=\"widget-title\">Horarios<\/h3>\n<div class=\"siteorigin-widget-tinymce textwidget\">\n\t<p><strong>Horarios de clases:<\/strong><\/p>\n<div>Te\u00f3ricas\/Pr\u00e1cticas: Jueves de 08:00 a 13:00 Hs. (Aula G - Block 3).<\/div>\n<div>\n<strong>Horarios de consultas:<\/strong><\/div>\n<p>Prof. Mg. Marcos A. Golato:<br \/>\nLunes de 17 a 20 Hs. y Jueves de 13 a 14 Hs. (Box 3-2-16).<\/p>\n<p>Ing. Electr\u00f3nico David Aguirre Grazio:<br \/>\nLunes de 17 a 20 Hs. y Jueves de 10 a 11 Hs. (Laboratorio 3er Nivel Ala Oeste-Block 3).<\/p>\n<p>Ayudante estudiantil (Sr. Mat\u00edas Arce G\u00e1lvez):<br \/>\nMartes, Mi\u00e9rcoles y Viernes de 18 a 19 Hs. (Box 3-2-16).<\/p>\n<\/div>\n<\/div><\/div><div id=\"panel-37-2-0-2\" class=\"so-panel widget widget_sow-editor\" data-index=\"5\" ><div\n\t\t\t\n\t\t\tclass=\"so-widget-sow-editor so-widget-sow-editor-base\"\n\t\t\t\n\t\t><h3 class=\"widget-title\">Novedades<\/h3>\n<div class=\"siteorigin-widget-tinymce textwidget\">\n\t<p><strong>Seg\u00fan Res. Rectorado N\u00b00026\/2022 del 14-02-2022 se retorna a la presencialidad en todo el \u00e1mbito de la UNT.<\/strong><\/p>\n<p><a href=\"https:\/\/catedras.facet.unt.edu.ar\/sistemasdecontrol\/wp-content\/uploads\/sites\/101\/2022\/03\/Res.-26-22-Presencialidad_UNT.pdf\">Res. 26-22 - Presencialidad_UNT<\/a><\/p>\n<p>Para consultas referidas a la asignatura pueden dirigirse v\u00eda email a sistemasdecontrol@herrera.unt.edu.ar.<\/p>\n<\/div>\n<\/div><\/div><div id=\"panel-37-2-0-3\" class=\"so-panel widget widget_sow-editor panel-last-child\" data-index=\"6\" ><div\n\t\t\t\n\t\t\tclass=\"so-widget-sow-editor so-widget-sow-editor-base\"\n\t\t\t\n\t\t><h3 class=\"widget-title\">Desarrollos <\/h3>\n<div class=\"siteorigin-widget-tinymce textwidget\">\n\t<p>CONTROL P.I.D. DE TEMPERATURA POR CELDA DE PELTIER<\/p>\n<p>SOFTWARE SIMULADOR DE P.I.D. PARA PRACTICAS DE SINTONIZACI\u00d3N<\/p>\n<p>CONTROLADOR P.I.D. INDUSTRIAL DE 1 CANAL<\/p>\n<p>CONTROLADOR MULTIFUNCION INDUSTRIAL PROGRAMABLE<\/p>\n<p>Para ver la p\u00e1gina de desarrollos de la c\u00e1tedra, haga clic <a href=\"https:\/\/catedras.facet.unt.edu.ar\/sistemasdecontrol\/desarrollos\/\">AQUI<\/a><\/p>\n<\/div>\n<\/div><\/div><\/div><div id=\"pgc-37-2-1\"  class=\"panel-grid-cell panel-grid-cell-empty\" ><\/div><\/div><\/div>","protected":false},"excerpt":{"rendered":"<p>La asignatura \u201cSistemas de Control\u201d, tiene como objetivo proporcionar al estudiante los conceptos b\u00e1sicos, terminolog\u00edas y t\u00e9cnicas para el\u00a0control de procesos. El control autom\u00e1tico ha jugado un papel importante en el avance de la ingenier\u00eda y de la ciencia, por ello, el joven ingeniero debe tener a su alcance herramientas\u00a0que le permitan comprender y desarrollar [&hellip;]<\/p>\n","protected":false},"author":1,"featured_media":0,"parent":0,"menu_order":0,"comment_status":"closed","ping_status":"closed","template":"home-panels.php","meta":[],"_links":{"self":[{"href":"https:\/\/catedras.facet.unt.edu.ar\/sistemasdecontrol\/wp-json\/wp\/v2\/pages\/37"}],"collection":[{"href":"https:\/\/catedras.facet.unt.edu.ar\/sistemasdecontrol\/wp-json\/wp\/v2\/pages"}],"about":[{"href":"https:\/\/catedras.facet.unt.edu.ar\/sistemasdecontrol\/wp-json\/wp\/v2\/types\/page"}],"author":[{"embeddable":true,"href":"https:\/\/catedras.facet.unt.edu.ar\/sistemasdecontrol\/wp-json\/wp\/v2\/users\/1"}],"replies":[{"embeddable":true,"href":"https:\/\/catedras.facet.unt.edu.ar\/sistemasdecontrol\/wp-json\/wp\/v2\/comments?post=37"}],"version-history":[{"count":58,"href":"https:\/\/catedras.facet.unt.edu.ar\/sistemasdecontrol\/wp-json\/wp\/v2\/pages\/37\/revisions"}],"predecessor-version":[{"id":724,"href":"https:\/\/catedras.facet.unt.edu.ar\/sistemasdecontrol\/wp-json\/wp\/v2\/pages\/37\/revisions\/724"}],"wp:attachment":[{"href":"https:\/\/catedras.facet.unt.edu.ar\/sistemasdecontrol\/wp-json\/wp\/v2\/media?parent=37"}],"curies":[{"name":"wp","href":"https:\/\/api.w.org\/{rel}","templated":true}]}}