{"id":93,"date":"2016-09-04T01:22:12","date_gmt":"2016-09-04T04:22:12","guid":{"rendered":"https:\/\/catedras.facet.unt.edu.ar\/sist-control1\/?page_id=93"},"modified":"2023-12-04T09:37:01","modified_gmt":"2023-12-04T12:37:01","slug":"apuntes","status":"publish","type":"page","link":"https:\/\/catedras.facet.unt.edu.ar\/sist-control\/apuntes\/","title":{"rendered":"Apuntes"},"content":{"rendered":"<p>.\u00a0\u00a0\u00a0\u00a0\u00a0\u00a0\u00a0\u00a0\u00a0\u00a0\u00a0\u00a0\u00a0\u00a0\u00a0\u00a0\u00a0\u00a0\u00a0\u00a0\u00a0\u00a0\u00a0\u00a0\u00a0\u00a0\u00a0\u00a0\u00a0\u00a0\u00a0\u00a0\u00a0\u00a0\u00a0\u00a0\u00a0\u00a0\u00a0\u00a0\u00a0\u00a0\u00a0\u00a0\u00a0\u00a0\u00a0\u00a0\u00a0\u00a0\u00a0\u00a0\u00a0\u00a0\u00a0\u00a0\u00a0\u00a0\u00a0\u00a0\u00a0\u00a0\u00a0\u00a0\u00a0\u00a0\u00a0\u00a0\u00a0\u00a0\u00a0\u00a0\u00a0\u00a0\u00a0\u00a0\u00a0\u00a0\u00a0\u00a0\u00a0\u00a0\u00a0\u00a0\u00a0\u00a0\u00a0\u00a0\u00a0\u00a0\u00a0\u00a0\u00a0\u00a0\u00a0\u00a0\u00a0\u00a0\u00a0\u00a0\u00a0\u00a0\u00a0\u00a0\u00a0\u00a0\u00a0\u00a0\u00a0\u00a0\u00a0\u00a0\u00a0\u00a0\u00a0\u00a0<a href=\"https:\/\/catedras.facet.unt.edu.ar\/sist-control\/diapositivas-de-clases\/\">DIAPOS DE LAS CLASES<\/a><\/p>\n<p><a href=\"https:\/\/catedras.facet.unt.edu.ar\/sist-control\/wp-content\/uploads\/sites\/77\/2023\/11\/estabilidad-para-control1.pdf\">Apunte \u00abEstabilidad en sistemas realimentados\u00bb, del Prof. Fadel<\/a><\/p>\n<p><a href=\"https:\/\/catedras.facet.unt.edu.ar\/sist-control\/wp-content\/uploads\/sites\/77\/2023\/12\/Diseno-de-Compensadores-bis-Fadel.pdf\">Apunte \u00abDise\u00f1o de compensadores\u00bb, del Prof. Fadel<\/a><\/p>\n<p><a href=\"https:\/\/catedras.facet.unt.edu.ar\/sist-control\/wp-content\/uploads\/sites\/77\/2023\/11\/Agregado-de-ceros-o-polos-en-la-ganancia-de-lazo-PID-Fadel.pdf\">Apunte \u00abAgregado de ceros y polos en la ganancia de lazo&#8230;\u00bb, del Prof. Fadel<\/a><\/p>\n<p><a href=\"https:\/\/catedras.facet.unt.edu.ar\/sist-control\/wp-content\/uploads\/sites\/77\/2022\/09\/clase-3-Efectos-y-Beneficios-de-una-realimentacion-negativa.pdf\">Sensibilidad con respecto a variaci\u00f3n de par\u00e1metros (pp.14-17)<\/a><\/p>\n<p><a href=\"https:\/\/catedras.facet.unt.edu.ar\/sist-control\/wp-content\/uploads\/sites\/77\/2022\/10\/Reglas-lugar-de-las-raices-corregido.pdf\">Reglas para el trazado del LGR<\/a><\/p>\n<p><a href=\"https:\/\/catedras.facet.unt.edu.ar\/sist-control\/wp-content\/uploads\/sites\/77\/2022\/07\/Respuesta-en-el-tiempo-2003-Hassan-b.pdf\">Apunte de RESPUESTA EN EL TIEMPO, del Ing. Hassan<\/a><\/p>\n<p><a href=\"https:\/\/catedras.facet.unt.edu.ar\/sist-control\/wp-content\/uploads\/sites\/77\/2023\/09\/La-respuesta-en-el-tiempo-2023-Fadel.pdf\">Apunte \u00abRespuesta en el tiempo (2023)\u00bb R. Fadel<\/a><\/p>\n<p><a href=\"https:\/\/catedras.facet.unt.edu.ar\/sist-control\/wp-content\/uploads\/sites\/77\/2023\/08\/REPRESENTACION-DE-SISTEMAS-DINAMICOS-2023-Fadel.pdf\">Apunte \u00abRepresentaci\u00f3n de sistemas din\u00e1micos\u00bb R. Fadel<\/a><\/p>\n<p><a href=\"https:\/\/catedras.facet.unt.edu.ar\/sist-control\/wp-content\/uploads\/sites\/77\/2023\/08\/Intro-a-los-SC-240823.ppt\">Introducci\u00f3n a los Sistemas de Control, (de la clase del 24-08-23)<\/a><\/p>\n<p>.\u00a0\u00a0\u00a0\u00a0\u00a0\u00a0\u00a0\u00a0\u00a0\u00a0\u00a0\u00a0\u00a0\u00a0\u00a0\u00a0\u00a0\u00a0\u00a0\u00a0\u00a0\u00a0\u00a0\u00a0\u00a0\u00a0\u00a0\u00a0\u00a0\u00a0\u00a0\u00a0\u00a0\u00a0\u00a0\u00a0\u00a0\u00a0\u00a0\u00a0\u00a0\u00a0\u00a0\u00a0\u00a0\u00a0\u00a0\u00a0\u00a0\u00a0\u00a0\u00a0\u00a0\u00a0\u00a0\u00a0\u00a0\u00a0\u00a0\u00a0\u00a0\u00a0\u00a0\u00a0\u00a0\u00a0\u00a0\u00a0\u00a0\u00a0\u00a0\u00a0\u00a0\u00a0\u00a0\u00a0\u00a0\u00a0\u00a0\u00a0\u00a0\u00a0\u00a0\u00a0\u00a0\u00a0\u00a0\u00a0\u00a0\u00a0\u00a0\u00a0\u00a0\u00a0\u00a0\u00a0\u00a0\u00a0\u00a0\u00a0\u00a0\u00a0\u00a0\u00a0\u00a0\u00a0\u00a0\u00a0\u00a0\u00a0\u00a0\u00a0\u00a0\u00a0\u00a0\u00a0<a href=\"https:\/\/catedras.facet.unt.edu.ar\/sist-control\/diapositivas-de-clases\/\">DIAPOS DE LAS CLASES<\/a><\/p>\n<p>__________________________________________________________________<\/p>\n<p><span style=\"font-size: 18pt\">2022<\/span><\/p>\n<p><a href=\"https:\/\/catedras.facet.unt.edu.ar\/sist-control\/wp-content\/uploads\/sites\/77\/2022\/11\/Metodo-de-Nyquist-Fadel.pdf\">M\u00e9todo de Nyquist para la determinaci\u00f3n de la estabilidad absoluta y relativa.<\/a><\/p>\n<p>Archivos \u00abm\u00bb, jueves 17\/11\/22, Compensador de adelanto: <a href=\"https:\/\/catedras.facet.unt.edu.ar\/sist-control\/wp-content\/uploads\/sites\/77\/2022\/11\/clase_SC1_comp_lead_LGR_171122_A.m.txt\">Archivo 1<\/a>, <a href=\"https:\/\/catedras.facet.unt.edu.ar\/sist-control\/wp-content\/uploads\/sites\/77\/2022\/11\/clase_SC1_comp_lead_LGR_171122_B.m.txt\">Archivo 2<\/a>, <a href=\"https:\/\/catedras.facet.unt.edu.ar\/sist-control\/wp-content\/uploads\/sites\/77\/2022\/11\/clase_SC1_comp_lead_Bode_171122_C.m.txt\">Archivo 3<\/a><\/p>\n<p><a href=\"https:\/\/catedras.facet.unt.edu.ar\/sist-control\/wp-content\/uploads\/sites\/77\/2022\/11\/clase_SC_151122.m.txt\">Archivo \u00abm\u00bb de la clase del martes 15\/11\/22, \u00abCompensador de Atraso\u00bb<\/a>\u00a0 (eliminar la extensi\u00f3n \u00abtxt\u00bb)<\/p>\n<p><a href=\"https:\/\/catedras.facet.unt.edu.ar\/sist-control\/wp-content\/uploads\/sites\/77\/2022\/11\/Estabilidad-relativa-y-margenes-101122.pptx\">Diapositivas de la clase del jueves 10\/11\/22<\/a><\/p>\n<p><a href=\"https:\/\/catedras.facet.unt.edu.ar\/sist-control\/wp-content\/uploads\/sites\/77\/2022\/11\/Respuesta-en-frecuencia-2022-Fadel.pdf\">Respuesta en Frecuencia<\/a><\/p>\n<p><a href=\"https:\/\/catedras.facet.unt.edu.ar\/sist-control\/wp-content\/uploads\/sites\/77\/2022\/10\/clase-5-La-respuesta-en-el-tiempo.pdf\">Respuesta en el tiempo<\/a><\/p>\n<p><a href=\"https:\/\/catedras.facet.unt.edu.ar\/sist-control\/wp-content\/uploads\/sites\/77\/2022\/10\/clase-4-Efecto-sobre-el-ancho-de-banda-de-lazo-cerrado-B.pdf\">Efectos de la Realimentaci\u00f3n Negativa sobre el Ancho de Banda (bis)<\/a><\/p>\n<p><a href=\"https:\/\/catedras.facet.unt.edu.ar\/sist-control\/wp-content\/uploads\/sites\/77\/2022\/10\/clase-4-Efectos-de-la-realimentacion-03-10-22.pdf\">Efectos de la Realimentaci\u00f3n Negativa sobre la Velocidad y la Exactitud (pgs. 3 a 10)<\/a><\/p>\n<p><a href=\"https:\/\/catedras.facet.unt.edu.ar\/sist-control\/wp-content\/uploads\/sites\/77\/2022\/09\/clase-4-Efecto-sobre-el-ancho-de-banda-de-lazo-cerrado.pdf\">Efectos de la Realimentaci\u00f3n Negatica sobre el Ancho de Banda<\/a><\/p>\n<p><a href=\"https:\/\/catedras.facet.unt.edu.ar\/sist-control\/wp-content\/uploads\/sites\/77\/2022\/09\/clase-3-Efectos-y-Beneficios-de-una-realimentacion-negativa.pdf\">Efectos y beneficios de la Realimentaci\u00f3n Negativa<\/a><\/p>\n<p><a href=\"https:\/\/catedras.facet.unt.edu.ar\/sist-control\/wp-content\/uploads\/sites\/77\/2022\/09\/El-lugar-de-las-raices-2022-Fadel.pdf\">La t\u00e9cnica del Lugar Geom\u00e9trico de las Ra\u00edces<\/a><\/p>\n<p>__________________________________________________________________<\/p>\n<p><span style=\"font-size: 18pt\">2021<\/span><\/p>\n<p>Clase martes 09\/11\/21: <a href=\"https:\/\/catedras.facet.unt.edu.ar\/sist-control\/wp-content\/uploads\/sites\/77\/2021\/11\/R-en-el-tiempo-polos-y-ceros-agregados-09-11-21.ppt\">Polos y ceros agregados<\/a>.\u00a0\u00a0\u00a0\u00a0 <a href=\"https:\/\/catedras.facet.unt.edu.ar\/sist-control\/wp-content\/uploads\/sites\/77\/2021\/11\/pzagregados_2021.txt\">Polos y ceros agregados, visto con Matlab.<\/a><\/p>\n<p><a href=\"https:\/\/catedras.facet.unt.edu.ar\/sist-control\/wp-content\/uploads\/sites\/77\/2021\/11\/SC1-parcial-2-tema-1-03-11-17.pdf\">Evaluativo 2 2017<\/a>, <a href=\"https:\/\/catedras.facet.unt.edu.ar\/sist-control\/wp-content\/uploads\/sites\/77\/2021\/11\/Evaluativo-3-231018b-tema-1.pdf\">Evaluativo 3 2018<\/a>.<\/p>\n<p><a href=\"https:\/\/catedras.facet.unt.edu.ar\/sist-control\/wp-content\/uploads\/sites\/77\/2021\/11\/Reglas-lugar-de-las-raices-corregido.pdf\">Reglas para la construcci\u00f3n del LGR<\/a><\/p>\n<p>Clase jueves 28\/10\/21: <a href=\"https:\/\/catedras.facet.unt.edu.ar\/sist-control\/wp-content\/uploads\/sites\/77\/2021\/10\/Lugar-de-las-raices-resp-en-el-tiempo-28-10-21.ppt\">Lugar Geom\u00e9trico de las Ra\u00edces (ppt)<\/a><\/p>\n<p>Clase martes 26\/10\/21: <a href=\"https:\/\/catedras.facet.unt.edu.ar\/sist-control\/wp-content\/uploads\/sites\/77\/2021\/10\/Analisis-de-la-respuesta-en-el-tiempo-261021.pptx\">Respuesta en el tiempo de 2\u00b0 orden (ppt)<\/a><\/p>\n<p>Clase jueves 19\/08\/21: <a href=\"https:\/\/catedras.facet.unt.edu.ar\/sist-control\/wp-content\/uploads\/sites\/77\/2021\/08\/Intro-a-los-SC-190821.ppt\">Introducci\u00f3n a los sistemas de control (ppt)<\/a><\/p>\n<hr \/>\n<p><span style=\"font-size: 18pt\">2019<\/span><\/p>\n<p>Archivo \u00abm\u00bb de la clase del 05\/11\/2019 <a href=\"https:\/\/catedras.facet.unt.edu.ar\/sist-control\/wp-content\/uploads\/sites\/77\/2019\/11\/clase_compensacion_051118.m.txt\"> Compensadores de avance y de retraso. <\/a><\/p>\n<p>PPT martes 29\/10\/2019 <a href=\"https:\/\/catedras.facet.unt.edu.ar\/sist-control\/wp-content\/uploads\/sites\/77\/2019\/10\/Lugar-de-las-ra\u00edces-resp-en-el-tiempo-29-10-19.ppt\">Ppt: contorno de las ra\u00edces, efectos de polos y ceros agregados<\/a><\/p>\n<p>Pptx martes 03\/09\/2019, Introducci\u00f3n a los sistemas de control: <a href=\"https:\/\/catedras.facet.unt.edu.ar\/sist-control\/wp-content\/uploads\/sites\/77\/2019\/09\/R-en-el-tiempo-y-dominancia-03-09-19.pptx\">Pptx de Dominancia<\/a><\/p>\n<p>Lectura necesaria para el TP 1 de Laboratorio: <a href=\"http:\/\/www.ti.com\/lit\/an\/slva079\/slva079.pdf\">Understanding the terms and definition of LDO voltage regulators. <\/a><\/p>\n<p>Pptx jueves 15\/08\/2019, Introducci\u00f3n a los sistemas de control: <a href=\"https:\/\/catedras.facet.unt.edu.ar\/sist-control\/wp-content\/uploads\/sites\/77\/2019\/08\/intro-a-los-SC-150819.pptx\">intro-a-los-sc-150819<\/a><\/p>\n<p>Parcial n\u00b01, a\u00f1o 2015: <a href=\"https:\/\/catedras.facet.unt.edu.ar\/sist-control\/wp-content\/uploads\/sites\/77\/2019\/09\/Pr\u00e1ctica-para-parcial-1-del-17-09-19.pdf\">Pr\u00e1ctica para parcial n\u00b01, del 17\/09\/19.<\/a><\/p>\n<p>___________________________________________________________<\/p>\n<p><span style=\"font-size: 18pt\">2018 y anteriores<\/span><\/p>\n<p><a href=\"https:\/\/catedras.facet.unt.edu.ar\/sist-control\/wp-content\/uploads\/sites\/77\/2018\/11\/Variables-de-estado-orden-en-circuitos-lineales-2018.pdf\">Variables de estado. Determinaci\u00f3n del orden de circuitos con componentes reactivos.<\/a><\/p>\n<p><a href=\"https:\/\/catedras.facet.unt.edu.ar\/sist-control\/wp-content\/uploads\/sites\/77\/2018\/11\/clase_compensacion_061118.m.txt\"> Ejemplo de compensaci\u00f3n por retraso y por adelanto.<\/a><br \/>\n(De la clase del martes 06 de noviembre de 2018. Archivo \u00abTXT\u00bb para usar como archivo \u00abm\u00bb)<\/p>\n<p><a href=\"https:\/\/catedras.facet.unt.edu.ar\/sist-control\/wp-content\/uploads\/sites\/77\/2018\/09\/R-en-el-tiempo-1\u00b0-y-2\u00b0-orden-13-09-18.pptx\">Respuesta en el tiempo, de 1\u00b0 y 2\u00b0 orden.<\/a><\/p>\n<p><a href=\"https:\/\/catedras.facet.unt.edu.ar\/sist-control\/wp-content\/uploads\/sites\/77\/2022\/07\/Respuesta-en-el-tiempo-2003-Hassan-b.pdf\">Apunte de RESPUESTA EN EL TIEMPO.<\/a><\/p>\n<p><a href=\"https:\/\/catedras.facet.unt.edu.ar\/sist-control1\/wp-content\/uploads\/sites\/77\/2016\/09\/Bode_08-09-16.pdf\">Bode_08-09-16<\/a><\/p>\n<p>Apunte de simulaci\u00f3n anal\u00f3gica: <a href=\"https:\/\/catedras.facet.unt.edu.ar\/sist-control1\/wp-content\/uploads\/sites\/77\/2016\/09\/Simulaci\u00f3n-Anal\u00f3gica-Torres-1982.pdf\">simulacion-analogica-torres-1982<\/a><\/p>\n<p>Reglas para la construcci\u00f2n del Lugar Geom\u00e8trico de las Ra\u00ecces: <a href=\"https:\/\/catedras.facet.unt.edu.ar\/sist-control\/wp-content\/uploads\/sites\/77\/2022\/10\/Reglas-lugar-de-las-raices-corregido.pdf\">reglas-lugar-de-las-raices<\/a><\/p>\n<p>Pptx martes 08\/11\/2016, lugar de las ra\u00edces: <a href=\"https:\/\/catedras.facet.unt.edu.ar\/sist-control1\/wp-content\/uploads\/sites\/77\/2016\/09\/lugar-de-las-ra\u00edces-08-11-16.pptx\">lugar-de-las-raices-08-11-16<\/a><\/p>\n<p>Pptx jueves 10\/11\/2016, An\u00e1lisis en el Tiempo, ERRORES: <a href=\"https:\/\/catedras.facet.unt.edu.ar\/sist-control1\/wp-content\/uploads\/sites\/77\/2016\/09\/Analisis-temporal-errores-10-11-16.pptx\">analisis-temporal-errores-10-11-16<\/a><\/p>\n","protected":false},"excerpt":{"rendered":"<p>.\u00a0\u00a0\u00a0\u00a0\u00a0\u00a0\u00a0\u00a0\u00a0\u00a0\u00a0\u00a0\u00a0\u00a0\u00a0\u00a0\u00a0\u00a0\u00a0\u00a0\u00a0\u00a0\u00a0\u00a0\u00a0\u00a0\u00a0\u00a0\u00a0\u00a0\u00a0\u00a0\u00a0\u00a0\u00a0\u00a0\u00a0\u00a0\u00a0\u00a0\u00a0\u00a0\u00a0\u00a0\u00a0\u00a0\u00a0\u00a0\u00a0\u00a0\u00a0\u00a0\u00a0\u00a0\u00a0\u00a0\u00a0\u00a0\u00a0\u00a0\u00a0\u00a0\u00a0\u00a0\u00a0\u00a0\u00a0\u00a0\u00a0\u00a0\u00a0\u00a0\u00a0\u00a0\u00a0\u00a0\u00a0\u00a0\u00a0\u00a0\u00a0\u00a0\u00a0\u00a0\u00a0\u00a0\u00a0\u00a0\u00a0\u00a0\u00a0\u00a0\u00a0\u00a0\u00a0\u00a0\u00a0\u00a0\u00a0\u00a0\u00a0\u00a0\u00a0\u00a0\u00a0\u00a0\u00a0\u00a0\u00a0\u00a0\u00a0\u00a0\u00a0\u00a0\u00a0\u00a0DIAPOS DE LAS CLASES Apunte \u00abEstabilidad en sistemas realimentados\u00bb, del Prof. Fadel Apunte \u00abDise\u00f1o de compensadores\u00bb, del Prof. Fadel Apunte \u00abAgregado de ceros y polos en la ganancia de lazo&#8230;\u00bb, del Prof. Fadel Sensibilidad con respecto a variaci\u00f3n de par\u00e1metros (pp.14-17) Reglas para el trazado del LGR Apunte de RESPUESTA EN EL TIEMPO, del Ing. [&hellip;]<\/p>\n","protected":false},"author":180,"featured_media":0,"parent":0,"menu_order":0,"comment_status":"closed","ping_status":"closed","template":"","meta":[],"_links":{"self":[{"href":"https:\/\/catedras.facet.unt.edu.ar\/sist-control\/wp-json\/wp\/v2\/pages\/93"}],"collection":[{"href":"https:\/\/catedras.facet.unt.edu.ar\/sist-control\/wp-json\/wp\/v2\/pages"}],"about":[{"href":"https:\/\/catedras.facet.unt.edu.ar\/sist-control\/wp-json\/wp\/v2\/types\/page"}],"author":[{"embeddable":true,"href":"https:\/\/catedras.facet.unt.edu.ar\/sist-control\/wp-json\/wp\/v2\/users\/180"}],"replies":[{"embeddable":true,"href":"https:\/\/catedras.facet.unt.edu.ar\/sist-control\/wp-json\/wp\/v2\/comments?post=93"}],"version-history":[{"count":80,"href":"https:\/\/catedras.facet.unt.edu.ar\/sist-control\/wp-json\/wp\/v2\/pages\/93\/revisions"}],"predecessor-version":[{"id":727,"href":"https:\/\/catedras.facet.unt.edu.ar\/sist-control\/wp-json\/wp\/v2\/pages\/93\/revisions\/727"}],"wp:attachment":[{"href":"https:\/\/catedras.facet.unt.edu.ar\/sist-control\/wp-json\/wp\/v2\/media?parent=93"}],"curies":[{"name":"wp","href":"https:\/\/api.w.org\/{rel}","templated":true}]}}