{"id":462,"date":"2022-08-14T21:18:51","date_gmt":"2022-08-15T00:18:51","guid":{"rendered":"https:\/\/catedras.facet.unt.edu.ar\/sist-control\/?page_id=462"},"modified":"2022-08-14T21:22:23","modified_gmt":"2022-08-15T00:22:23","slug":"enunciados-2021","status":"publish","type":"page","link":"https:\/\/catedras.facet.unt.edu.ar\/sist-control\/enunciados-2021\/","title":{"rendered":"Enunciados 2021"},"content":{"rendered":"<p>EJERCICIOS 2021:<\/p>\n<p><a href=\"https:\/\/catedras.facet.unt.edu.ar\/sist-control\/wp-content\/uploads\/sites\/77\/2021\/11\/Ejercicios-propuestos-4-SC1-2020.pdf\">Ejercicios Propuestos 4<\/a><\/p>\n<p><a href=\"https:\/\/catedras.facet.unt.edu.ar\/sist-control\/wp-content\/uploads\/sites\/77\/2021\/10\/Ej-Prop-3-SC1-2021.pdf\">Ejercicios Propuestos 3<\/a><\/p>\n<p><a href=\"https:\/\/catedras.facet.unt.edu.ar\/sist-control\/wp-content\/uploads\/sites\/77\/2021\/09\/Ej-Prop-2-SC1-2021.pdf\">Ejercicios Propuestos 2<\/a><\/p>\n<p><a href=\"https:\/\/catedras.facet.unt.edu.ar\/sist-control\/wp-content\/uploads\/sites\/77\/2021\/08\/Ejercicios-Prop-1-sc1-2021.pdf\">Ejercicios Propuestos 1<\/a><\/p>\n<p>&nbsp;<\/p>\n<p>TRABAJOS PR\u00c1CTICOS\u00a0 DE SIMULACI\u00d3N:<\/p>\n<p><a href=\"https:\/\/catedras.facet.unt.edu.ar\/sist-control\/wp-content\/uploads\/sites\/77\/2021\/11\/LAB-5-SC1-2021.pdf\">TRABAJO PR\u00c1CTICO 5<\/a><\/p>\n<p><a href=\"https:\/\/catedras.facet.unt.edu.ar\/sist-control\/wp-content\/uploads\/sites\/77\/2021\/10\/LAB-4-SC1-2021.pdf\">TRABAJO PR\u00c1CTICO 4<\/a><\/p>\n<p><a href=\"https:\/\/catedras.facet.unt.edu.ar\/sist-control\/wp-content\/uploads\/sites\/77\/2021\/10\/TP-3-SC1-2021.pdf\">TRABAJO PR\u00c1CTICO 3<\/a><\/p>\n<p><a href=\"https:\/\/catedras.facet.unt.edu.ar\/sist-control\/wp-content\/uploads\/sites\/77\/2021\/09\/TP2-SC1-2021.pdf\">TRABAJO PR\u00c1CTICO 2<\/a><\/p>\n<p><a href=\"https:\/\/catedras.facet.unt.edu.ar\/sist-control\/wp-content\/uploads\/sites\/77\/2021\/08\/TP1-SC1-2021.pdf\">TRABAJO PR\u00c1CTICO 1<\/a><\/p>\n<p>&nbsp;<\/p>\n","protected":false},"excerpt":{"rendered":"<p>EJERCICIOS 2021: Ejercicios Propuestos 4 Ejercicios Propuestos 3 Ejercicios Propuestos 2 Ejercicios Propuestos 1 &nbsp; TRABAJOS PR\u00c1CTICOS\u00a0 DE SIMULACI\u00d3N: TRABAJO PR\u00c1CTICO 5 TRABAJO PR\u00c1CTICO 4 TRABAJO PR\u00c1CTICO 3 TRABAJO PR\u00c1CTICO 2 TRABAJO PR\u00c1CTICO 1 &nbsp;<\/p>\n","protected":false},"author":180,"featured_media":0,"parent":0,"menu_order":0,"comment_status":"closed","ping_status":"closed","template":"","meta":[],"_links":{"self":[{"href":"https:\/\/catedras.facet.unt.edu.ar\/sist-control\/wp-json\/wp\/v2\/pages\/462"}],"collection":[{"href":"https:\/\/catedras.facet.unt.edu.ar\/sist-control\/wp-json\/wp\/v2\/pages"}],"about":[{"href":"https:\/\/catedras.facet.unt.edu.ar\/sist-control\/wp-json\/wp\/v2\/types\/page"}],"author":[{"embeddable":true,"href":"https:\/\/catedras.facet.unt.edu.ar\/sist-control\/wp-json\/wp\/v2\/users\/180"}],"replies":[{"embeddable":true,"href":"https:\/\/catedras.facet.unt.edu.ar\/sist-control\/wp-json\/wp\/v2\/comments?post=462"}],"version-history":[{"count":3,"href":"https:\/\/catedras.facet.unt.edu.ar\/sist-control\/wp-json\/wp\/v2\/pages\/462\/revisions"}],"predecessor-version":[{"id":466,"href":"https:\/\/catedras.facet.unt.edu.ar\/sist-control\/wp-json\/wp\/v2\/pages\/462\/revisions\/466"}],"wp:attachment":[{"href":"https:\/\/catedras.facet.unt.edu.ar\/sist-control\/wp-json\/wp\/v2\/media?parent=462"}],"curies":[{"name":"wp","href":"https:\/\/api.w.org\/{rel}","templated":true}]}}