{"id":43,"date":"2016-08-13T04:16:52","date_gmt":"2016-08-13T07:16:52","guid":{"rendered":"https:\/\/catedras.facet.unt.edu.ar\/sist-control1\/?page_id=43"},"modified":"2023-08-25T00:30:31","modified_gmt":"2023-08-25T03:30:31","slug":"condiciones-de-aprobacion","status":"publish","type":"page","link":"https:\/\/catedras.facet.unt.edu.ar\/sist-control\/condiciones-de-aprobacion\/","title":{"rendered":"REGLAMENTO"},"content":{"rendered":"<p><strong>CLASES TE\u00d3RICAS:<\/strong><\/p>\n<p>(2 por semana; martes y jueves)<\/p>\n<p>Se desarrolla el marco te\u00f3rico de cada tema, destacando claramente tanto las premisas conceptuales y tecnol\u00f3gicas como las limitaciones de leyes, convenios y definiciones que presenta la Teor\u00eda Cl\u00e1sica de Control. Las clases van complementadas con la propuesta y planteo de problemas tipo. Se busca la permanente participaci\u00f3n del alumnado.<\/p>\n<p>&nbsp;<\/p>\n<p><strong>CLASES PR\u00c1CTICAS:<\/strong><\/p>\n<p>(1 por semana; martes)<\/p>\n<p>Se desarrollan 2 tipos de clases pr\u00e1cticas:<br \/>\nA). Resoluci\u00f3n de ejercicios y problemas \u00abtipo\u00bb (te\u00f3rico-pr\u00e1cticos): Se discute la resoluci\u00f3n de problemas y ejercicios mencionados en las clases te\u00f3ricas y otros adicionales. Desarrollos en forma individual y grupal (habiendo una evaluaci\u00f3n individual). Tambi\u00e9n se realizar\u00e1n 5 quiz en el horario de estas pr\u00e1cticas.<\/p>\n<p>B). 5 Trabajos pr\u00e1cticos de laboratorio de sistemas din\u00e1micos y de control; afianzando con esto la destreza en el manejo de instrumental para la medici\u00f3n de se\u00f1ales en tiempo y frecuencia.\u00a0 Previamente a cada actividad de laboratorio se debe haber llevado a cabo la simulaci\u00f3n pertinente.<\/p>\n<p>Se trabaja en grupos, aunque la calificaci\u00f3n es individual.<\/p>\n<p>&nbsp;<\/p>\n<p><strong>PARCIALES<\/strong><\/p>\n<p>Se realizar\u00e1n 3 evaluaciones parciales presenciales.<\/p>\n<p>&nbsp;<\/p>\n<p><strong>REGULARIDAD<\/strong><\/p>\n<p>Se logra aprobando la totalidad de las actividades pr\u00e1cticas y los parciales, con promedio 4 en los parcilales,\u00a0 5 en los quiz, y 6 en el laboratorio.<\/p>\n<p>Con respecto a los parciales y los quiz: en caso de desaprobaci\u00f3n de alguno\/s, se tendr\u00e1 derecho a una instancia de recuperaci\u00f3n en el mes de febrero.<\/p>\n<p>&nbsp;<\/p>\n<p><strong>PROMOCI\u00d3N<\/strong><\/p>\n<p>Con promedio mayor o igual a 7, sin haber desaprobado ning\u00fan examen parcial ni quiz, y habiendo concluido las actividades pr\u00e1cticas al finalizar las clases (en el mes de diciembre)<\/p>\n<p>&nbsp;<\/p>\n","protected":false},"excerpt":{"rendered":"<p>CLASES TE\u00d3RICAS: (2 por semana; martes y jueves) Se desarrolla el marco te\u00f3rico de cada tema, destacando claramente tanto las premisas conceptuales y tecnol\u00f3gicas como las limitaciones de leyes, convenios y definiciones que presenta la Teor\u00eda Cl\u00e1sica de Control. Las clases van complementadas con la propuesta y planteo de problemas tipo. Se busca la permanente [&hellip;]<\/p>\n","protected":false},"author":180,"featured_media":0,"parent":0,"menu_order":0,"comment_status":"closed","ping_status":"closed","template":"","meta":[],"_links":{"self":[{"href":"https:\/\/catedras.facet.unt.edu.ar\/sist-control\/wp-json\/wp\/v2\/pages\/43"}],"collection":[{"href":"https:\/\/catedras.facet.unt.edu.ar\/sist-control\/wp-json\/wp\/v2\/pages"}],"about":[{"href":"https:\/\/catedras.facet.unt.edu.ar\/sist-control\/wp-json\/wp\/v2\/types\/page"}],"author":[{"embeddable":true,"href":"https:\/\/catedras.facet.unt.edu.ar\/sist-control\/wp-json\/wp\/v2\/users\/180"}],"replies":[{"embeddable":true,"href":"https:\/\/catedras.facet.unt.edu.ar\/sist-control\/wp-json\/wp\/v2\/comments?post=43"}],"version-history":[{"count":30,"href":"https:\/\/catedras.facet.unt.edu.ar\/sist-control\/wp-json\/wp\/v2\/pages\/43\/revisions"}],"predecessor-version":[{"id":48,"href":"https:\/\/catedras.facet.unt.edu.ar\/sist-control\/wp-json\/wp\/v2\/pages\/43\/revisions\/48"}],"wp:attachment":[{"href":"https:\/\/catedras.facet.unt.edu.ar\/sist-control\/wp-json\/wp\/v2\/media?parent=43"}],"curies":[{"name":"wp","href":"https:\/\/api.w.org\/{rel}","templated":true}]}}