{"id":184,"date":"2018-08-15T18:13:13","date_gmt":"2018-08-15T21:13:13","guid":{"rendered":"https:\/\/catedras.facet.unt.edu.ar\/sist-control1\/?page_id=184"},"modified":"2023-08-16T00:54:59","modified_gmt":"2023-08-16T03:54:59","slug":"anos_pasados","status":"publish","type":"page","link":"https:\/\/catedras.facet.unt.edu.ar\/sist-control\/anos_pasados\/","title":{"rendered":"A\u00d1OS ANTERIORES"},"content":{"rendered":"<h4><a href=\"https:\/\/catedras.facet.unt.edu.ar\/sist-control\/enunciados-2022\/\">A\u00f1o 2022<\/a><\/h4>\n<h4><a href=\"https:\/\/catedras.facet.unt.edu.ar\/sist-control\/enunciados-2021\" target=\"_blank\" rel=\"noopener noreferrer\">A\u00f1o 2021<\/a><\/h4>\n<h4><a href=\"https:\/\/catedras.facet.unt.edu.ar\/sist-control\/enunciados-2019\/\">A\u00f1o 2019<\/a><\/h4>\n<h4><a href=\"https:\/\/catedras.facet.unt.edu.ar\/sist-control\/tps_2018\/\">A\u00f1o 2018<\/a><\/h4>\n<h4 style=\"color: #18ab13\"><a href=\"https:\/\/catedras.facet.unt.edu.ar\/sist-control\/tps_2016\/\">A\u00f1o 2016<\/a><\/h4>\n<h4 style=\"color: #18ab13\"><\/h4>\n","protected":false},"excerpt":{"rendered":"<p>A\u00f1o 2022 A\u00f1o 2021 A\u00f1o 2019 A\u00f1o 2018 A\u00f1o 2016<\/p>\n","protected":false},"author":180,"featured_media":0,"parent":0,"menu_order":0,"comment_status":"closed","ping_status":"closed","template":"","meta":[],"_links":{"self":[{"href":"https:\/\/catedras.facet.unt.edu.ar\/sist-control\/wp-json\/wp\/v2\/pages\/184"}],"collection":[{"href":"https:\/\/catedras.facet.unt.edu.ar\/sist-control\/wp-json\/wp\/v2\/pages"}],"about":[{"href":"https:\/\/catedras.facet.unt.edu.ar\/sist-control\/wp-json\/wp\/v2\/types\/page"}],"author":[{"embeddable":true,"href":"https:\/\/catedras.facet.unt.edu.ar\/sist-control\/wp-json\/wp\/v2\/users\/180"}],"replies":[{"embeddable":true,"href":"https:\/\/catedras.facet.unt.edu.ar\/sist-control\/wp-json\/wp\/v2\/comments?post=184"}],"version-history":[{"count":17,"href":"https:\/\/catedras.facet.unt.edu.ar\/sist-control\/wp-json\/wp\/v2\/pages\/184\/revisions"}],"predecessor-version":[{"id":590,"href":"https:\/\/catedras.facet.unt.edu.ar\/sist-control\/wp-json\/wp\/v2\/pages\/184\/revisions\/590"}],"wp:attachment":[{"href":"https:\/\/catedras.facet.unt.edu.ar\/sist-control\/wp-json\/wp\/v2\/media?parent=184"}],"curies":[{"name":"wp","href":"https:\/\/api.w.org\/{rel}","templated":true}]}}