{"id":129,"date":"2016-10-26T19:18:59","date_gmt":"2016-10-26T22:18:59","guid":{"rendered":"https:\/\/catedras.facet.unt.edu.ar\/sist-control1\/?page_id=129"},"modified":"2023-08-24T02:37:31","modified_gmt":"2023-08-24T05:37:31","slug":"novedades","status":"publish","type":"page","link":"https:\/\/catedras.facet.unt.edu.ar\/sist-control\/novedades\/","title":{"rendered":"Novedades"},"content":{"rendered":"<p>Primera clase\u00a0 de SISTEMAS DE CONTROL 1 , 2023, para Ings. El\u00e9ctrica y Electr\u00f3nica:<\/p>\n<p>Jueves 24de agosto a Hs. 10:00, en el aula 1-3-14 (DEEC1)<\/p>\n<p><a href=\"https:\/\/catedras.facet.unt.edu.ar\/sist-control\/wp-content\/uploads\/sites\/77\/2023\/08\/Presentacion-SC1-2023.pdf\">Presentaci\u00f3n 24-08-23<\/a><\/p>\n<p>Aula virtual de la asignatura:<\/p>\n<p><a href=\"https:\/\/facetvirtual.facet.unt.edu.ar\/course\/view.php?id=378\">https:\/\/facetvirtual.facet.unt.edu.ar\/course\/view.php?id=378<\/a><\/p>\n<p>&nbsp;<\/p>\n","protected":false},"excerpt":{"rendered":"<p>Primera clase\u00a0 de SISTEMAS DE CONTROL 1 , 2023, para Ings. El\u00e9ctrica y Electr\u00f3nica: Jueves 24de agosto a Hs. 10:00, en el aula 1-3-14 (DEEC1) Presentaci\u00f3n 24-08-23 Aula virtual de la asignatura: https:\/\/facetvirtual.facet.unt.edu.ar\/course\/view.php?id=378 &nbsp;<\/p>\n","protected":false},"author":180,"featured_media":0,"parent":0,"menu_order":0,"comment_status":"closed","ping_status":"closed","template":"","meta":[],"_links":{"self":[{"href":"https:\/\/catedras.facet.unt.edu.ar\/sist-control\/wp-json\/wp\/v2\/pages\/129"}],"collection":[{"href":"https:\/\/catedras.facet.unt.edu.ar\/sist-control\/wp-json\/wp\/v2\/pages"}],"about":[{"href":"https:\/\/catedras.facet.unt.edu.ar\/sist-control\/wp-json\/wp\/v2\/types\/page"}],"author":[{"embeddable":true,"href":"https:\/\/catedras.facet.unt.edu.ar\/sist-control\/wp-json\/wp\/v2\/users\/180"}],"replies":[{"embeddable":true,"href":"https:\/\/catedras.facet.unt.edu.ar\/sist-control\/wp-json\/wp\/v2\/comments?post=129"}],"version-history":[{"count":33,"href":"https:\/\/catedras.facet.unt.edu.ar\/sist-control\/wp-json\/wp\/v2\/pages\/129\/revisions"}],"predecessor-version":[{"id":599,"href":"https:\/\/catedras.facet.unt.edu.ar\/sist-control\/wp-json\/wp\/v2\/pages\/129\/revisions\/599"}],"wp:attachment":[{"href":"https:\/\/catedras.facet.unt.edu.ar\/sist-control\/wp-json\/wp\/v2\/media?parent=129"}],"curies":[{"name":"wp","href":"https:\/\/api.w.org\/{rel}","templated":true}]}}