{"id":85,"date":"2015-04-20T16:22:12","date_gmt":"2015-04-20T19:22:12","guid":{"rendered":"https:\/\/catedras.facet.unt.edu.ar\/sep\/?page_id=85"},"modified":"2015-08-26T14:36:55","modified_gmt":"2015-08-26T17:36:55","slug":"evaluacion","status":"publish","type":"page","link":"https:\/\/catedras.facet.unt.edu.ar\/sep\/evaluacion\/","title":{"rendered":"Evaluaci\u00f3n"},"content":{"rendered":"<p><strong>Condiciones para Regularizar la Asignatura<\/strong><\/p>\n<p>&#8211; Contar con una asistencia a las clases pr\u00e1cticas mayor al 80%.<\/p>\n<p>&#8211; Presentar y aprobar la Carpeta de Trabajos Pr\u00e1cticos en tiempo y forma.<\/p>\n<p>&#8211; Presentar en la Jornada de Seminarios de fin de Curso, de manera escrita, oral y \u00a0p\u00fablica, las Simulaciones realizadas en PC. La asistencia a esta Jornada es obligatoria para todos los alumnos.<\/p>\n<p>&nbsp;<\/p>\n<p><strong>Condiciones para Aprobar la Asignatura<\/strong><\/p>\n<ul>\n<li><em>Para el Alumno Regular<\/em><\/li>\n<\/ul>\n<p>&#8211; Aprobar Examen Final<\/p>\n<ul>\n<li><em>Para el Alumno Libre<\/em><\/li>\n<\/ul>\n<p>&#8211; Presentar y aprobar la Carpeta de Trabajos Pr\u00e1cticos<\/p>\n<p>&#8211; Analizar un art\u00edculo cient\u00edfico y presentarlo de manera escrita, oral y p\u00fablica<strong> \u00a0<\/strong><\/p>\n<p>&#8211; Aprobar examen final escrito<\/p>\n<p>&#8211; Aprobar examen final oral<\/p>\n","protected":false},"excerpt":{"rendered":"<p>Condiciones para Regularizar la Asignatura &#8211; Contar con una asistencia a las clases pr\u00e1cticas mayor al 80%. &#8211; Presentar y aprobar la Carpeta de Trabajos Pr\u00e1cticos en tiempo y forma. &#8211; Presentar en la Jornada de Seminarios de fin de Curso, de manera escrita, oral y \u00a0p\u00fablica, las Simulaciones realizadas en PC. La asistencia a [&hellip;]<\/p>\n","protected":false},"author":131,"featured_media":0,"parent":0,"menu_order":5,"comment_status":"closed","ping_status":"closed","template":"","meta":[],"_links":{"self":[{"href":"https:\/\/catedras.facet.unt.edu.ar\/sep\/wp-json\/wp\/v2\/pages\/85"}],"collection":[{"href":"https:\/\/catedras.facet.unt.edu.ar\/sep\/wp-json\/wp\/v2\/pages"}],"about":[{"href":"https:\/\/catedras.facet.unt.edu.ar\/sep\/wp-json\/wp\/v2\/types\/page"}],"author":[{"embeddable":true,"href":"https:\/\/catedras.facet.unt.edu.ar\/sep\/wp-json\/wp\/v2\/users\/131"}],"replies":[{"embeddable":true,"href":"https:\/\/catedras.facet.unt.edu.ar\/sep\/wp-json\/wp\/v2\/comments?post=85"}],"version-history":[{"count":3,"href":"https:\/\/catedras.facet.unt.edu.ar\/sep\/wp-json\/wp\/v2\/pages\/85\/revisions"}],"predecessor-version":[{"id":105,"href":"https:\/\/catedras.facet.unt.edu.ar\/sep\/wp-json\/wp\/v2\/pages\/85\/revisions\/105"}],"wp:attachment":[{"href":"https:\/\/catedras.facet.unt.edu.ar\/sep\/wp-json\/wp\/v2\/media?parent=85"}],"curies":[{"name":"wp","href":"https:\/\/api.w.org\/{rel}","templated":true}]}}