{"id":79,"date":"2015-04-20T16:09:22","date_gmt":"2015-04-20T19:09:22","guid":{"rendered":"https:\/\/catedras.facet.unt.edu.ar\/sep\/?page_id=79"},"modified":"2015-08-25T18:02:17","modified_gmt":"2015-08-25T21:02:17","slug":"objetivos","status":"publish","type":"page","link":"https:\/\/catedras.facet.unt.edu.ar\/sep\/objetivos\/","title":{"rendered":"Objetivos"},"content":{"rendered":"<p><strong>OBJETIVOS<\/strong><\/p>\n<p>Lograr que el alumno sea capaz de:<\/p>\n<p>&#8211; Conocer el Sistema Argentino de Interconexi\u00f3n (SADI).<\/p>\n<p>&#8211; Modelar y representar los elementos de un Sistema El\u00e9ctrico de Potencia (SEP) seg\u00fan los estudios requeridos.<\/p>\n<p>&#8211; Analizar el funcionamiento de los SEP en r\u00e9gimen normal y transitorio (Flujo de Carga, Cortocircuito y Estabilidad).<\/p>\n<p>&#8211; Desarrollar la capacidad y aptitud para la utilizaci\u00f3n de alg\u00fan programa de simulaci\u00f3n de SEP (Digsilent Power Factory, Power World, Replan, etc.) con aplicaci\u00f3n en diferentes estudios.<\/p>\n<p>&#8211; Aprender par\u00e1metros caracter\u00edsticos de los elementos del sistema de potencia, armar bases de datos, analizar resultados.<\/p>\n<p>&#8211; Analizar el despacho econ\u00f3mico de unidades de generaci\u00f3n t\u00e9rmica, con y sin p\u00e9rdidas.<\/p>\n<p>&#8211; Aprender los conceptos b\u00e1sicos del Mercado El\u00e9ctrico Mayorista<\/p>\n","protected":false},"excerpt":{"rendered":"<p>OBJETIVOS Lograr que el alumno sea capaz de: &#8211; Conocer el Sistema Argentino de Interconexi\u00f3n (SADI). &#8211; Modelar y representar los elementos de un Sistema El\u00e9ctrico de Potencia (SEP) seg\u00fan los estudios requeridos. &#8211; Analizar el funcionamiento de los SEP en r\u00e9gimen normal y transitorio (Flujo de Carga, Cortocircuito y Estabilidad). &#8211; Desarrollar la capacidad [&hellip;]<\/p>\n","protected":false},"author":131,"featured_media":0,"parent":0,"menu_order":1,"comment_status":"closed","ping_status":"closed","template":"","meta":[],"_links":{"self":[{"href":"https:\/\/catedras.facet.unt.edu.ar\/sep\/wp-json\/wp\/v2\/pages\/79"}],"collection":[{"href":"https:\/\/catedras.facet.unt.edu.ar\/sep\/wp-json\/wp\/v2\/pages"}],"about":[{"href":"https:\/\/catedras.facet.unt.edu.ar\/sep\/wp-json\/wp\/v2\/types\/page"}],"author":[{"embeddable":true,"href":"https:\/\/catedras.facet.unt.edu.ar\/sep\/wp-json\/wp\/v2\/users\/131"}],"replies":[{"embeddable":true,"href":"https:\/\/catedras.facet.unt.edu.ar\/sep\/wp-json\/wp\/v2\/comments?post=79"}],"version-history":[{"count":1,"href":"https:\/\/catedras.facet.unt.edu.ar\/sep\/wp-json\/wp\/v2\/pages\/79\/revisions"}],"predecessor-version":[{"id":82,"href":"https:\/\/catedras.facet.unt.edu.ar\/sep\/wp-json\/wp\/v2\/pages\/79\/revisions\/82"}],"wp:attachment":[{"href":"https:\/\/catedras.facet.unt.edu.ar\/sep\/wp-json\/wp\/v2\/media?parent=79"}],"curies":[{"name":"wp","href":"https:\/\/api.w.org\/{rel}","templated":true}]}}