{"id":77,"date":"2015-04-20T15:56:38","date_gmt":"2015-04-20T18:56:38","guid":{"rendered":"https:\/\/catedras.facet.unt.edu.ar\/sep\/?page_id=77"},"modified":"2015-08-26T14:34:53","modified_gmt":"2015-08-26T17:34:53","slug":"programa","status":"publish","type":"page","link":"https:\/\/catedras.facet.unt.edu.ar\/sep\/programa\/","title":{"rendered":"Programa"},"content":{"rendered":"<p>&nbsp;<\/p>\n<p><strong>M\u00f3dulo I.-<\/strong> INTRODUCCION\u00a0 (2 y \u00bd semanas)<br \/>\nDefinici\u00f3n de Sistema y Sistema El\u00e9ctrico de Potencia. El Sistema El\u00e9ctrico Argentino. Elementos del Sistema.\u00a0 Representaci\u00f3n Unifilar. Sistemas por Unidad. Topolog\u00eda de Redes. Representaci\u00f3n Matricial.<\/p>\n<p>&nbsp;<\/p>\n<p><strong>M\u00f3dulo II .- <\/strong>FLUJO DE CARGA (3 y \u00bd semanas)<\/p>\n<p>Definici\u00f3n. Aplicaci\u00f3n. Modelado de los Elementos del Sistema. Matriz Admitancia de Barra. Ecuaciones Estacionarias. Tipos de Barras. M\u00e9todo de Gauss Seidel. M\u00e9todo de Newton Raphson. M\u00e9todo de Corriente Continua. Control de Flujos de Potencia Activa y Reactiva. Control de la Tensi\u00f3n. Transformadores con\u00a0 Conmutadores Bajo Carga.<\/p>\n<p>&nbsp;<\/p>\n<p><strong>M\u00f3dulo III .- <\/strong>CORTOCIRCUITO (2 y \u00bd semanas)<\/p>\n<p>Definici\u00f3n. Aplicaci\u00f3n. Modelado de los Elementos del Sistema. M\u00e9todos Directos de C\u00e1lculo. Componentes Sim\u00e9tricas. Fallas Sim\u00e9tricas y Asim\u00e9tricas. Matriz Impedancia de Barra. Matriz Impedancia de Falla. Ecuaci\u00f3n General de Cortocircuito. Potencia de Cortocircuito. Barra Infinita.<\/p>\n<p>&nbsp;<\/p>\n<p><strong>M\u00f3dulo IV.-<\/strong> ESTABILIDAD ESTATICA Y TRANSITORIA (2 y \u00bd semanas)<\/p>\n<p>Definici\u00f3n. Aplicaci\u00f3n. Estabilidad Est\u00e1tica. Ecuaci\u00f3n de Oscilaci\u00f3n. Modelado de los Elementos del Sistema. Ecuaci\u00f3n Potencia-Angulo de Carga. Criterio de Areas Iguales. Mejoramiento de la Estabilidad. Estabilidad M\u00faltiples M\u00e1quinas. M\u00e9todos de C\u00e1lculo.<\/p>\n<p>&nbsp;<\/p>\n<p><strong>M\u00f3dulo V.-<\/strong> DESPACHO ECONOMICO DE CARGAS (2 semanas)<\/p>\n<p>Definici\u00f3n. Aplicaci\u00f3n. Determinaci\u00f3n de Curvas de Consumo. Costo Incremental. M\u00e9todo de Lagrange. Restricciones. Condici\u00f3n de Optimo. Influencia de las P\u00e9rdidas.<\/p>\n<p>&nbsp;<\/p>\n<p><strong>M\u00f3dulo VI.-<\/strong> MERCADO ELECTRICO MAYORISTA (1 semana)<\/p>\n<p>Historia de la Industria El\u00e9ctrica Argentina. Crisis Electroenerg\u00e9tica de fines de los \u00b480. Caracter\u00edsticas del Mercado Actual. Actores del MEM. Tipos de Mercado. Precio de Mercado, Local y de Nodo. Sistema de Transacciones.<\/p>\n","protected":false},"excerpt":{"rendered":"<p>&nbsp; M\u00f3dulo I.- INTRODUCCION\u00a0 (2 y \u00bd semanas) Definici\u00f3n de Sistema y Sistema El\u00e9ctrico de Potencia. El Sistema El\u00e9ctrico Argentino. Elementos del Sistema.\u00a0 Representaci\u00f3n Unifilar. Sistemas por Unidad. Topolog\u00eda de Redes. Representaci\u00f3n Matricial. &nbsp; M\u00f3dulo II .- FLUJO DE CARGA (3 y \u00bd semanas) Definici\u00f3n. Aplicaci\u00f3n. Modelado de los Elementos del Sistema. Matriz Admitancia de [&hellip;]<\/p>\n","protected":false},"author":131,"featured_media":0,"parent":0,"menu_order":2,"comment_status":"closed","ping_status":"closed","template":"","meta":[],"_links":{"self":[{"href":"https:\/\/catedras.facet.unt.edu.ar\/sep\/wp-json\/wp\/v2\/pages\/77"}],"collection":[{"href":"https:\/\/catedras.facet.unt.edu.ar\/sep\/wp-json\/wp\/v2\/pages"}],"about":[{"href":"https:\/\/catedras.facet.unt.edu.ar\/sep\/wp-json\/wp\/v2\/types\/page"}],"author":[{"embeddable":true,"href":"https:\/\/catedras.facet.unt.edu.ar\/sep\/wp-json\/wp\/v2\/users\/131"}],"replies":[{"embeddable":true,"href":"https:\/\/catedras.facet.unt.edu.ar\/sep\/wp-json\/wp\/v2\/comments?post=77"}],"version-history":[{"count":3,"href":"https:\/\/catedras.facet.unt.edu.ar\/sep\/wp-json\/wp\/v2\/pages\/77\/revisions"}],"predecessor-version":[{"id":107,"href":"https:\/\/catedras.facet.unt.edu.ar\/sep\/wp-json\/wp\/v2\/pages\/77\/revisions\/107"}],"wp:attachment":[{"href":"https:\/\/catedras.facet.unt.edu.ar\/sep\/wp-json\/wp\/v2\/media?parent=77"}],"curies":[{"name":"wp","href":"https:\/\/api.w.org\/{rel}","templated":true}]}}