{"id":42,"date":"2015-03-30T14:39:58","date_gmt":"2015-03-30T17:39:58","guid":{"rendered":"https:\/\/catedras.facet.unt.edu.ar\/sep\/?page_id=42"},"modified":"2024-03-20T12:42:33","modified_gmt":"2024-03-20T15:42:33","slug":"documentos","status":"publish","type":"page","link":"https:\/\/catedras.facet.unt.edu.ar\/sep\/documentos\/","title":{"rendered":"Documentos de estudio"},"content":{"rendered":"<div id=\"pl-42\"  class=\"panel-layout\" ><div id=\"pg-42-0\"  class=\"panel-grid panel-no-style\" ><div id=\"pgc-42-0-0\"  class=\"panel-grid-cell\" ><div id=\"panel-42-0-0-0\" class=\"so-panel widget widget_sow-editor panel-first-child panel-last-child\" data-index=\"0\" ><div\n\t\t\t\n\t\t\tclass=\"so-widget-sow-editor so-widget-sow-editor-base\"\n\t\t\t\n\t\t>\n<div class=\"siteorigin-widget-tinymce textwidget\">\n\t<ul>\n<li><strong>Apuntes de C\u00e1tedra:<\/strong><\/li>\n<\/ul>\n<p><strong>MODULO I<\/strong> : Introducci\u00f3n<\/p>\n<p>a) \u00a0Introducci\u00f3n a los Sistemas El\u00e9ctricos de Potencia<\/p>\n<p><a href=\"https:\/\/catedras.facet.unt.edu.ar\/sep\/wp-content\/uploads\/sites\/20\/2015\/03\/SEP-Introduccion-2015.pdf\" rel=\"\">SEP - Introducci\u00f3n<\/a><\/p>\n<p>b) Sistemas en por unidad<\/p>\n<p><a href=\"https:\/\/catedras.facet.unt.edu.ar\/sep\/wp-content\/uploads\/sites\/20\/2015\/03\/SEP-Sistemas-por-Unidad.pdf\">SEP - Sistemas por Unidad<\/a><\/p>\n<p><strong>MODULO II: \u00a0Flujo de carga<\/strong><\/p>\n<p>a) Matriz\u00a0Admitancia de Barras<\/p>\n<p><a href=\"https:\/\/catedras.facet.unt.edu.ar\/sep\/wp-content\/uploads\/sites\/20\/2015\/04\/Y-Barra-Transparencias.pdf\">Y-Barra-Transparencias<\/a>, \u00a0<a href=\"https:\/\/catedras.facet.unt.edu.ar\/sep\/wp-content\/uploads\/sites\/20\/2015\/04\/Y-Barra-2.pdf\">Y-Barra-2<\/a><\/p>\n<p>b) Flujo de carga<\/p>\n<p><a href=\"https:\/\/catedras.facet.unt.edu.ar\/sep\/wp-content\/uploads\/sites\/20\/2015\/03\/Apunte-de-Flujo-de-Carga-En-etapa-de-correcci\u00f3n.pdf\" rel=\"\">Apunte de Flujo de Carga-En etapa de correcci\u00f3n<\/a><\/p>\n<p><strong>MODULO III: \u00a0Cortocircuito<\/strong><\/p>\n<p><a href=\"https:\/\/catedras.facet.unt.edu.ar\/sep\/wp-content\/uploads\/sites\/20\/2015\/03\/Car\u00e1tula-Apunte.pdf\">Car\u00e1tula Apunte<\/a><\/p>\n<p><a href=\"https:\/\/catedras.facet.unt.edu.ar\/sep\/wp-content\/uploads\/sites\/20\/2015\/03\/Apunte-de-C\u00e1tedra-Cortocircuito.pdf\">Apunte de C\u00e1tedra-Cortocircuito<\/a><\/p>\n<p><strong>MODULO IV: Estabilidad est\u00e1tica y transitoria<\/strong><\/p>\n<p><a href=\"https:\/\/catedras.facet.unt.edu.ar\/sep\/wp-content\/uploads\/sites\/20\/2015\/03\/Apunte-Borrador-Estabilidad.pdf\">Apunte Borrador-Estabilidad<\/a><\/p>\n<p><strong>MODULO V: Despacho econ\u00f3mico de cargas<\/strong><\/p>\n<p><a href=\"https:\/\/catedras.facet.unt.edu.ar\/sep\/wp-content\/uploads\/sites\/20\/2015\/03\/Apunte-Borrador-Despacho-Econ\u00f3mico.pdf\">Apunte Borrador-Despacho Econ\u00f3mico<\/a><\/p>\n<p><strong>MODULO VI:\u00a0Mercado El\u00e9ctrico Mayorista<\/strong><\/p>\n<p><a href=\"https:\/\/catedras.facet.unt.edu.ar\/sep\/wp-content\/uploads\/sites\/20\/2016\/06\/Apunte-MERCADO-ELECTRICO.pdf\">Apunte Mercado El\u00e9ctrico<\/a><\/p>\n<ul>\n<li><strong>Apuntes varios:<\/strong><\/li>\n<\/ul>\n<p>Flujo de carga<\/p>\n<p><a href=\"https:\/\/catedras.facet.unt.edu.ar\/sep\/wp-content\/uploads\/sites\/20\/2015\/03\/Por-Unidad-y-Flujo-de-Carga.pdf\">Por Unidad y Flujo de Carga<\/a><\/p>\n<p>Cortocircuito<\/p>\n<p><a href=\"https:\/\/catedras.facet.unt.edu.ar\/sep\/wp-content\/uploads\/sites\/20\/2015\/03\/Art\u00edculo-de-Fortescue.pdf\">Art\u00edculo de Fortescue<\/a><\/p>\n<p><a href=\"https:\/\/catedras.facet.unt.edu.ar\/sep\/wp-content\/uploads\/sites\/20\/2015\/03\/Schneider-componentes-simetricas.pdf\">Schneider-componentes simetricas<\/a><\/p>\n<p><a href=\"https:\/\/catedras.facet.unt.edu.ar\/sep\/wp-content\/uploads\/sites\/20\/2015\/03\/Schneider-ctocto.pdf\">Schneider-ctocto<\/a><\/p>\n<p><a href=\"https:\/\/catedras.facet.unt.edu.ar\/sep\/wp-content\/uploads\/sites\/20\/2015\/03\/Schneider-RedesMT.pdf\">Schneider-RedesMT<\/a><\/p>\n<p>Mercado El\u00e9ctrico Mayorista<\/p>\n<p><a href=\"https:\/\/catedras.facet.unt.edu.ar\/sep\/wp-content\/uploads\/sites\/20\/2016\/06\/Mercado-El\u00e9ctrico_presentaci\u00f3n-Nadra.pdf\">Mercado El\u00e9ctrico_presentaci\u00f3n Nadra<\/a><\/p>\n<ul>\n<li><strong>Esquemas del Sistema Argentino de Interconexi\u00f3n<\/strong>:<\/li>\n<\/ul>\n<p><a href=\"https:\/\/catedras.facet.unt.edu.ar\/sep\/wp-content\/uploads\/sites\/20\/2020\/03\/SADI-Geogr\u00e1fico-Marzo-2020.pdf\">SADI Geogr\u00e1fico - Marzo 2020<\/a><\/p>\n<p><a href=\"https:\/\/catedras.facet.unt.edu.ar\/sep\/wp-content\/uploads\/sites\/20\/2020\/03\/SADI-Unifilar-Marzo-2020.pdf\">SADI Unifilar - Marzo 2020<\/a><\/p>\n<p><a href=\"https:\/\/catedras.facet.unt.edu.ar\/sep\/wp-content\/uploads\/sites\/20\/2020\/03\/SADI-Unifilar-por-Propietario-Marzo-2020.pdf\">SADI Unifilar por Propietario - Marzo 2020<\/a><\/p>\n<ul>\n<li><strong>Informes del Sector El\u00e9ctrico<\/strong>:<\/li>\n<\/ul>\n<p><a href=\"https:\/\/catedras.facet.unt.edu.ar\/sep\/wp-content\/uploads\/sites\/20\/2020\/03\/CAMMESA-Informe-Anual-2018.zip\">CAMMESA - Informe Anual 2018<\/a><\/p>\n<ul>\n<li>Bibliograf\u00eda<\/li>\n<\/ul>\n<p><a href=\"https:\/\/catedras.facet.unt.edu.ar\/sep\/wp-content\/uploads\/sites\/20\/2020\/03\/An\u00e1lisis-de-Sistemas-de-Potencia-Grainger-Stevenson.pdf\">An\u00e1lisis de Sistemas de Potencia (Grainger - Stevenson)<\/a><\/p>\n<p><a href=\"https:\/\/catedras.facet.unt.edu.ar\/sep\/wp-content\/uploads\/sites\/20\/2020\/03\/Electric-Energy-Systems-Theory-An-Introduction-Elgerd.pdf\">Electric Energy Systems Theory - An Introduction (Elgerd)<\/a><\/p>\n<p><a href=\"https:\/\/drive.google.com\/file\/d\/1hQKlj1rnFR9lxfeYvn3dWRBNBuhu40RK\/view?usp=drive_link\">Handbook of Electric Power Calculations (Beaty)<\/a><\/p>\n<\/div>\n<\/div><\/div><\/div><\/div><\/div>","protected":false},"excerpt":{"rendered":"<p>Apuntes de C\u00e1tedra: MODULO I : Introducci\u00f3n a) \u00a0Introducci\u00f3n a los Sistemas El\u00e9ctricos de Potencia SEP &#8211; Introducci\u00f3n b) Sistemas en por unidad SEP &#8211; Sistemas por Unidad MODULO II: \u00a0Flujo de carga a) Matriz\u00a0Admitancia de Barras Y-Barra-Transparencias, \u00a0Y-Barra-2 b) Flujo de carga Apunte de Flujo de Carga-En etapa de correcci\u00f3n MODULO III: \u00a0Cortocircuito Car\u00e1tula [&hellip;]<\/p>\n","protected":false},"author":131,"featured_media":0,"parent":0,"menu_order":7,"comment_status":"closed","ping_status":"closed","template":"","meta":[],"_links":{"self":[{"href":"https:\/\/catedras.facet.unt.edu.ar\/sep\/wp-json\/wp\/v2\/pages\/42"}],"collection":[{"href":"https:\/\/catedras.facet.unt.edu.ar\/sep\/wp-json\/wp\/v2\/pages"}],"about":[{"href":"https:\/\/catedras.facet.unt.edu.ar\/sep\/wp-json\/wp\/v2\/types\/page"}],"author":[{"embeddable":true,"href":"https:\/\/catedras.facet.unt.edu.ar\/sep\/wp-json\/wp\/v2\/users\/131"}],"replies":[{"embeddable":true,"href":"https:\/\/catedras.facet.unt.edu.ar\/sep\/wp-json\/wp\/v2\/comments?post=42"}],"version-history":[{"count":16,"href":"https:\/\/catedras.facet.unt.edu.ar\/sep\/wp-json\/wp\/v2\/pages\/42\/revisions"}],"predecessor-version":[{"id":405,"href":"https:\/\/catedras.facet.unt.edu.ar\/sep\/wp-json\/wp\/v2\/pages\/42\/revisions\/405"}],"wp:attachment":[{"href":"https:\/\/catedras.facet.unt.edu.ar\/sep\/wp-json\/wp\/v2\/media?parent=42"}],"curies":[{"name":"wp","href":"https:\/\/api.w.org\/{rel}","templated":true}]}}