{"id":37,"date":"2014-08-12T11:49:09","date_gmt":"2014-08-12T14:49:09","guid":{"rendered":"https:\/\/catedras.facet.unt.edu.ar\/sep\/home\/"},"modified":"2016-03-21T16:00:03","modified_gmt":"2016-03-21T19:00:03","slug":"home","status":"publish","type":"page","link":"https:\/\/catedras.facet.unt.edu.ar\/sep\/","title":{"rendered":"Home"},"content":{"rendered":"<div id=\"pl-37\"  class=\"panel-layout\" ><div id=\"pg-37-0\"  class=\"panel-grid panel-has-style\" ><div class=\"wide-grey panel-row-style panel-row-style-for-37-0\" ><div id=\"pgc-37-0-0\"  class=\"panel-grid-cell\" ><div id=\"panel-37-0-0-0\" class=\"so-panel widget widget_headline-widget panel-first-child panel-last-child\" data-index=\"0\" >\t\t<h1>Sistemas El\u00e9ctricos de Potencia<\/h1>\n\t\t<div class=\"decoration\"><div class=\"decoration-inside\"><\/div><\/div>\n\t\t<h3>Esta sitio pertenece a la asignatura Sistemas El\u00e9ctricos de Potencia, asignatura obligatoria, perteneciente a la carrera Ingenier\u00eda El\u00e9ctrica del Departamento de El\u00e9ctrica, Electr\u00f3nica y Computaci\u00f3n. Aqu\u00ed encontrar\u00e1n informaci\u00f3n relativa a la c\u00e1tedra: anuncios, apuntes, programa, informaci\u00f3n de inter\u00e9s, etc.<\/h3>\n\t\t<\/div><\/div><\/div><\/div><div id=\"pg-37-1\"  class=\"panel-grid panel-no-style\" ><div id=\"pgc-37-1-0\"  class=\"panel-grid-cell\" ><div id=\"panel-37-1-0-0\" class=\"so-panel widget widget_circleicon-widget panel-first-child panel-last-child\" data-index=\"1\" >\t\t<div class=\"circle-icon-box circle-icon-position-top circle-icon-hide-box circle-icon-size-small\">\n\t\t\t<div class=\"circle-icon-wrapper\">\n\t\t\t\t<a href=\"https:\/\/catedras.facet.unt.edu.ar\/sep\/horarios\" class=\"link-icon\" >\t\t\t\t<div class=\"circle-icon\" >\n\t\t\t\t\t<div class=\"fa fa-clock-o\" ><\/div>\t\t\t\t<\/div>\n\t\t\t\t<\/a>\t\t\t<\/div>\n\n\t\t\t<a href=\"https:\/\/catedras.facet.unt.edu.ar\/sep\/horarios\" class=\"link-title\" >\t\t\t<h4 >Modalidad de cursado<\/h4>\t\t\t<\/a>\n\t\t\t<p class=\"text\" >Teor\u00eda: 3,5 horas semanales.                         Pr\u00e1ctica: 2,5 horas semanales<\/p>\t\t\t\t\t\t\t<a href=\"https:\/\/catedras.facet.unt.edu.ar\/sep\/horarios\" class=\"more-button\" >Ver horarios <i><\/i><\/a>\n\t\t\t\t\t<\/div>\n\t\t<\/div><\/div><div id=\"pgc-37-1-1\"  class=\"panel-grid-cell\" ><div id=\"panel-37-1-1-0\" class=\"so-panel widget widget_circleicon-widget panel-first-child panel-last-child\" data-index=\"2\" >\t\t<div class=\"circle-icon-box circle-icon-position-top circle-icon-hide-box circle-icon-size-small\">\n\t\t\t<div class=\"circle-icon-wrapper\">\n\t\t\t\t\t\t\t\t<div class=\"circle-icon\" >\n\t\t\t\t\t<div class=\"fa fa-check-circle-o\" ><\/div>\t\t\t\t<\/div>\n\t\t\t\t\t\t\t<\/div>\n\n\t\t\t\t\t\t<h4 >Correlatividades<\/h4>\t\t\t\n\t\t\t<p class=\"text\" >Qu\u00e9 materias deben tener regulares y aprobadas para poder inscribirse y rendir SEP<\/p>\t\t\t\t\t\t\t<a href=\"https:\/\/catedras.facet.unt.edu.ar\/sep\/correlatividades\" class=\"more-button\" >Ver... <i><\/i><\/a>\n\t\t\t\t\t<\/div>\n\t\t<\/div><\/div><div id=\"pgc-37-1-2\"  class=\"panel-grid-cell\" ><div id=\"panel-37-1-2-0\" class=\"so-panel widget widget_circleicon-widget panel-first-child panel-last-child\" data-index=\"3\" >\t\t<div class=\"circle-icon-box circle-icon-position-top circle-icon-hide-box circle-icon-size-small\">\n\t\t\t<div class=\"circle-icon-wrapper\">\n\t\t\t\t\t\t\t\t<div class=\"circle-icon\" >\n\t\t\t\t\t<div class=\"fa fa-inbox\" ><\/div>\t\t\t\t<\/div>\n\t\t\t\t\t\t\t<\/div>\n\n\t\t\t\t\t\t<h4 >Centrales El\u00e9ctricas<\/h4>\t\t\t\n\t\t\t<p class=\"text\" >Aqu\u00ed encontrar\u00e1n informaci\u00f3n relativa a la c\u00e1tedra: anuncios, apuntes, programa, informaci\u00f3n de inter\u00e9s, etc<\/p>\t\t\t\t\t\t\t<a href=\"https:\/\/catedras.facet.unt.edu.ar\/centraleselectricas\/\" class=\"more-button\" >Visitar la p\u00e1gina <i><\/i><\/a>\n\t\t\t\t\t<\/div>\n\t\t<\/div><\/div><\/div><div id=\"pg-37-2\"  class=\"panel-grid panel-no-style\" ><div id=\"pgc-37-2-0\"  class=\"panel-grid-cell panel-grid-cell-mobile-last\" ><div id=\"panel-37-2-0-0\" class=\"so-panel widget widget_siteorigin-panels-postloop panel-first-child panel-last-child\" data-index=\"4\" ><h3 class=\"widget-title\">Post de la C\u00e1tedra<\/h3>\n<article id=\"post-247\" class=\"post-247 post type-post status-publish format-standard hentry category-sin-categoria\">\n\n\t<div class=\"entry-main\">\n\n\t\t\n\t\t\n\t\t<div class=\"entry-content\">\n\t\t\t<p>Se public\u00f3 en la solapa de Trabajos Pr\u00e1cticos, el TP N\u00b0 1. Sistemas en <em>Por Unidad<\/em>.<\/p>\n\t\t\t\t\t<\/div><!-- .entry-content -->\n\n\t\t\n\t<\/div>\n\n<\/article><!-- #post-247 -->\n\n<article id=\"post-1\" class=\"post-1 post type-post status-publish format-standard hentry category-sin-categoria\">\n\n\t<div class=\"entry-main\">\n\n\t\t\n\t\t\n\t\t<div class=\"entry-content\">\n\t\t\t<p>Les damos la bienvenida desde el plantel docente de la c\u00e1tedra, a los alumnos que empiezan a cursar Sistemas El\u00e9ctricos de Potencia en este 2019. Esperamos puedan aprender mucho y disfrutar del cursado de esta asignatura.<\/p>\n\t\t\t\t\t<\/div><!-- .entry-content -->\n\n\t\t\n\t<\/div>\n\n<\/article><!-- #post-1 -->\n<\/div><\/div><div id=\"pgc-37-2-1\"  class=\"panel-grid-cell panel-grid-cell-empty\" ><\/div><\/div><\/div>","protected":false},"excerpt":{"rendered":"<p>Sistemas El\u00e9ctricos de Potencia Esta sitio pertenece a la asignatura Sistemas El\u00e9ctricos de Potencia, asignatura obligatoria, perteneciente a la carrera Ingenier\u00eda El\u00e9ctrica del Departamento de El\u00e9ctrica, Electr\u00f3nica y Computaci\u00f3n. Aqu\u00ed encontrar\u00e1n informaci\u00f3n relativa a la c\u00e1tedra: anuncios, apuntes, programa, informaci\u00f3n de inter\u00e9s, etc. &nbsp; Modalidad de cursado Teor\u00eda: 3,5 horas semanales. Pr\u00e1ctica: 2,5 horas semanales [&hellip;]<\/p>\n","protected":false},"author":1,"featured_media":50,"parent":0,"menu_order":0,"comment_status":"closed","ping_status":"closed","template":"home-panels.php","meta":[],"_links":{"self":[{"href":"https:\/\/catedras.facet.unt.edu.ar\/sep\/wp-json\/wp\/v2\/pages\/37"}],"collection":[{"href":"https:\/\/catedras.facet.unt.edu.ar\/sep\/wp-json\/wp\/v2\/pages"}],"about":[{"href":"https:\/\/catedras.facet.unt.edu.ar\/sep\/wp-json\/wp\/v2\/types\/page"}],"author":[{"embeddable":true,"href":"https:\/\/catedras.facet.unt.edu.ar\/sep\/wp-json\/wp\/v2\/users\/1"}],"replies":[{"embeddable":true,"href":"https:\/\/catedras.facet.unt.edu.ar\/sep\/wp-json\/wp\/v2\/comments?post=37"}],"version-history":[{"count":7,"href":"https:\/\/catedras.facet.unt.edu.ar\/sep\/wp-json\/wp\/v2\/pages\/37\/revisions"}],"predecessor-version":[{"id":146,"href":"https:\/\/catedras.facet.unt.edu.ar\/sep\/wp-json\/wp\/v2\/pages\/37\/revisions\/146"}],"wp:featuredmedia":[{"embeddable":true,"href":"https:\/\/catedras.facet.unt.edu.ar\/sep\/wp-json\/wp\/v2\/media\/50"}],"wp:attachment":[{"href":"https:\/\/catedras.facet.unt.edu.ar\/sep\/wp-json\/wp\/v2\/media?parent=37"}],"curies":[{"name":"wp","href":"https:\/\/api.w.org\/{rel}","templated":true}]}}