{"id":896,"date":"2023-03-09T01:28:05","date_gmt":"2023-03-09T04:28:05","guid":{"rendered":"https:\/\/catedras.facet.unt.edu.ar\/senialeselectricas\/?page_id=896"},"modified":"2023-04-17T22:28:22","modified_gmt":"2023-04-18T01:28:22","slug":"material-2022","status":"publish","type":"page","link":"https:\/\/catedras.facet.unt.edu.ar\/senialeselectricas\/material-2022\/","title":{"rendered":"Material 2022"},"content":{"rendered":"<p><a href=\"https:\/\/catedras.facet.unt.edu.ar\/senialeselectricas\/wp-content\/uploads\/sites\/108\/2022\/06\/Evaluativo-2-EAL-2021-T1.pdf\">Parcial 2 a\u00f1o 2021<\/a><\/p>\n<p><a href=\"https:\/\/catedras.facet.unt.edu.ar\/senialeselectricas\/wp-content\/uploads\/sites\/108\/2022\/06\/Evaluativo-3-EAL-2021-T2.pdf\">Parcial 3 a\u00f1o 2021<\/a><\/p>\n<p><a href=\"https:\/\/catedras.facet.unt.edu.ar\/senialeselectricas\/wp-content\/uploads\/sites\/108\/2022\/06\/Senales_Deteccion-en-presencia-de-ruido-Bilbao.pdf\">Apunte Prof. Bilbao: Detecci\u00f3n en presencia de ruido<\/a><\/p>\n<p><a href=\"https:\/\/catedras.facet.unt.edu.ar\/senialeselectricas\/wp-content\/uploads\/sites\/108\/2022\/06\/Senales_Modulacion-Angular-Bilbao.pdf\">Apunte Prof. Bilbao: Modulaci\u00f3n angular<\/a><\/p>\n<p><a href=\"https:\/\/catedras.facet.unt.edu.ar\/senialeselectricas\/wp-content\/uploads\/sites\/108\/2022\/06\/Senales-TRASLACION-de-FRECUENCIA.pdf\">Apunte Prof. Bilbao: Translaci\u00f3n de Frecuencia y Modulaci\u00f3n<\/a><\/p>\n<p><a href=\"https:\/\/catedras.facet.unt.edu.ar\/senialeselectricas\/wp-content\/uploads\/sites\/108\/2022\/06\/SENALES-DIGITALES-lunes-06-06-22.ppt\">Diapositivas clase lunes 06\/06\/2022<\/a><\/p>\n<p>HOJAS DE DATOS:<\/p>\n<p><a href=\"https:\/\/www.ti.com\/lit\/ds\/symlink\/opa2134.pdf?ts=1654366985506&amp;ref_url=https%253A%252F%252Fwww.ti.com%252Fproduct%252FOPA2134%253FkeyMatch%253DOPA2134\">OPA2134<\/a>, <a href=\"https:\/\/www.ti.com\/lit\/ds\/symlink\/ne5532.pdf?ts=1654327507503&amp;ref_url=https%253A%252F%252Fwww.google.com%252F\">NE5532<\/a>, <a href=\"https:\/\/www.ti.com\/lit\/ds\/symlink\/lm158.pdf?ts=1654368054983&amp;ref_url=https%253A%252F%252Fwww.ti.com%252Fproduct%252FLM158%253FkeyMatch%253DLM158JG\">LM358<\/a>, <a href=\"https:\/\/www.ti.com\/lit\/ds\/symlink\/opa177.pdf?ts=1654368178200&amp;ref_url=https%253A%252F%252Fwww.ti.com%252Fproduct%252FOPA177%253FkeyMatch%253DOP177\">OPA177<\/a>, <a href=\"https:\/\/www.ti.com\/lit\/ds\/symlink\/tl082.pdf?ts=1654349295126\">TL082<\/a><\/p>\n<p>ART\u00cdCULOS ACERCA DE RUIDO:<\/p>\n<p>\u00ab<a href=\"https:\/\/www.ti.com\/lit\/an\/sboa345\/sboa345.pdf?ts=1654353799982&amp;ref_url=https%253A%252F%252Fwww.ti.com%252Fproduct%252FOPA2134\">Understanding Op Amp Noise in Audio Circuits\u00bb<\/a><br \/>\n<a href=\"https:\/\/download.ni.com\/evaluation\/rf\/VSA_Noise_Figure_Measurements.pdf\">\u00abNoise figure measurements theory and application\u00bb<\/a><\/p>\n<p>&nbsp;<\/p>\n<p><a href=\"https:\/\/catedras.facet.unt.edu.ar\/senialeselectricas\/wp-content\/uploads\/sites\/108\/2022\/05\/Clase-250522-Dist-no-lineal-2-Ruido.pdf\">Screenshots de la clase del mi\u00e9rcoles 25\/05\/22<\/a><\/p>\n<p><a href=\"https:\/\/pdfserv.maximintegrated.com\/en\/an\/TUT5429.pdf\">The IP3 Specification &#8211; Demystified<\/a><\/p>\n<p><a href=\"https:\/\/pdf4pro.com\/view\/intermodulation-distortion-imd-ti-com-3f7c70.html\">Intermodulation distortion<\/a><\/p>\n<p><a href=\"https:\/\/catedras.facet.unt.edu.ar\/senialeselectricas\/wp-content\/uploads\/sites\/108\/2022\/05\/Screenshots-de-la-Clase-180522-Dist-no-lineal-1.pdf\">Screenshots de la clase del mi\u00e9rcoles 18\/05\/22<\/a><\/p>\n<p><a href=\"https:\/\/catedras.facet.unt.edu.ar\/senialeselectricas\/wp-content\/uploads\/sites\/108\/2022\/05\/Screenshots-clase-17-05-22.pdf\">Screenshots de la clase del martes 17\/05\/22<\/a><\/p>\n<p><a href=\"https:\/\/catedras.facet.unt.edu.ar\/senialeselectricas\/wp-content\/uploads\/sites\/108\/2022\/04\/Senales_B_08.pdf\">Apuntes Prof. J. Bilbao, Tema 3<\/a><\/p>\n<p><a href=\"https:\/\/catedras.facet.unt.edu.ar\/senialeselectricas\/wp-content\/uploads\/sites\/108\/2022\/04\/de-la-clase-14-tema-3-convolucion-260422.pdf\">Screenshots clase 14, 26\/04\/22. Tema 3: Convoluci\u00f3n.<\/a><\/p>\n<p>Videos interesantes: \u00a0\u00a0 \u00a0<a href=\"https:\/\/www.youtube.com\/watch?v=PQeS7sfMxR4\">Series de Fourier y las mareas.<\/a>\u00a0\u00a0\u00a0\u00a0\u00a0\u00a0 <a href=\"https:\/\/www.youtube.com\/watch?v=r6sGWTCMz2k\">Dibujando con series de Fourier.<\/a><\/p>\n<p><a href=\"https:\/\/catedras.facet.unt.edu.ar\/senialeselectricas\/wp-content\/uploads\/sites\/108\/2022\/03\/de-la-Clase-4-Tema1-promedios-estadisticos-220322.pptx\">Diapositivas clase 4, 22\/3\/22. Promedios estad\u00edsticos 2<\/a><\/p>\n<p><a href=\"https:\/\/catedras.facet.unt.edu.ar\/senialeselectricas\/wp-content\/uploads\/sites\/108\/2022\/03\/de-la-Clase-3-Tema-1-promedios-estadisticos-160322.pptx\">Diapositivas clase 3, 16\/3\/22. Tema1, Promedios estad\u00edsticos 1<\/a><\/p>\n<p><a href=\"https:\/\/catedras.facet.unt.edu.ar\/senialeselectricas\/wp-content\/uploads\/sites\/108\/2022\/03\/de-la-Clase-2-Tema-1-promedios-temporales-Senales-150322.pptx\">Diapositivas clase 2,\u00a0 15\/3\/22. Tema 1, promedios temporales<\/a><\/p>\n<p><a href=\"https:\/\/catedras.facet.unt.edu.ar\/senialeselectricas\/wp-content\/uploads\/sites\/108\/2022\/03\/Presentacion-2022b.pptx\">Diapositivas clase 1, 14\/3\/22. Tema 1.<\/a><\/p>\n<p>TRABAJOS PR\u00c1CTICOS<\/p>\n<p>A\u00d1O 2022:<\/p>\n<p><a href=\"https:\/\/catedras.facet.unt.edu.ar\/senialeselectricas\/wp-content\/uploads\/sites\/108\/2022\/06\/Ejercicios-Practica-14-Tema-5-SENALES-220622.pdf\">Ejercicios Pr\u00e1ctica 14, 22\/06\/2022<\/a><\/p>\n<p><a href=\"https:\/\/catedras.facet.unt.edu.ar\/senialeselectricas\/wp-content\/uploads\/sites\/108\/2022\/06\/Ejercicios-Practica-13-Tema-45-SENALES-150622.pdf\">Ejercicios Pr\u00e1ctica 13, 15\/06\/2022<\/a><\/p>\n<p><a href=\"https:\/\/catedras.facet.unt.edu.ar\/senialeselectricas\/wp-content\/uploads\/sites\/108\/2022\/06\/Ejercicios-Practica-12-Tema-3-y-4-SENALES-080622-prelimin-B.pdf\">Ejercicios Pr\u00e1ctica 12, 08\/06\/2022<\/a><\/p>\n<p><a href=\"https:\/\/catedras.facet.unt.edu.ar\/senialeselectricas\/wp-content\/uploads\/sites\/108\/2022\/05\/Ejercicios-Practica-11-Tema-3-SENALES-300522.pdf\">Ejercicios Practica 11, 30\/05\/2022<\/a><\/p>\n<p><a href=\"https:\/\/catedras.facet.unt.edu.ar\/senialeselectricas\/wp-content\/uploads\/sites\/108\/2022\/05\/Ejercicios-Practica-10-Tema-3-SENALES-230522-preliminar.docx-1.pdf\">Ejercicios Pr\u00e1ctica 10, 23\/05\/2022<\/a><\/p>\n<p><a href=\"https:\/\/catedras.facet.unt.edu.ar\/senialeselectricas\/wp-content\/uploads\/sites\/108\/2022\/05\/Ejercicios-Practica-9-Tema-3-y-4-SENALES-16-05-22.docx.pdf\" target=\"_blank\" rel=\"noopener noreferrer\">Ejercicios Pr\u00e1ctica 9, 16\/05\/2022<\/a><\/p>\n<p><a href=\"https:\/\/catedras.facet.unt.edu.ar\/senialeselectricas\/wp-content\/uploads\/sites\/108\/2022\/05\/Ejercicios-Practica-8-Tema-2-y-3-SENALES-09-05-22-preliminar.docx.pdf\" target=\"_blank\" rel=\"noopener noreferrer\">Ejercicios Pr\u00e1ctica 8, 09\/05\/2022<\/a><\/p>\n<p><a href=\"https:\/\/catedras.facet.unt.edu.ar\/senialeselectricas\/wp-content\/uploads\/sites\/108\/2022\/05\/Ejercicios-Practica-7-Tema-2-y-3-SENALES-02-05-22.pdf\" target=\"_blank\" rel=\"noopener noreferrer\">Ejercicios Pr\u00e1ctica 7, 02\/05\/2022<\/a><\/p>\n<p><a href=\"https:\/\/catedras.facet.unt.edu.ar\/senialeselectricas\/wp-content\/uploads\/sites\/108\/2022\/04\/Ejercicios-Practica-6-Tema-2-SENALES-25-04-22-a.docx.pdf\" target=\"_blank\" rel=\"noopener noreferrer\">Ejercicios Pr\u00e1ctica 6, 25\/04\/2022<\/a><\/p>\n<div class=\"textwidget\">\n<p><a href=\"https:\/\/catedras.facet.unt.edu.ar\/senialeselectricas\/wp-content\/uploads\/sites\/108\/2022\/04\/Ejercicios-Practica-5-Tema-2-SENALES-18-04-22.pdf\" target=\"_blank\" rel=\"noopener noreferrer\">Ejercicios Pr\u00e1ctica 5, 18\/04\/2022<\/a><\/p>\n<p><a href=\"https:\/\/catedras.facet.unt.edu.ar\/senialeselectricas\/wp-content\/uploads\/sites\/108\/2022\/04\/Ejercicios-Practica-4-Tema-2-SENALES-11-04-22.pdf\" target=\"_blank\" rel=\"noopener noreferrer\">Ejercicios Pr\u00e1ctica 4, 11\/04\/2022<\/a><\/p>\n<p><a href=\"https:\/\/catedras.facet.unt.edu.ar\/senialeselectricas\/wp-content\/uploads\/sites\/108\/2022\/04\/Ejercicios-Practica-3-Tema-1-2-SENALES-04-04-22.pdf\" target=\"_blank\" rel=\"noopener noreferrer\">Ejercicios Pr\u00e1ctica 2, 04\/04\/2022<\/a><\/p>\n<p><a href=\"https:\/\/catedras.facet.unt.edu.ar\/senialeselectricas\/wp-content\/uploads\/sites\/108\/2022\/03\/Ejercicios-Practica-1-Tema-1-SENALES-2022.doc\" target=\"_blank\" rel=\"noopener noreferrer\">Ejercicios Pr\u00e1ctica 1, 21\/03\/2022<\/a><\/p>\n<\/div>\n<ol>\n<li>Pr\u00e1ctica de Software Matlab\/Octave\n<ul>\n<li>Ejercicios con Software N\u00b0 1\u00a0 [<a href=\"https:\/\/catedras.facet.unt.edu.ar\/senialeselectricas\/wp-content\/uploads\/sites\/108\/2020\/04\/Ejercicios-con-software-1-2020.pdf\" target=\"_blank\" rel=\"noopener noreferrer\">descargar<\/a>]<\/li>\n<li>Ejercicios con Software N\u00b0 2 [<a href=\"https:\/\/catedras.facet.unt.edu.ar\/senialeselectricas\/wp-content\/uploads\/sites\/108\/2021\/04\/Ejercicios-con-software-2-07-04-21.pdf\" target=\"_blank\" rel=\"noopener noreferrer\">descargar<\/a>]<\/li>\n<\/ul>\n<\/li>\n<li>Caracterizaci\u00f3n de Se\u00f1ales El\u00e9ctricas [<a href=\"https:\/\/catedras.facet.unt.edu.ar\/senialeselectricas\/wp-content\/uploads\/sites\/108\/2020\/03\/Ejercicios-extras-Tema-1-SE\u00d1ALES-2020.pdf\" target=\"_blank\" rel=\"noopener noreferrer\">descargar<\/a>]<\/li>\n<li>Convoluci\u00f3n y Correlaci\u00f3n [<a href=\"https:\/\/catedras.facet.unt.edu.ar\/senialeselectricas\/wp-content\/uploads\/sites\/108\/2021\/05\/Practica-SENALES-convolucion-correlacion-14-05-2021-c.pdf\" target=\"_blank\" rel=\"noopener noreferrer\">descargar<\/a>]<\/li>\n<li>FFT y Aliasing [<a href=\"https:\/\/catedras.facet.unt.edu.ar\/senialeselectricas\/wp-content\/uploads\/sites\/108\/2021\/05\/Practica-SENALES-fft-aliasing-19-05-2021-1.pdf\" target=\"_blank\" rel=\"noopener noreferrer\">descargar<\/a>]<\/li>\n<li>Distorci\u00f3n y Ruido [<a href=\"https:\/\/catedras.facet.unt.edu.ar\/senialeselectricas\/wp-content\/uploads\/sites\/108\/2021\/06\/Pratica-SENALES-distorsion-no-lineal-y-ruido-16-06-21.pdf\" target=\"_blank\" rel=\"noopener noreferrer\">descargar<\/a>]<\/li>\n<li>Se\u00f1ales Digitales [<a href=\"https:\/\/catedras.facet.unt.edu.ar\/senialeselectricas\/wp-content\/uploads\/sites\/108\/2021\/06\/Pratica-SENALES-digitales-230621.pdf\" target=\"_blank\" rel=\"noopener noreferrer\">descargar]<\/a>\n<ul>\n<li>Archivo para Ejercicio 2 (cambiar extensi\u00f3n &lt;&lt;.txt&gt;&gt; a &lt;&lt;.m&gt;&gt;) [<a href=\"https:\/\/catedras.facet.unt.edu.ar\/senialeselectricas\/wp-content\/uploads\/sites\/108\/2021\/06\/conversion_ad_220621.txt\" rel=\"noopener\">descargar<\/a>]<\/li>\n<\/ul>\n<\/li>\n<\/ol>\n<p>&nbsp;<\/p>\n<p>&nbsp;<\/p>\n<p>______<\/p>\n<p><a href=\"https:\/\/catedras.facet.unt.edu.ar\/senialeselectricas\/materias\/senales-electricas\/material\/\">VOLVER A \u00abMATERIAL\u00bb<\/a><\/p>\n","protected":false},"excerpt":{"rendered":"<p>Parcial 2 a\u00f1o 2021 Parcial 3 a\u00f1o 2021 Apunte Prof. Bilbao: Detecci\u00f3n en presencia de ruido Apunte Prof. Bilbao: Modulaci\u00f3n angular Apunte Prof. Bilbao: Translaci\u00f3n de Frecuencia y Modulaci\u00f3n Diapositivas clase lunes 06\/06\/2022 HOJAS DE DATOS: OPA2134, NE5532, LM358, OPA177, TL082 ART\u00cdCULOS ACERCA DE RUIDO: \u00abUnderstanding Op Amp Noise in Audio Circuits\u00bb \u00abNoise figure measurements [&hellip;]<\/p>\n","protected":false},"author":180,"featured_media":0,"parent":0,"menu_order":0,"comment_status":"closed","ping_status":"closed","template":"","meta":[],"_links":{"self":[{"href":"https:\/\/catedras.facet.unt.edu.ar\/senialeselectricas\/wp-json\/wp\/v2\/pages\/896"}],"collection":[{"href":"https:\/\/catedras.facet.unt.edu.ar\/senialeselectricas\/wp-json\/wp\/v2\/pages"}],"about":[{"href":"https:\/\/catedras.facet.unt.edu.ar\/senialeselectricas\/wp-json\/wp\/v2\/types\/page"}],"author":[{"embeddable":true,"href":"https:\/\/catedras.facet.unt.edu.ar\/senialeselectricas\/wp-json\/wp\/v2\/users\/180"}],"replies":[{"embeddable":true,"href":"https:\/\/catedras.facet.unt.edu.ar\/senialeselectricas\/wp-json\/wp\/v2\/comments?post=896"}],"version-history":[{"count":4,"href":"https:\/\/catedras.facet.unt.edu.ar\/senialeselectricas\/wp-json\/wp\/v2\/pages\/896\/revisions"}],"predecessor-version":[{"id":966,"href":"https:\/\/catedras.facet.unt.edu.ar\/senialeselectricas\/wp-json\/wp\/v2\/pages\/896\/revisions\/966"}],"wp:attachment":[{"href":"https:\/\/catedras.facet.unt.edu.ar\/senialeselectricas\/wp-json\/wp\/v2\/media?parent=896"}],"curies":[{"name":"wp","href":"https:\/\/api.w.org\/{rel}","templated":true}]}}