{"id":772,"date":"2022-03-15T09:02:21","date_gmt":"2022-03-15T12:02:21","guid":{"rendered":"https:\/\/catedras.facet.unt.edu.ar\/senialeselectricas\/?page_id=772"},"modified":"2026-04-10T23:58:10","modified_gmt":"2026-04-11T02:58:10","slug":"material","status":"publish","type":"page","link":"https:\/\/catedras.facet.unt.edu.ar\/senialeselectricas\/materias\/senales-electricas\/material\/","title":{"rendered":"Material"},"content":{"rendered":"<div id=\"pl-772\" class=\"panel-layout\">\n<div id=\"pg-772-0\" class=\"panel-grid panel-no-style\" data-style=\"{&quot;cell_alignment&quot;:&quot;flex-start&quot;,&quot;background_image_repeat&quot;:&quot;&quot;,&quot;no_margin&quot;:&quot;&quot;}\" data-ratio=\"1\" data-ratio-direction=\"right\">\n<div id=\"pgc-772-0-0\" class=\"panel-grid-cell\" data-weight=\"1\">\n<div id=\"panel-772-0-0-0\" class=\"so-panel widget widget_sow-editor panel-first-child panel-last-child\" data-index=\"0\" data-style=\"{&quot;background_image_attachment&quot;:false,&quot;background_display&quot;:&quot;tile&quot;}\">\n<div class=\"so-widget-sow-editor so-widget-sow-editor-base\">\n<h3 class=\"widget-title\">Se\u00f1ales El\u00e9ctricas, Material 2026<\/h3>\n<p><a href=\"https:\/\/catedras.facet.unt.edu.ar\/senialeselectricas\/wp-content\/uploads\/sites\/108\/2026\/04\/Clase-7-Senales-como-vectores-070426-sitio.pdf\">Clase 7: Las se\u00f1ales consideradas vectores, 07-04-26, martes<\/a><\/p>\n<p><a href=\"https:\/\/catedras.facet.unt.edu.ar\/senialeselectricas\/wp-content\/uploads\/sites\/108\/2026\/03\/Clase-6-Procesos-Ergodicos-310326-sitio.pdf\">Clase 6: Procesos estoc\u00e1sticos y ergodicidad, 31-03-26, martes<\/a><\/p>\n<p><a href=\"https:\/\/catedras.facet.unt.edu.ar\/senialeselectricas\/wp-content\/uploads\/sites\/108\/2026\/03\/Clase-5-PDF-270326-sitio.pdf\">Clase 5: Funci\u00f3n de Densidad de Probabilidad, 27-03-26, viernes<\/a><\/p>\n<p><a href=\"https:\/\/catedras.facet.unt.edu.ar\/senialeselectricas\/wp-content\/uploads\/sites\/108\/2026\/03\/Clase-4-FPA-250326-clase.pdf\">Clase 4: Funci\u00f3n de Probabilidad Acumulativa, 25-03-26, mi\u00e9rcoles<\/a><\/p>\n<p><a href=\"https:\/\/catedras.facet.unt.edu.ar\/senialeselectricas\/wp-content\/uploads\/sites\/108\/2026\/03\/Clase-3-Promedios-temporales-y-estadisticos-200326-sitiio.pdf\">Clase 3: Promedios temporales y estad\u00edsticos, 20-03-26, viernes<\/a><\/p>\n<p><a href=\"https:\/\/catedras.facet.unt.edu.ar\/senialeselectricas\/wp-content\/uploads\/sites\/108\/2026\/03\/Clase-2-EAL-18-03-25-Clasificacion-de-las-senales-sitio.pdf\">Clase 2: Clasificaci\u00f3n de las se\u00f1ales. 18-03-26, mi\u00e9rcoles<\/a><\/p>\n<p><a href=\"https:\/\/catedras.facet.unt.edu.ar\/senialeselectricas\/wp-content\/uploads\/sites\/108\/2026\/03\/Presentacion-2026-y-clase-1-martes-17-03-26-sitio.pdf\">Clase 1: \u00bfQu\u00e9 cosa es una SE\u00d1AL? 17-03-26, martes<\/a><\/p>\n<p>&nbsp;<\/p>\n<\/div>\n<\/div>\n<\/div>\n<\/div>\n<div id=\"pg-772-2\" class=\"panel-grid panel-no-style\">\n<div id=\"pgc-772-2-0\" class=\"panel-grid-cell\" data-weight=\"1\">\n<div id=\"panel-772-2-0-0\" class=\"so-panel widget widget_sow-editor panel-first-child panel-last-child\" data-index=\"2\" data-style=\"{&quot;background_image_attachment&quot;:false,&quot;background_display&quot;:&quot;tile&quot;}\">\n<div class=\"so-widget-sow-editor so-widget-sow-editor-base\">\n<h3 class=\"widget-title\">A\u00f1os anteriores<\/h3>\n<p><a href=\"https:\/\/catedras.facet.unt.edu.ar\/senialeselectricas\/material_2025\/\">2025<\/a><\/p>\n<p><a href=\"https:\/\/catedras.facet.unt.edu.ar\/senialeselectricas\/material-2024\/\">2024<\/a><\/p>\n<p><a href=\"https:\/\/catedras.facet.unt.edu.ar\/senialeselectricas\/material-2023\/\">2023<\/a><\/p>\n<div class=\"siteorigin-widget-tinymce textwidget\">\n<p><a href=\"https:\/\/catedras.facet.unt.edu.ar\/senialeselectricas\/material-2022\/\">2022<\/a><\/p>\n<p><a href=\"https:\/\/catedras.facet.unt.edu.ar\/senialeselectricas\/materias\/senales-electricas\/material\/material-2021\/\">2021<\/a><\/p>\n<p>&nbsp;<\/p>\n<\/div>\n<\/div>\n<\/div>\n<\/div>\n<\/div>\n<\/div>\n","protected":false},"excerpt":{"rendered":"<p>Se\u00f1ales El\u00e9ctricas, Material 2026 Clase 7: Las se\u00f1ales consideradas vectores, 07-04-26, martes Clase 6: Procesos estoc\u00e1sticos y ergodicidad, 31-03-26, martes Clase 5: Funci\u00f3n de Densidad de Probabilidad, 27-03-26, viernes Clase 4: Funci\u00f3n de Probabilidad Acumulativa, 25-03-26, mi\u00e9rcoles Clase 3: Promedios temporales y estad\u00edsticos, 20-03-26, viernes Clase 2: Clasificaci\u00f3n de las se\u00f1ales. 18-03-26, mi\u00e9rcoles Clase 1: [&hellip;]<\/p>\n","protected":false},"author":123641,"featured_media":0,"parent":323,"menu_order":0,"comment_status":"closed","ping_status":"closed","template":"templates\/template-full-notitle.php","meta":[],"_links":{"self":[{"href":"https:\/\/catedras.facet.unt.edu.ar\/senialeselectricas\/wp-json\/wp\/v2\/pages\/772"}],"collection":[{"href":"https:\/\/catedras.facet.unt.edu.ar\/senialeselectricas\/wp-json\/wp\/v2\/pages"}],"about":[{"href":"https:\/\/catedras.facet.unt.edu.ar\/senialeselectricas\/wp-json\/wp\/v2\/types\/page"}],"author":[{"embeddable":true,"href":"https:\/\/catedras.facet.unt.edu.ar\/senialeselectricas\/wp-json\/wp\/v2\/users\/123641"}],"replies":[{"embeddable":true,"href":"https:\/\/catedras.facet.unt.edu.ar\/senialeselectricas\/wp-json\/wp\/v2\/comments?post=772"}],"version-history":[{"count":143,"href":"https:\/\/catedras.facet.unt.edu.ar\/senialeselectricas\/wp-json\/wp\/v2\/pages\/772\/revisions"}],"predecessor-version":[{"id":1294,"href":"https:\/\/catedras.facet.unt.edu.ar\/senialeselectricas\/wp-json\/wp\/v2\/pages\/772\/revisions\/1294"}],"up":[{"embeddable":true,"href":"https:\/\/catedras.facet.unt.edu.ar\/senialeselectricas\/wp-json\/wp\/v2\/pages\/323"}],"wp:attachment":[{"href":"https:\/\/catedras.facet.unt.edu.ar\/senialeselectricas\/wp-json\/wp\/v2\/media?parent=772"}],"curies":[{"name":"wp","href":"https:\/\/api.w.org\/{rel}","templated":true}]}}