{"id":557,"date":"2021-12-29T18:56:07","date_gmt":"2021-12-29T21:56:07","guid":{"rendered":"https:\/\/catedras.facet.unt.edu.ar\/senialeselectricas\/?page_id=557"},"modified":"2026-03-12T11:54:46","modified_gmt":"2026-03-12T14:54:46","slug":"horarios-clase","status":"publish","type":"page","link":"https:\/\/catedras.facet.unt.edu.ar\/senialeselectricas\/materias\/senales-electricas\/horarios-clase\/","title":{"rendered":"Horarios de Clase"},"content":{"rendered":"<div id=\"pl-557\" class=\"panel-layout\">\n<div id=\"pg-557-0\" class=\"panel-grid panel-no-style\" data-style=\"{&quot;background_image_attachment&quot;:false,&quot;background_display&quot;:&quot;tile&quot;,&quot;cell_alignment&quot;:&quot;flex-start&quot;}\" data-ratio=\"1\" data-ratio-direction=\"right\">\n<div id=\"pgc-557-0-0\" class=\"panel-grid-cell\" data-weight=\"1\">\n<div id=\"panel-557-0-0-0\" class=\"so-panel widget widget_text panel-first-child panel-last-child\" data-index=\"0\" data-style=\"{&quot;background_image_attachment&quot;:false,&quot;background_display&quot;:&quot;tile&quot;}\">\n<h3 class=\"widget-title\">Se\u00f1ales El\u00e9ctricas: Horarios<\/h3>\n<div class=\"textwidget\"><span style=\"font-size: 14pt\">Martes de 8:00 a 10:00Hs, Clase te\u00f3rica.<br \/>\n<\/span><\/div>\n<div><span style=\"font-size: 14pt\">Mi\u00e9rcoles de 8:00 a 10:00Hs, Clase pr\u00e1ctica.<\/span><\/div>\n<div><span style=\"font-size: 14pt\">Viernes de 8:00 a 10:00Hs, Clase te\u00f3rica.<br \/>\n<\/span><\/div>\n<\/div>\n<\/div>\n<\/div>\n<div><\/div>\n<div><span style=\"font-size: 14pt\">Todas en el aula 1-3-14 (DEEC1)<\/span><\/div>\n<div id=\"pg-557-1\" class=\"panel-grid panel-no-style\" data-style=\"{&quot;background_image_attachment&quot;:false,&quot;background_display&quot;:&quot;tile&quot;,&quot;cell_alignment&quot;:&quot;flex-start&quot;}\" data-ratio=\"1\" data-ratio-direction=\"right\">\n<div id=\"pgc-557-1-0\" class=\"panel-grid-cell\" data-weight=\"1\">\n<div id=\"panel-557-1-0-0\" class=\"so-panel widget widget_text panel-first-child panel-last-child\" data-index=\"1\" data-style=\"{&quot;background_image_attachment&quot;:false,&quot;background_display&quot;:&quot;tile&quot;}\">\n<h3 class=\"widget-title\">IMPORTANTE<\/h3>\n<div class=\"textwidget\">\n<ul>\n<li style=\"font-size: 20px\"><strong>PRIMERA CLASE<\/strong> ser\u00e1 el d\u00eda martes <strong>17\/03\/2026 de 08:00 a 10:00Hs. | Aula: 1-3-14 (DEEC1<\/strong><strong>)<\/strong><\/li>\n<\/ul>\n<\/div>\n<\/div>\n<\/div>\n<\/div>\n<div id=\"pg-557-2\" class=\"panel-grid panel-no-style\" data-style=\"{&quot;background_image_attachment&quot;:false,&quot;background_display&quot;:&quot;tile&quot;,&quot;cell_alignment&quot;:&quot;flex-start&quot;}\" data-ratio=\"1\" data-ratio-direction=\"right\">\n<div id=\"pgc-557-2-1\" class=\"panel-grid-cell\" data-weight=\"0.33333333333333\">\n<div id=\"panel-557-2-1-0\" class=\"so-panel widget widget_text panel-first-child panel-last-child\" data-index=\"2\" data-style=\"{&quot;background_image_attachment&quot;:false,&quot;background_display&quot;:&quot;tile&quot;}\">\n<div class=\"textwidget\">\n<h1><\/h1>\n<\/div>\n<\/div>\n<\/div>\n<div id=\"pgc-557-2-2\" class=\"panel-grid-cell\" data-weight=\"0.33333333333333\"><\/div>\n<\/div>\n<div id=\"pg-557-3\" class=\"panel-grid panel-no-style\" data-style=\"{&quot;background_image_attachment&quot;:false,&quot;background_display&quot;:&quot;tile&quot;,&quot;cell_alignment&quot;:&quot;flex-start&quot;}\" data-ratio=\"1\" data-ratio-direction=\"right\">\n<div id=\"pgc-557-3-2\" class=\"panel-grid-cell\" data-weight=\"0.33333333333333\">\n<div id=\"panel-557-3-2-0\" class=\"so-panel widget widget_circleicon-widget panel-first-child panel-last-child\" data-index=\"6\" data-style=\"{&quot;background_image_attachment&quot;:false,&quot;background_display&quot;:&quot;tile&quot;}\"><\/div>\n<\/div>\n<\/div>\n<\/div>\n","protected":false},"excerpt":{"rendered":"<p>Se\u00f1ales El\u00e9ctricas: Horarios Martes de 8:00 a 10:00Hs, Clase te\u00f3rica. Mi\u00e9rcoles de 8:00 a 10:00Hs, Clase pr\u00e1ctica. Viernes de 8:00 a 10:00Hs, Clase te\u00f3rica. Todas en el aula 1-3-14 (DEEC1) IMPORTANTE PRIMERA CLASE ser\u00e1 el d\u00eda martes 17\/03\/2026 de 08:00 a 10:00Hs. | Aula: 1-3-14 (DEEC1)<\/p>\n","protected":false},"author":123641,"featured_media":0,"parent":323,"menu_order":0,"comment_status":"closed","ping_status":"closed","template":"templates\/template-full-notitle.php","meta":[],"_links":{"self":[{"href":"https:\/\/catedras.facet.unt.edu.ar\/senialeselectricas\/wp-json\/wp\/v2\/pages\/557"}],"collection":[{"href":"https:\/\/catedras.facet.unt.edu.ar\/senialeselectricas\/wp-json\/wp\/v2\/pages"}],"about":[{"href":"https:\/\/catedras.facet.unt.edu.ar\/senialeselectricas\/wp-json\/wp\/v2\/types\/page"}],"author":[{"embeddable":true,"href":"https:\/\/catedras.facet.unt.edu.ar\/senialeselectricas\/wp-json\/wp\/v2\/users\/123641"}],"replies":[{"embeddable":true,"href":"https:\/\/catedras.facet.unt.edu.ar\/senialeselectricas\/wp-json\/wp\/v2\/comments?post=557"}],"version-history":[{"count":59,"href":"https:\/\/catedras.facet.unt.edu.ar\/senialeselectricas\/wp-json\/wp\/v2\/pages\/557\/revisions"}],"predecessor-version":[{"id":1266,"href":"https:\/\/catedras.facet.unt.edu.ar\/senialeselectricas\/wp-json\/wp\/v2\/pages\/557\/revisions\/1266"}],"up":[{"embeddable":true,"href":"https:\/\/catedras.facet.unt.edu.ar\/senialeselectricas\/wp-json\/wp\/v2\/pages\/323"}],"wp:attachment":[{"href":"https:\/\/catedras.facet.unt.edu.ar\/senialeselectricas\/wp-json\/wp\/v2\/media?parent=557"}],"curies":[{"name":"wp","href":"https:\/\/api.w.org\/{rel}","templated":true}]}}