{"id":309,"date":"2021-12-13T05:12:21","date_gmt":"2021-12-13T08:12:21","guid":{"rendered":"https:\/\/catedras.facet.unt.edu.ar\/senialeselectricas\/?page_id=309"},"modified":"2021-12-27T22:30:34","modified_gmt":"2021-12-28T01:30:34","slug":"contacto","status":"publish","type":"page","link":"https:\/\/catedras.facet.unt.edu.ar\/senialeselectricas\/contacto\/","title":{"rendered":"Contacto"},"content":{"rendered":"<div id=\"pl-309\"  class=\"panel-layout\" ><div id=\"pg-309-0\"  class=\"panel-grid panel-has-style\" ><div class=\"siteorigin-panels-stretch panel-row-style-full-width panel-row-style panel-row-style-for-309-0\" style=\"background-color: #eeeeee; \" data-stretch-type=\"full\" ><div id=\"pgc-309-0-0\"  class=\"panel-grid-cell\" ><div id=\"panel-309-0-0-0\" class=\"so-panel widget widget_sow-headline panel-first-child\" data-index=\"0\" ><div\n\t\t\t\n\t\t\tclass=\"so-widget-sow-headline so-widget-sow-headline-default-3c02e4a01126-309 so-widget-fittext-wrapper\"\n\t\t\t data-fit-text-compressor=\"0.85\"\n\t\t><div class=\"sow-headline-container \">\n\t<h2 class='sow-headline'>Envianos un mensaje<\/h2><\/div><\/div><\/div><div id=\"panel-309-0-0-1\" class=\"so-panel widget widget_black-studio-tinymce widget_black_studio_tinymce panel-last-child\" data-index=\"1\" ><div class=\"textwidget\"><p><div role=\"form\" class=\"wpcf7\" id=\"wpcf7-f401-o1\" lang=\"es-ES\" dir=\"ltr\">\n<div class=\"screen-reader-response\" role=\"alert\" aria-live=\"polite\"><\/div>\n<form action=\"\/senialeselectricas\/wp-json\/wp\/v2\/pages\/309#wpcf7-f401-o1\" method=\"post\" class=\"wpcf7-form init\" novalidate=\"novalidate\">\n<div style=\"display: none;\">\n<input type=\"hidden\" name=\"_wpcf7\" value=\"401\" \/>\n<input type=\"hidden\" name=\"_wpcf7_version\" value=\"5.2.1\" \/>\n<input type=\"hidden\" name=\"_wpcf7_locale\" value=\"es_ES\" \/>\n<input type=\"hidden\" name=\"_wpcf7_unit_tag\" value=\"wpcf7-f401-o1\" \/>\n<input type=\"hidden\" name=\"_wpcf7_container_post\" value=\"0\" \/>\n<input type=\"hidden\" name=\"_wpcf7_posted_data_hash\" value=\"\" \/>\n<\/div>\n<p>(Todos los campos son obligatorios)<\/p>\n<p><label> Email Docente *<br \/>\n<span class=\"wpcf7-form-control-wrap to-email\"><select name=\"to-email\" class=\"wpcf7-form-control wpcf7-select wpcf7-validates-as-required\" aria-required=\"true\" aria-invalid=\"false\"><option value=\"\">---<\/option><option value=\"cformigli@herrera.unt.edu.ar\">cformigli@herrera.unt.edu.ar<\/option><option value=\"mfagre@herrera.unt.edu.ar\">mfagre@herrera.unt.edu.ar<\/option><option value=\"dzimmerman@herrera.unt.edu.ar\">dzimmerman@herrera.unt.edu.ar<\/option><\/select><\/span> <\/label><\/p>\n<p><label> Tu nombre *<br \/>\n    <span class=\"wpcf7-form-control-wrap your-name\"><input type=\"text\" name=\"your-name\" value=\"\" size=\"40\" class=\"wpcf7-form-control wpcf7-text wpcf7-validates-as-required\" aria-required=\"true\" aria-invalid=\"false\" \/><\/span> <\/label><\/p>\n<p><label> Tu correo electr\u00f3nico *<br \/>\n    <span class=\"wpcf7-form-control-wrap your-email\"><input type=\"email\" name=\"your-email\" value=\"\" size=\"40\" class=\"wpcf7-form-control wpcf7-text wpcf7-email wpcf7-validates-as-required wpcf7-validates-as-email\" aria-required=\"true\" aria-invalid=\"false\" \/><\/span> <\/label><\/p>\n<p><label> Asunto *<br \/>\n    <span class=\"wpcf7-form-control-wrap your-subject\"><input type=\"text\" name=\"your-subject\" value=\"\" size=\"40\" class=\"wpcf7-form-control wpcf7-text wpcf7-validates-as-required\" aria-required=\"true\" aria-invalid=\"false\" \/><\/span> <\/label><\/p>\n<p><label> Tu mensaje *<br \/>\n    <span class=\"wpcf7-form-control-wrap your-message\"><textarea name=\"your-message\" cols=\"40\" rows=\"10\" class=\"wpcf7-form-control wpcf7-textarea wpcf7-validates-as-required\" aria-required=\"true\" aria-invalid=\"false\"><\/textarea><\/span> <\/label><\/p>\n<p><input type=\"submit\" value=\"Enviar\" class=\"wpcf7-form-control wpcf7-submit\" \/><\/p>\n<div class=\"inv-recaptcha-holder\"><\/div><div class=\"wpcf7-response-output\" role=\"alert\" aria-hidden=\"true\"><\/div><\/form><\/div><\/p>\n<\/div><\/div><\/div><div id=\"pgc-309-0-1\"  class=\"panel-grid-cell\" ><div id=\"panel-309-0-1-0\" class=\"so-panel widget widget_sow-headline panel-first-child\" data-index=\"2\" ><div\n\t\t\t\n\t\t\tclass=\"so-widget-sow-headline so-widget-sow-headline-default-35b5341aa73e-309\"\n\t\t\t\n\t\t><div class=\"sow-headline-container \">\n\t<h2 class='sow-headline'>Oficina de la C\u00e1tedra<\/h2><\/div><\/div><\/div><div id=\"panel-309-0-1-1\" class=\"so-panel widget widget_sow-editor panel-last-child\" data-index=\"3\" ><div\n\t\t\t\n\t\t\tclass=\"so-widget-sow-editor so-widget-sow-editor-base\"\n\t\t\t\n\t\t>\n<div class=\"siteorigin-widget-tinymce textwidget\">\n\t<p><em><span style=\"color: #000000;\">Block 1, 2\u00b0 Piso, Oficina 1-2-6<\/span><\/em><\/p>\n<p><em><span style=\"color: #000000;\">Facutad de Ciencias Exactas y Teconlog\u00eda<\/span><\/em><\/p>\n<p><em><span style=\"color: #000000;\">Universidad Nacional de Tucum\u00e1n<\/span><\/em><\/p>\n<p><em><span style=\"color: #000000;\">San Miguel de Tucum\u00e1n (4000)<\/span><\/em><\/p>\n<p><em><span style=\"color: #000000;\">Argentina<\/span><\/em><\/p>\n<\/div>\n<\/div><\/div><\/div><\/div><\/div><\/div>","protected":false},"excerpt":{"rendered":"<p>Block 1, 2\u00b0 Piso, Oficina 1-2-6 Facutad de Ciencias Exactas y Teconlog\u00eda Universidad Nacional de Tucum\u00e1n San Miguel de Tucum\u00e1n (4000) Argentina<\/p>\n","protected":false},"author":180,"featured_media":0,"parent":0,"menu_order":0,"comment_status":"closed","ping_status":"closed","template":"templates\/template-full-notitle.php","meta":[],"_links":{"self":[{"href":"https:\/\/catedras.facet.unt.edu.ar\/senialeselectricas\/wp-json\/wp\/v2\/pages\/309"}],"collection":[{"href":"https:\/\/catedras.facet.unt.edu.ar\/senialeselectricas\/wp-json\/wp\/v2\/pages"}],"about":[{"href":"https:\/\/catedras.facet.unt.edu.ar\/senialeselectricas\/wp-json\/wp\/v2\/types\/page"}],"author":[{"embeddable":true,"href":"https:\/\/catedras.facet.unt.edu.ar\/senialeselectricas\/wp-json\/wp\/v2\/users\/180"}],"replies":[{"embeddable":true,"href":"https:\/\/catedras.facet.unt.edu.ar\/senialeselectricas\/wp-json\/wp\/v2\/comments?post=309"}],"version-history":[{"count":53,"href":"https:\/\/catedras.facet.unt.edu.ar\/senialeselectricas\/wp-json\/wp\/v2\/pages\/309\/revisions"}],"predecessor-version":[{"id":474,"href":"https:\/\/catedras.facet.unt.edu.ar\/senialeselectricas\/wp-json\/wp\/v2\/pages\/309\/revisions\/474"}],"wp:attachment":[{"href":"https:\/\/catedras.facet.unt.edu.ar\/senialeselectricas\/wp-json\/wp\/v2\/media?parent=309"}],"curies":[{"name":"wp","href":"https:\/\/api.w.org\/{rel}","templated":true}]}}