{"id":1139,"date":"2025-03-11T09:02:17","date_gmt":"2025-03-11T12:02:17","guid":{"rendered":"https:\/\/catedras.facet.unt.edu.ar\/senialeselectricas\/?page_id=1139"},"modified":"2025-03-11T09:03:24","modified_gmt":"2025-03-11T12:03:24","slug":"material-2024","status":"publish","type":"page","link":"https:\/\/catedras.facet.unt.edu.ar\/senialeselectricas\/material-2024\/","title":{"rendered":"Material 2024"},"content":{"rendered":"<p><a href=\"https:\/\/catedras.facet.unt.edu.ar\/senialeselectricas\/wp-content\/uploads\/sites\/108\/2024\/07\/Clase-28-Informacion-Capacidad-de-canal-03-07-24.pdf\">Diapos Clase Codificaci\u00f3n y capacidad de canal, 03-07-24<\/a><\/p>\n<div id=\"pg-772-0\" class=\"panel-grid panel-no-style\" data-style=\"{&quot;cell_alignment&quot;:&quot;flex-start&quot;,&quot;background_image_repeat&quot;:&quot;&quot;,&quot;no_margin&quot;:&quot;&quot;}\" data-ratio=\"1\" data-ratio-direction=\"right\">\n<div id=\"pgc-772-0-0\" class=\"panel-grid-cell\" data-weight=\"1\">\n<div id=\"panel-772-0-0-0\" class=\"so-panel widget widget_sow-editor panel-first-child panel-last-child\" data-index=\"0\" data-style=\"{&quot;background_image_attachment&quot;:false,&quot;background_display&quot;:&quot;tile&quot;}\">\n<div class=\"so-widget-sow-editor so-widget-sow-editor-base\">\n<p><a href=\"https:\/\/catedras.facet.unt.edu.ar\/senialeselectricas\/wp-content\/uploads\/sites\/108\/2024\/07\/Clase-27-informacion-02-06-24.pdf\">Diapos Clase Informaci\u00f3n y entrop\u00eda, 02-07-24 <\/a><\/p>\n<p><a href=\"https:\/\/catedras.facet.unt.edu.ar\/senialeselectricas\/wp-content\/uploads\/sites\/108\/2024\/07\/Indicaciones-para-SS-y-deteccion-con-ruido-26-06-24.pdf\">Indicaciones para los temas SS y detecci\u00f3n con ruido, 26-06-24<\/a><\/p>\n<p><a href=\"https:\/\/catedras.facet.unt.edu.ar\/senialeselectricas\/wp-content\/uploads\/sites\/108\/2024\/06\/Clases-FSK-MSK-GMSK-y-Multiplexado.pptx\">Diapos Clases \u00abFSK-MSK-GMFSK\u00bb y \u00abMultiplexado\u00bb, 19<\/a>-06-24<\/p>\n<p><a href=\"https:\/\/catedras.facet.unt.edu.ar\/senialeselectricas\/wp-content\/uploads\/sites\/108\/2024\/07\/Translacion-de-frecuencia-sistemas-de-modulacion-lineal.ppt-Modo-de-compatibilidad.pdf\">Diapos Clase Translaci\u00f3n de frecuencia y modulaci\u00f3n lineal, 05-06-24<\/a><\/p>\n<p><a href=\"https:\/\/catedras.facet.unt.edu.ar\/senialeselectricas\/wp-content\/uploads\/sites\/108\/2024\/05\/Clase-19-bis-Muestreo-y-espectros.pdf\">Diapos Clase Muestreo y espectros, 29-05-24<\/a><\/p>\n<p><a href=\"https:\/\/catedras.facet.unt.edu.ar\/senialeselectricas\/wp-content\/uploads\/sites\/108\/2024\/06\/Ejercicios_Ejemplo.pdf\">Diapos Ejercicios Ejemplo Se\u00f1ales y Mesajes Digitales<\/a><\/p>\n<p><a href=\"https:\/\/catedras.facet.unt.edu.ar\/senialeselectricas\/wp-content\/uploads\/sites\/108\/2024\/05\/Unidad4_EAL2024.pdf\">Diapos Clases Mensajes y Se\u00f1ales Digitales,\u00a022-05-24<\/a><\/p>\n<p><a href=\"https:\/\/catedras.facet.unt.edu.ar\/senialeselectricas\/wp-content\/uploads\/sites\/108\/2024\/05\/Clase-14-Ruido-modelo-de-resistencia-ruidosa.pptx\">Diapos Clase 14, Ruido. 14-05-24<\/a><\/p>\n<p><a href=\"https:\/\/catedras.facet.unt.edu.ar\/senialeselectricas\/wp-content\/uploads\/sites\/108\/2024\/05\/Clase-12-Retardos-alinealidades-IPs.pdf\">Diapos Clase 12 y 13, Retardos, alinealidades, IPs, 07-05-24<\/a><\/p>\n<p><a href=\"https:\/\/catedras.facet.unt.edu.ar\/senialeselectricas\/wp-content\/uploads\/sites\/108\/2024\/05\/Clase-11-FdT-Beq-distorsion.pdf\">Diapos Clase 11, Funci\u00f3n de Transferencia, Beq, distorsi\u00f3n lineal, 30-04-24 <\/a><\/p>\n<p><a href=\"https:\/\/catedras.facet.unt.edu.ar\/senialeselectricas\/wp-content\/uploads\/sites\/108\/2024\/04\/Clase-10-Senales-de-banda-angosta-Convolucion.pdf\">Diapos Clase 10, Banda estrecha, Convoluci\u00f3n, 24-04-24<\/a><\/p>\n<p><a href=\"https:\/\/catedras.facet.unt.edu.ar\/senialeselectricas\/wp-content\/uploads\/sites\/108\/2024\/04\/Clase-9-transformada-discreta.pdf\">Diapos Clase 9, Transformada Discreta de Fourier<\/a><\/p>\n<p><a href=\"https:\/\/catedras.facet.unt.edu.ar\/senialeselectricas\/wp-content\/uploads\/sites\/108\/2024\/04\/Clase-8-densidad-de-potencia-energia-teoremas.pdf\">Diapos Clase 8, Espectros de Densidad de Energ\u00eda y de Potencia<\/a><\/p>\n<p>Videos interesantes: \u00a0\u00a0 \u00a0<a href=\"https:\/\/www.youtube.com\/watch?v=PQeS7sfMxR4\">Series de Fourier y las mareas.<\/a>\u00a0\u00a0\u00a0\u00a0\u00a0\u00a0 <a href=\"https:\/\/www.youtube.com\/watch?v=r6sGWTCMz2k\">Dibujando con series de Fourier.<\/a><\/p>\n<p><a href=\"https:\/\/catedras.facet.unt.edu.ar\/senialeselectricas\/wp-content\/uploads\/sites\/108\/2024\/04\/Clase-6-Series-y-transformadas-de-Fourier.pdf\">Diapos Clases 6 y 7, Series y Transformadas de Fourier, 9-10\/04<\/a><\/p>\n<p><a href=\"https:\/\/catedras.facet.unt.edu.ar\/senialeselectricas\/wp-content\/uploads\/sites\/108\/2024\/04\/de-la-Clase-5-Tema1-Procesos-Ergodicos-030424.pdf\">Diapos Clase 5, Ergodicidad<\/a>, 03-04-24<\/p>\n<p><a href=\"https:\/\/catedras.facet.unt.edu.ar\/senialeselectricas\/wp-content\/uploads\/sites\/108\/2024\/03\/Clase-4-PDF-y-FPA-270324-b.pdf\">Diapos Clase 4, Funciones de Probabilidad, 27-03-24<\/a><\/p>\n<p><a href=\"https:\/\/catedras.facet.unt.edu.ar\/senialeselectricas\/wp-content\/uploads\/sites\/108\/2024\/03\/de-la-Clase-3-Tema-1-promedios-estadisticos-260324.pdf\">Diapos Clase 3, Promedios estad\u00edsticos, 26-03-24<\/a><\/p>\n<p class=\"widget-title\"><a href=\"https:\/\/catedras.facet.unt.edu.ar\/senialeselectricas\/wp-content\/uploads\/sites\/108\/2024\/03\/Cometarios-clases-1-y-2-2024.pdf\">\u00a0Comentarios a las clases 1 y 2<\/a><\/p>\n<p><a href=\"https:\/\/catedras.facet.unt.edu.ar\/senialeselectricas\/wp-content\/uploads\/sites\/108\/2024\/03\/Clase-2-EAL-20-03-24-Clasificacion-de-las-senales-Promedios-Temporales.pdf\">Diapos Clase 2, Promedios temporales, 20-03-24<\/a><\/p>\n<\/div>\n<\/div>\n<\/div>\n<\/div>\n<div id=\"pg-772-1\" class=\"panel-grid panel-no-style\">\n<div id=\"pgc-772-1-0\" class=\"panel-grid-cell\" data-weight=\"1\">\n<div id=\"panel-772-1-0-0\" class=\"so-panel widget widget_sow-editor panel-first-child panel-last-child\" data-index=\"1\" data-style=\"{&quot;background_image_attachment&quot;:false,&quot;background_display&quot;:&quot;tile&quot;}\">\n<div class=\"so-widget-sow-editor so-widget-sow-editor-base\">\n<div class=\"siteorigin-widget-tinymce textwidget\">\n<p><a href=\"https:\/\/catedras.facet.unt.edu.ar\/senialeselectricas\/wp-content\/uploads\/sites\/108\/2024\/03\/Presentacion-2024-y-clase-1-19-03-24.pdf\">Diapos Clase 1, Se\u00f1al, Mensaje, Informaci\u00f3n, Significado, 19-03-24.<\/a><\/p>\n<\/div>\n<\/div>\n<\/div>\n<\/div>\n<\/div>\n","protected":false},"excerpt":{"rendered":"<p>Diapos Clase Codificaci\u00f3n y capacidad de canal, 03-07-24 Diapos Clase Informaci\u00f3n y entrop\u00eda, 02-07-24 Indicaciones para los temas SS y detecci\u00f3n con ruido, 26-06-24 Diapos Clases \u00abFSK-MSK-GMFSK\u00bb y \u00abMultiplexado\u00bb, 19-06-24 Diapos Clase Translaci\u00f3n de frecuencia y modulaci\u00f3n lineal, 05-06-24 Diapos Clase Muestreo y espectros, 29-05-24 Diapos Ejercicios Ejemplo Se\u00f1ales y Mesajes Digitales Diapos Clases Mensajes [&hellip;]<\/p>\n","protected":false},"author":437,"featured_media":0,"parent":0,"menu_order":0,"comment_status":"closed","ping_status":"closed","template":"","meta":[],"_links":{"self":[{"href":"https:\/\/catedras.facet.unt.edu.ar\/senialeselectricas\/wp-json\/wp\/v2\/pages\/1139"}],"collection":[{"href":"https:\/\/catedras.facet.unt.edu.ar\/senialeselectricas\/wp-json\/wp\/v2\/pages"}],"about":[{"href":"https:\/\/catedras.facet.unt.edu.ar\/senialeselectricas\/wp-json\/wp\/v2\/types\/page"}],"author":[{"embeddable":true,"href":"https:\/\/catedras.facet.unt.edu.ar\/senialeselectricas\/wp-json\/wp\/v2\/users\/437"}],"replies":[{"embeddable":true,"href":"https:\/\/catedras.facet.unt.edu.ar\/senialeselectricas\/wp-json\/wp\/v2\/comments?post=1139"}],"version-history":[{"count":2,"href":"https:\/\/catedras.facet.unt.edu.ar\/senialeselectricas\/wp-json\/wp\/v2\/pages\/1139\/revisions"}],"predecessor-version":[{"id":1142,"href":"https:\/\/catedras.facet.unt.edu.ar\/senialeselectricas\/wp-json\/wp\/v2\/pages\/1139\/revisions\/1142"}],"wp:attachment":[{"href":"https:\/\/catedras.facet.unt.edu.ar\/senialeselectricas\/wp-json\/wp\/v2\/media?parent=1139"}],"curies":[{"name":"wp","href":"https:\/\/api.w.org\/{rel}","templated":true}]}}