{"id":62,"date":"2017-03-02T11:27:26","date_gmt":"2017-03-02T14:27:26","guid":{"rendered":"https:\/\/catedras.facet.unt.edu.ar\/redesavanzadas\/?page_id=62"},"modified":"2017-03-02T11:27:49","modified_gmt":"2017-03-02T14:27:49","slug":"objetivos-i","status":"publish","type":"page","link":"https:\/\/catedras.facet.unt.edu.ar\/redesavanzadas\/objetivos-i\/","title":{"rendered":"Objetivos"},"content":{"rendered":"<p>Se plantea como objetivos al finalizar el curso que los participantes:<\/p>\n<ol>\n<li>Especificar servidores (elementos constitutivos) de acuerdo al tipo de aplicaci\u00f3n para Centros de Procesamientos de Datos Modernos y la virtualizaci\u00f3n de sistemas operativos.<\/li>\n<li>Especificar dispositivos y soluciones para tolerancia a fallas en 1.<\/li>\n<li>Realizar an\u00e1lisis y dise\u00f1o de redes de \u00e1rea local de alta velocidad y prestaciones.<\/li>\n<li>Analizar estado de arte actual en las tecnolog\u00edas cubiertas y la tendencia a futuro de las mismas.<\/li>\n<\/ol>\n<p>Durante todo el desarrollo del curso se presentar\u00e1n y analizar\u00e1n ejemplos pr\u00e1cticos, que se someter\u00e1n a discusi\u00f3n con los participantes y ser\u00e1n de valor para fijar los conceptos desarrollados<\/p>\n","protected":false},"excerpt":{"rendered":"<p>Se plantea como objetivos al finalizar el curso que los participantes: Especificar servidores (elementos constitutivos) de acuerdo al tipo de aplicaci\u00f3n para Centros de Procesamientos de Datos Modernos y la virtualizaci\u00f3n de sistemas operativos. Especificar dispositivos y soluciones para tolerancia a fallas en 1. Realizar an\u00e1lisis y dise\u00f1o de redes de \u00e1rea local de alta [&hellip;]<\/p>\n","protected":false},"author":101023,"featured_media":0,"parent":0,"menu_order":0,"comment_status":"closed","ping_status":"closed","template":"","meta":[],"_links":{"self":[{"href":"https:\/\/catedras.facet.unt.edu.ar\/redesavanzadas\/wp-json\/wp\/v2\/pages\/62"}],"collection":[{"href":"https:\/\/catedras.facet.unt.edu.ar\/redesavanzadas\/wp-json\/wp\/v2\/pages"}],"about":[{"href":"https:\/\/catedras.facet.unt.edu.ar\/redesavanzadas\/wp-json\/wp\/v2\/types\/page"}],"author":[{"embeddable":true,"href":"https:\/\/catedras.facet.unt.edu.ar\/redesavanzadas\/wp-json\/wp\/v2\/users\/101023"}],"replies":[{"embeddable":true,"href":"https:\/\/catedras.facet.unt.edu.ar\/redesavanzadas\/wp-json\/wp\/v2\/comments?post=62"}],"version-history":[{"count":2,"href":"https:\/\/catedras.facet.unt.edu.ar\/redesavanzadas\/wp-json\/wp\/v2\/pages\/62\/revisions"}],"predecessor-version":[{"id":64,"href":"https:\/\/catedras.facet.unt.edu.ar\/redesavanzadas\/wp-json\/wp\/v2\/pages\/62\/revisions\/64"}],"wp:attachment":[{"href":"https:\/\/catedras.facet.unt.edu.ar\/redesavanzadas\/wp-json\/wp\/v2\/media?parent=62"}],"curies":[{"name":"wp","href":"https:\/\/api.w.org\/{rel}","templated":true}]}}