{"id":19,"date":"2017-03-01T14:53:14","date_gmt":"2017-03-01T14:53:14","guid":{"rendered":"https:\/\/catedras.facet.unt.edu.ar\/redesavanzadas\/?page_id=19"},"modified":"2017-03-02T11:32:08","modified_gmt":"2017-03-02T14:32:08","slug":"programa-ii","status":"publish","type":"page","link":"https:\/\/catedras.facet.unt.edu.ar\/redesavanzadas\/programa-ii\/","title":{"rendered":"Programa"},"content":{"rendered":"<p><strong>Unidad 1. Tolerancia a fallas en redes LAN (Layer 2)<\/strong><\/p>\n<p>Protocolos IEEE 802.1D: STP. Funcionamiento. BPDU de Configuraci\u00f3n. Reconfiguraci\u00f3n del \u00e1rbol. Timers y estados de puertos. Protocolo IEEE 802.1w: RSTP. Tolerancia en ambientes con VLAN\u2019s: Introducci\u00f3n al Protocolo IEEE 802.1S: Multi Spanning Tree Protocol.<\/p>\n<p>&nbsp;<\/p>\n<p><strong>Unidad 2: Redes inal\u00e1mbricas para transporte de datos<\/strong><\/p>\n<p>Est\u00e1ndar IEEE 802.11 y variantes. Protocolos de Comunicaci\u00f3n inal\u00e1mbricos en sistemas embebidos. Diferencias. Arquitectura: BSS \u2013 ESS. Funciones y servicios. Acceso al Medio:CSMA\/CA. Estructura Trama MAC. Capa F\u00edsica: Tecnolog\u00edas de Comunicaci\u00f3n: DSSS. OFDM. Canales. Norma 802.11n y 802.11ac: Mecanismos de mejora de rendimiento. MIMO, channel bonding, beamforming. Teor\u00eda b\u00e1sica de Antenas: Tipos. Especificaciones. Topolog\u00edas de Comunicaciones Inal\u00e1mbricas dentro y entre edificios. Ejemplos de topolog\u00edas con equipamiento comercial disponible en el mercado. Seguridad en Redes Inal\u00e1mbricas. Autenticaci\u00f3n y Asociaci\u00f3n. Cifrado WEP, WPA, WPA2, VPN. Control de Acceso: 802.11x\/EAP.<\/p>\n","protected":false},"excerpt":{"rendered":"<p>Unidad 1. Tolerancia a fallas en redes LAN (Layer 2) Protocolos IEEE 802.1D: STP. Funcionamiento. BPDU de Configuraci\u00f3n. Reconfiguraci\u00f3n del \u00e1rbol. Timers y estados de puertos. Protocolo IEEE 802.1w: RSTP. Tolerancia en ambientes con VLAN\u2019s: Introducci\u00f3n al Protocolo IEEE 802.1S: Multi Spanning Tree Protocol. &nbsp; Unidad 2: Redes inal\u00e1mbricas para transporte de datos Est\u00e1ndar IEEE [&hellip;]<\/p>\n","protected":false},"author":101023,"featured_media":0,"parent":0,"menu_order":0,"comment_status":"closed","ping_status":"closed","template":"","meta":[],"_links":{"self":[{"href":"https:\/\/catedras.facet.unt.edu.ar\/redesavanzadas\/wp-json\/wp\/v2\/pages\/19"}],"collection":[{"href":"https:\/\/catedras.facet.unt.edu.ar\/redesavanzadas\/wp-json\/wp\/v2\/pages"}],"about":[{"href":"https:\/\/catedras.facet.unt.edu.ar\/redesavanzadas\/wp-json\/wp\/v2\/types\/page"}],"author":[{"embeddable":true,"href":"https:\/\/catedras.facet.unt.edu.ar\/redesavanzadas\/wp-json\/wp\/v2\/users\/101023"}],"replies":[{"embeddable":true,"href":"https:\/\/catedras.facet.unt.edu.ar\/redesavanzadas\/wp-json\/wp\/v2\/comments?post=19"}],"version-history":[{"count":2,"href":"https:\/\/catedras.facet.unt.edu.ar\/redesavanzadas\/wp-json\/wp\/v2\/pages\/19\/revisions"}],"predecessor-version":[{"id":71,"href":"https:\/\/catedras.facet.unt.edu.ar\/redesavanzadas\/wp-json\/wp\/v2\/pages\/19\/revisions\/71"}],"wp:attachment":[{"href":"https:\/\/catedras.facet.unt.edu.ar\/redesavanzadas\/wp-json\/wp\/v2\/media?parent=19"}],"curies":[{"name":"wp","href":"https:\/\/api.w.org\/{rel}","templated":true}]}}