{"id":17,"date":"2017-03-01T14:52:42","date_gmt":"2017-03-01T14:52:42","guid":{"rendered":"https:\/\/catedras.facet.unt.edu.ar\/redesavanzadas\/?page_id=17"},"modified":"2017-03-02T11:28:30","modified_gmt":"2017-03-02T14:28:30","slug":"programa-i","status":"publish","type":"page","link":"https:\/\/catedras.facet.unt.edu.ar\/redesavanzadas\/programa-i\/","title":{"rendered":"Programa"},"content":{"rendered":"<p><strong>Unidad 1: <\/strong><\/p>\n<p>Servidores: funciones y especificaciones. Tipos de servidores: Archivos, Bases de Datos, HTTP, etc. Procesadores Multin\u00facleos. Cache L1, L2, L3. Impacto del cache en sistemas multi-procesados. Arquitecturas modernas. Memoria primaria: dual y tri-canal. Entrada\/Salida. Arquitectura de Clusters. Almacenamiento secundario. Arquitectura DAS, NAS y SAN. Tecnolog\u00eda iSCSI, FC y FCoE. Tolerancia a fallas en SAN (Multipath). Subsistema de Discos. Tecnolog\u00eda de Discos: SCSI. SAS. NL-SAS. RAID: Niveles. Rendimiento y costos. Dispositivos de Respaldo. Virtualizaci\u00f3n de Sistemas Operativos: objetivos. Arquitecturas. Uso. Administraci\u00f3n de Recursos. Tolerancia a fallas. Live Migration.<\/p>\n<p>&nbsp;<\/p>\n<p><strong>Unidad 2: <\/strong><\/p>\n<p>LAN de alta prestaciones basadas en Ethernet. LAN Switches: Arquitectura Interna. Rendimiento. Interfaces f\u00edsicas. Norma IEEE 802.1p\/Q. Calidad de Servicio L2. LAN Virtuales: beneficios. Implementaci\u00f3n. Ruteo entre VLAN\u00b4s: Switches Layer 3. Caracter\u00edsticas avanzadas de Switches. An\u00e1lisis y dise\u00f1o de Topolog\u00edas de redes LAN de mediana y alta complejidad.<\/p>\n","protected":false},"excerpt":{"rendered":"<p>Unidad 1: Servidores: funciones y especificaciones. Tipos de servidores: Archivos, Bases de Datos, HTTP, etc. Procesadores Multin\u00facleos. Cache L1, L2, L3. Impacto del cache en sistemas multi-procesados. Arquitecturas modernas. Memoria primaria: dual y tri-canal. Entrada\/Salida. Arquitectura de Clusters. Almacenamiento secundario. Arquitectura DAS, NAS y SAN. Tecnolog\u00eda iSCSI, FC y FCoE. Tolerancia a fallas en SAN [&hellip;]<\/p>\n","protected":false},"author":101023,"featured_media":0,"parent":0,"menu_order":0,"comment_status":"closed","ping_status":"closed","template":"","meta":[],"_links":{"self":[{"href":"https:\/\/catedras.facet.unt.edu.ar\/redesavanzadas\/wp-json\/wp\/v2\/pages\/17"}],"collection":[{"href":"https:\/\/catedras.facet.unt.edu.ar\/redesavanzadas\/wp-json\/wp\/v2\/pages"}],"about":[{"href":"https:\/\/catedras.facet.unt.edu.ar\/redesavanzadas\/wp-json\/wp\/v2\/types\/page"}],"author":[{"embeddable":true,"href":"https:\/\/catedras.facet.unt.edu.ar\/redesavanzadas\/wp-json\/wp\/v2\/users\/101023"}],"replies":[{"embeddable":true,"href":"https:\/\/catedras.facet.unt.edu.ar\/redesavanzadas\/wp-json\/wp\/v2\/comments?post=17"}],"version-history":[{"count":2,"href":"https:\/\/catedras.facet.unt.edu.ar\/redesavanzadas\/wp-json\/wp\/v2\/pages\/17\/revisions"}],"predecessor-version":[{"id":65,"href":"https:\/\/catedras.facet.unt.edu.ar\/redesavanzadas\/wp-json\/wp\/v2\/pages\/17\/revisions\/65"}],"wp:attachment":[{"href":"https:\/\/catedras.facet.unt.edu.ar\/redesavanzadas\/wp-json\/wp\/v2\/media?parent=17"}],"curies":[{"name":"wp","href":"https:\/\/api.w.org\/{rel}","templated":true}]}}