{"id":79,"date":"2016-02-17T09:31:38","date_gmt":"2016-02-17T12:31:38","guid":{"rendered":"https:\/\/catedras.facet.unt.edu.ar\/pye\/?page_id=79"},"modified":"2018-03-22T12:18:13","modified_gmt":"2018-03-22T15:18:13","slug":"links","status":"publish","type":"page","link":"https:\/\/catedras.facet.unt.edu.ar\/pye\/links\/","title":{"rendered":"Links"},"content":{"rendered":"<p>*Departamento de Matem\u00e1tica de la FaCET. UNT.<br \/>\n<a href=\"https:\/\/www.facet.unt.edu.ar\/deptomatematica\/\">https:\/\/www.facet.unt.edu.ar\/deptomatematica\/<\/a><\/p>\n<p>* Mag\u00edster en Estad\u00edstica Aplicada<br \/>\n<a href=\"http:\/\/face.unt.edu.ar\/web\/posgrados\/posgrados\/maestria-en-estadistica-aplicada\/\">http:\/\/face.unt.edu.ar\/web\/posgrados\/posgrados\/maestria-en-estadistica-aplicada\/<\/a><\/p>\n<p>* Doctorado en Estad\u00edstica<br \/>\n<a href=\"http:\/\/face.unt.edu.ar\/web\/posgrados\/posgrados\/doctorado-en-estadistica\/\">http:\/\/face.unt.edu.ar\/web\/posgrados\/posgrados\/doctorado-en-estadistica<\/a><\/p>\n<p>* SAE (Sociedad Argentina de Estad\u00edstica)<br \/>\n<a href=\"http:\/\/www.s-a-e.org.ar\/\">http:\/\/www.s-a-e.org.ar\/<\/a><\/p>\n<p>* INDEC (Instituto Nacional de Estad\u00edstica y Censos de la Rep\u00fablica Argentina)<br \/>\n<a href=\"https:\/\/www.indec.gob.ar\/\">https:\/\/www.indec.gob.ar\/<\/a><\/p>\n<p>* Bernoulli Society home page<br \/>\n<a href=\"http:\/\/www.bernoulli-society.org\/\">http:\/\/www.bernoulli-society.org\/<\/a><\/p>\n<p>* Departamento Estad\u00edstica. Facultad de Matem\u00e1tica. Pontificia Universidad Cat\u00f3lica de Chile<br \/>\n<a href=\"http:\/\/www.mat.uc.cl\/departamento-de-estadistica.html\">http:\/\/www.mat.uc.cl\/departamento-de-estadistica.html<\/a><\/p>\n<p>* Official Journal of the Bernoulli Society<br \/>\n<a href=\"http:\/\/www.bernoulli-society.org\/index.php\/publications\/bernoulli-journal\/bernoulli-journal\">http:\/\/www.bernoulli-society.org\/index.php\/publications\/bernoulli-journal\/bernoulli-journal<\/a><\/p>\n<p>* Official Newsletter of the Bernoulli Society<br \/>\n<a href=\"http:\/\/www.bernoulli-society.org\/index.php\/news\">http:\/\/www.bernoulli-society.org\/index.php\/news<\/a><\/p>\n<p>* ISI, International Statistical Institute<br \/>\n<a href=\"https:\/\/www.isi-web.org\/\">https:\/\/www.isi-web.org\/<\/a><\/p>\n<p>* IMS, Institute of Mathematical Statistics<br \/>\n<a href=\"http:\/\/imstat.org\/en\/index.html\">http:\/\/imstat.org\/en\/index.html<\/a><\/p>\n<p>* IASE, International Association for Statistical Education<br \/>\n<a href=\"https:\/\/iase-web.org\/\">https:\/\/iase-web.org\/<\/a><\/p>\n","protected":false},"excerpt":{"rendered":"<p>*Departamento de Matem\u00e1tica de la FaCET. UNT. https:\/\/www.facet.unt.edu.ar\/deptomatematica\/ * Mag\u00edster en Estad\u00edstica Aplicada http:\/\/face.unt.edu.ar\/web\/posgrados\/posgrados\/maestria-en-estadistica-aplicada\/ * Doctorado en Estad\u00edstica http:\/\/face.unt.edu.ar\/web\/posgrados\/posgrados\/doctorado-en-estadistica * SAE (Sociedad Argentina de Estad\u00edstica) http:\/\/www.s-a-e.org.ar\/ * INDEC (Instituto Nacional de Estad\u00edstica y Censos de la Rep\u00fablica Argentina) https:\/\/www.indec.gob.ar\/ * Bernoulli Society home page http:\/\/www.bernoulli-society.org\/ * Departamento Estad\u00edstica. Facultad de Matem\u00e1tica. Pontificia Universidad Cat\u00f3lica de [&hellip;]<\/p>\n","protected":false},"author":1,"featured_media":0,"parent":0,"menu_order":0,"comment_status":"closed","ping_status":"closed","template":"","meta":[],"_links":{"self":[{"href":"https:\/\/catedras.facet.unt.edu.ar\/pye\/wp-json\/wp\/v2\/pages\/79"}],"collection":[{"href":"https:\/\/catedras.facet.unt.edu.ar\/pye\/wp-json\/wp\/v2\/pages"}],"about":[{"href":"https:\/\/catedras.facet.unt.edu.ar\/pye\/wp-json\/wp\/v2\/types\/page"}],"author":[{"embeddable":true,"href":"https:\/\/catedras.facet.unt.edu.ar\/pye\/wp-json\/wp\/v2\/users\/1"}],"replies":[{"embeddable":true,"href":"https:\/\/catedras.facet.unt.edu.ar\/pye\/wp-json\/wp\/v2\/comments?post=79"}],"version-history":[{"count":5,"href":"https:\/\/catedras.facet.unt.edu.ar\/pye\/wp-json\/wp\/v2\/pages\/79\/revisions"}],"predecessor-version":[{"id":441,"href":"https:\/\/catedras.facet.unt.edu.ar\/pye\/wp-json\/wp\/v2\/pages\/79\/revisions\/441"}],"wp:attachment":[{"href":"https:\/\/catedras.facet.unt.edu.ar\/pye\/wp-json\/wp\/v2\/media?parent=79"}],"curies":[{"name":"wp","href":"https:\/\/api.w.org\/{rel}","templated":true}]}}