{"id":59,"date":"2014-08-14T16:49:05","date_gmt":"2014-08-14T19:49:05","guid":{"rendered":"https:\/\/catedras.facet.unt.edu.ar\/pye\/?page_id=59"},"modified":"2024-08-08T17:44:45","modified_gmt":"2024-08-08T20:44:45","slug":"59-2","status":"publish","type":"page","link":"https:\/\/catedras.facet.unt.edu.ar\/pye\/59-2\/","title":{"rendered":"Docentes de la C\u00e1tedra"},"content":{"rendered":"<p><strong>Ana Mar\u00eda Sfer<\/strong><\/p>\n<ul>\n<li>Doctora en Estad\u00edstica<\/li>\n<li>Mag\u00edster en Estad\u00edstica Aplicada<\/li>\n<li>Licenciada en Matem\u00e1tica<\/li>\n<li>Profesora Titular<\/li>\n<li>Email: asfer@herrera.unt.edu.ar<\/li>\n<\/ul>\n<p><strong>Paula Lorena\u00a0 Naidicz<\/strong><\/p>\n<ul>\n<li>Mag\u00edster en Estad\u00edstica Aplicada<\/li>\n<li>Licenciada en Matem\u00e1tica<\/li>\n<li>Profesora Asociada<\/li>\n<li>Email: lorenafridrij@hotmail.com<\/li>\n<\/ul>\n<p><strong>Mar\u00eda Isabel Giannini<\/strong><\/p>\n<ul>\n<li>MSc en Estad\u00edstica<\/li>\n<li>Licenciada en Matem\u00e1tica<\/li>\n<li>Profesora Adjunta<\/li>\n<li>Email: igiannini@herrera.unt.edu.ar<\/li>\n<\/ul>\n<p><strong>Mar\u00eda Gabriela Echaz\u00fa<\/strong><\/p>\n<ul>\n<li>Licenciada en Matem\u00e1tica<\/li>\n<li>Jefe de Trabajos Pr\u00e1cticos<\/li>\n<li>Email: mgechazu@herrera.unt.edu.ar<\/li>\n<\/ul>\n<p><strong>Mar\u00eda Florencia Mignone<\/strong><\/p>\n<ul>\n<li>Licenciada en Matem\u00e1tica<\/li>\n<li>Jefe de Trabajos Pr\u00e1cticos<\/li>\n<li>Email: mfmignone@herrera.unt.edu.ar<\/li>\n<\/ul>\n<p>&nbsp;<\/p>\n","protected":false},"excerpt":{"rendered":"<p>Ana Mar\u00eda Sfer Doctora en Estad\u00edstica Mag\u00edster en Estad\u00edstica Aplicada Licenciada en Matem\u00e1tica Profesora Titular Email: asfer@herrera.unt.edu.ar Paula Lorena\u00a0 Naidicz Mag\u00edster en Estad\u00edstica Aplicada Licenciada en Matem\u00e1tica Profesora Asociada Email: lorenafridrij@hotmail.com Mar\u00eda Isabel Giannini MSc en Estad\u00edstica Licenciada en Matem\u00e1tica Profesora Adjunta Email: igiannini@herrera.unt.edu.ar Mar\u00eda Gabriela Echaz\u00fa Licenciada en Matem\u00e1tica Jefe de Trabajos Pr\u00e1cticos Email: [&hellip;]<\/p>\n","protected":false},"author":1,"featured_media":0,"parent":0,"menu_order":0,"comment_status":"closed","ping_status":"closed","template":"templates\/template-full.php","meta":[],"_links":{"self":[{"href":"https:\/\/catedras.facet.unt.edu.ar\/pye\/wp-json\/wp\/v2\/pages\/59"}],"collection":[{"href":"https:\/\/catedras.facet.unt.edu.ar\/pye\/wp-json\/wp\/v2\/pages"}],"about":[{"href":"https:\/\/catedras.facet.unt.edu.ar\/pye\/wp-json\/wp\/v2\/types\/page"}],"author":[{"embeddable":true,"href":"https:\/\/catedras.facet.unt.edu.ar\/pye\/wp-json\/wp\/v2\/users\/1"}],"replies":[{"embeddable":true,"href":"https:\/\/catedras.facet.unt.edu.ar\/pye\/wp-json\/wp\/v2\/comments?post=59"}],"version-history":[{"count":16,"href":"https:\/\/catedras.facet.unt.edu.ar\/pye\/wp-json\/wp\/v2\/pages\/59\/revisions"}],"predecessor-version":[{"id":981,"href":"https:\/\/catedras.facet.unt.edu.ar\/pye\/wp-json\/wp\/v2\/pages\/59\/revisions\/981"}],"wp:attachment":[{"href":"https:\/\/catedras.facet.unt.edu.ar\/pye\/wp-json\/wp\/v2\/media?parent=59"}],"curies":[{"name":"wp","href":"https:\/\/api.w.org\/{rel}","templated":true}]}}