{"id":27,"date":"2014-03-17T09:28:29","date_gmt":"2014-03-17T12:28:29","guid":{"rendered":"https:\/\/catedras.facet.unt.edu.ar\/prog2\/?page_id=27"},"modified":"2015-08-24T11:02:03","modified_gmt":"2015-08-24T14:02:03","slug":"bibliografia","status":"publish","type":"page","link":"https:\/\/catedras.facet.unt.edu.ar\/prog2\/bibliografia\/","title":{"rendered":"Bibliograf\u00eda"},"content":{"rendered":"<table border=\"0\">\n<tbody>\n<tr>\n<td><img loading=\"lazy\" src=\"https:\/\/catedras.facet.unt.edu.ar\/prog2\/wp-content\/uploads\/sites\/5\/2014\/03\/no-image.gif\" alt=\"\" width=\"56\" height=\"84\" \/><\/td>\n<td valign=\"middle\"><strong>\u201cOrientaci\u00f3n a objetos con Java y UML\u201d<\/strong>, C. M. Fontela, Nueva Librer\u00eda (2011)<\/td>\n<\/tr>\n<tr>\n<td><img loading=\"lazy\" src=\"https:\/\/catedras.facet.unt.edu.ar\/prog2\/wp-content\/uploads\/sites\/5\/2014\/03\/no-image.gif\" alt=\"\" width=\"56\" height=\"84\" \/><\/td>\n<td valign=\"middle\"><strong>\u201cC\u00f3mo programar en Java\u201d<\/strong>, P. Deitel, Pearson Education (2012)<\/td>\n<\/tr>\n<tr>\n<td><a href=\"https:\/\/catedras.facet.unt.edu.ar\/prog2\/wp-content\/uploads\/sites\/5\/2014\/03\/no-image.gif\"><img loading=\"lazy\" class=\"alignnone size-full wp-image-53\" src=\"https:\/\/catedras.facet.unt.edu.ar\/prog2\/wp-content\/uploads\/sites\/5\/2014\/03\/no-image.gif\" alt=\"\" width=\"56\" height=\"84\" \/><\/a><\/td>\n<td valign=\"middle\"><strong>\u201cEstructuras de datos en Java\u201d<\/strong>, M. A. Weiss, Pearson Education (2004)<\/td>\n<\/tr>\n<tr>\n<td><a href=\"https:\/\/catedras.facet.unt.edu.ar\/prog2\/wp-content\/uploads\/sites\/5\/2014\/03\/no-image.gif\"><img loading=\"lazy\" class=\"alignnone size-full wp-image-53\" src=\"https:\/\/catedras.facet.unt.edu.ar\/prog2\/wp-content\/uploads\/sites\/5\/2014\/03\/no-image.gif\" alt=\"\" width=\"56\" height=\"84\" \/><\/a><\/td>\n<td valign=\"middle\"><strong>\u201cEl lenguaje de programaci\u00f3n Java\u201d<\/strong>, A. Ken, Pearson &amp; Addison Wesley (2001).<\/td>\n<\/tr>\n<tr>\n<td><a href=\"https:\/\/catedras.facet.unt.edu.ar\/prog2\/wp-content\/uploads\/sites\/5\/2014\/03\/no-image.gif\"><img loading=\"lazy\" class=\"alignnone size-full wp-image-182\" src=\"https:\/\/catedras.facet.unt.edu.ar\/prog2\/wp-content\/uploads\/sites\/5\/2014\/03\/no-image.gif\" alt=\"\" width=\"56\" height=\"88\" \/><\/a><\/td>\n<td valign=\"middle\"><strong>\u201cFundamentos de estructuras de datos , soluciones en Ada, Java y C++\u201d<\/strong>, Zen\u00f3n Jos\u00e9 Hern\u00e1ndez Figueroa, Juan Carlos Rodr\u00edguez del Pino, Jos\u00e9 Daniel Gonz\u00e1lez Dom\u00ednguez, Margarita D\u00edaz Roca, Jos\u00e9 Rafael P\u00e9rez Aguilar &amp; Gustavo Rodr\u00edguez Rodr\u00edguez, Thomson (2005).<\/td>\n<\/tr>\n<\/tbody>\n<\/table>\n<p>&nbsp;<\/p>\n<p>&nbsp;<\/p>\n<p>&nbsp;<\/p>\n<p>&nbsp;<\/p>\n","protected":false},"excerpt":{"rendered":"<p>\u201cOrientaci\u00f3n a objetos con Java y UML\u201d, C. M. Fontela, Nueva Librer\u00eda (2011) \u201cC\u00f3mo programar en Java\u201d, P. Deitel, Pearson Education (2012) \u201cEstructuras de datos en Java\u201d, M. A. Weiss, Pearson Education (2004) \u201cEl lenguaje de programaci\u00f3n Java\u201d, A. Ken, Pearson &amp; Addison Wesley (2001). \u201cFundamentos de estructuras de datos , soluciones en Ada, Java [&hellip;]<\/p>\n","protected":false},"author":8,"featured_media":0,"parent":0,"menu_order":60,"comment_status":"closed","ping_status":"closed","template":"","meta":[],"_links":{"self":[{"href":"https:\/\/catedras.facet.unt.edu.ar\/prog2\/wp-json\/wp\/v2\/pages\/27"}],"collection":[{"href":"https:\/\/catedras.facet.unt.edu.ar\/prog2\/wp-json\/wp\/v2\/pages"}],"about":[{"href":"https:\/\/catedras.facet.unt.edu.ar\/prog2\/wp-json\/wp\/v2\/types\/page"}],"author":[{"embeddable":true,"href":"https:\/\/catedras.facet.unt.edu.ar\/prog2\/wp-json\/wp\/v2\/users\/8"}],"replies":[{"embeddable":true,"href":"https:\/\/catedras.facet.unt.edu.ar\/prog2\/wp-json\/wp\/v2\/comments?post=27"}],"version-history":[{"count":14,"href":"https:\/\/catedras.facet.unt.edu.ar\/prog2\/wp-json\/wp\/v2\/pages\/27\/revisions"}],"predecessor-version":[{"id":369,"href":"https:\/\/catedras.facet.unt.edu.ar\/prog2\/wp-json\/wp\/v2\/pages\/27\/revisions\/369"}],"wp:attachment":[{"href":"https:\/\/catedras.facet.unt.edu.ar\/prog2\/wp-json\/wp\/v2\/media?parent=27"}],"curies":[{"name":"wp","href":"https:\/\/api.w.org\/{rel}","templated":true}]}}