{"id":21,"date":"2014-03-17T09:26:06","date_gmt":"2014-03-17T12:26:06","guid":{"rendered":"https:\/\/catedras.facet.unt.edu.ar\/prog2\/?page_id=21"},"modified":"2014-03-17T10:37:23","modified_gmt":"2014-03-17T13:37:23","slug":"condiciones","status":"publish","type":"page","link":"https:\/\/catedras.facet.unt.edu.ar\/prog2\/condiciones\/","title":{"rendered":"Condiciones"},"content":{"rendered":"<p style=\"text-align: justify\"><strong>Para el cursado de la asignatura, el alumno debe cumplir los siguientes requisitos:<\/strong><\/p>\n<ul style=\"text-align: justify\">\n<li>Programaci\u00f3n I (Regular)<\/li>\n<\/ul>\n<p style=\"text-align: justify\"><strong>Para el rendir la asignatura, el alumno debe:<\/strong><\/p>\n<ul style=\"text-align: justify\">\n<li>Inform\u00e1tica (Aprobada)<\/li>\n<\/ul>\n<ul>\n<li style=\"text-align: justify\">Programaci\u00f3n I (Aprobada)<\/li>\n<\/ul>\n","protected":false},"excerpt":{"rendered":"<p>Para el cursado de la asignatura, el alumno debe cumplir los siguientes requisitos: Programaci\u00f3n I (Regular) Para el rendir la asignatura, el alumno debe: Inform\u00e1tica (Aprobada) Programaci\u00f3n I (Aprobada)<\/p>\n","protected":false},"author":8,"featured_media":0,"parent":0,"menu_order":30,"comment_status":"closed","ping_status":"closed","template":"","meta":[],"_links":{"self":[{"href":"https:\/\/catedras.facet.unt.edu.ar\/prog2\/wp-json\/wp\/v2\/pages\/21"}],"collection":[{"href":"https:\/\/catedras.facet.unt.edu.ar\/prog2\/wp-json\/wp\/v2\/pages"}],"about":[{"href":"https:\/\/catedras.facet.unt.edu.ar\/prog2\/wp-json\/wp\/v2\/types\/page"}],"author":[{"embeddable":true,"href":"https:\/\/catedras.facet.unt.edu.ar\/prog2\/wp-json\/wp\/v2\/users\/8"}],"replies":[{"embeddable":true,"href":"https:\/\/catedras.facet.unt.edu.ar\/prog2\/wp-json\/wp\/v2\/comments?post=21"}],"version-history":[{"count":3,"href":"https:\/\/catedras.facet.unt.edu.ar\/prog2\/wp-json\/wp\/v2\/pages\/21\/revisions"}],"predecessor-version":[{"id":329,"href":"https:\/\/catedras.facet.unt.edu.ar\/prog2\/wp-json\/wp\/v2\/pages\/21\/revisions\/329"}],"wp:attachment":[{"href":"https:\/\/catedras.facet.unt.edu.ar\/prog2\/wp-json\/wp\/v2\/media?parent=21"}],"curies":[{"name":"wp","href":"https:\/\/api.w.org\/{rel}","templated":true}]}}