{"id":68,"date":"2014-05-29T09:06:30","date_gmt":"2014-05-29T12:06:30","guid":{"rendered":"https:\/\/catedras.facet.unt.edu.ar\/prog1\/?page_id=68"},"modified":"2014-06-02T10:32:57","modified_gmt":"2014-06-02T13:32:57","slug":"docentes","status":"publish","type":"page","link":"https:\/\/catedras.facet.unt.edu.ar\/prog1\/docentes\/","title":{"rendered":"Docentes"},"content":{"rendered":"<p>Los docentes que integran la c\u00e1tedra son:<\/p>\n<h6 style=\"color: #686362\"><span style=\"text-decoration: underline\"><span style=\"color: #505050\"><strong>Encargado de c\u00e1tedra<\/strong><\/span><\/span><span style=\"color: #505050\"><br \/>\n<\/span><\/h6>\n<p style=\"color: #686362\"><span style=\"color: #505050\"><strong>Ing. Jorge F. Steifensand<\/strong><\/span><br \/>\n<span style=\"color: #505050\">Profesor Asociado<\/span><\/p>\n<h6 style=\"color: #686362\"><span style=\"text-decoration: underline\"><span style=\"color: #505050\"><strong>Auxiliares Docentes<\/strong><\/span><\/span><\/h6>\n<p style=\"color: #686362\"><span style=\"color: #505050\"><strong>Ing. Jos\u00e9 Younes<\/strong><br \/>\nJefe de Trabajos Pr\u00e1cticos<\/span><\/p>\n<p style=\"color: #686362\"><span style=\"color: #505050\"><strong>Ing. Mar\u00eda Fernanda Guzm\u00e1n<\/strong><br \/>\nJefe de Trabajos Pr\u00e1cticos<\/span><\/p>\n<p style=\"color: #686362\"><span style=\"color: #505050\"><strong>Ing. Mariana S\u00e1nchez<\/strong><br \/>\nAuxiliar Docente Graduado<\/span><\/p>\n<p style=\"color: #686362\"><span style=\"color: #505050\"><strong>Ing. Mar\u00eda Teresa Cardozo<\/strong><br \/>\n<\/span><span style=\"color: #505050\">Auxiliar Docente Graduado<\/span><\/p>\n","protected":false},"excerpt":{"rendered":"<p>Los docentes que integran la c\u00e1tedra son: Encargado de c\u00e1tedra Ing. Jorge F. Steifensand Profesor Asociado Auxiliares Docentes Ing. Jos\u00e9 Younes Jefe de Trabajos Pr\u00e1cticos Ing. Mar\u00eda Fernanda Guzm\u00e1n Jefe de Trabajos Pr\u00e1cticos Ing. Mariana S\u00e1nchez Auxiliar Docente Graduado Ing. Mar\u00eda Teresa Cardozo Auxiliar Docente Graduado<\/p>\n","protected":false},"author":61,"featured_media":0,"parent":0,"menu_order":0,"comment_status":"closed","ping_status":"closed","template":"","meta":[],"_links":{"self":[{"href":"https:\/\/catedras.facet.unt.edu.ar\/prog1\/wp-json\/wp\/v2\/pages\/68"}],"collection":[{"href":"https:\/\/catedras.facet.unt.edu.ar\/prog1\/wp-json\/wp\/v2\/pages"}],"about":[{"href":"https:\/\/catedras.facet.unt.edu.ar\/prog1\/wp-json\/wp\/v2\/types\/page"}],"author":[{"embeddable":true,"href":"https:\/\/catedras.facet.unt.edu.ar\/prog1\/wp-json\/wp\/v2\/users\/61"}],"replies":[{"embeddable":true,"href":"https:\/\/catedras.facet.unt.edu.ar\/prog1\/wp-json\/wp\/v2\/comments?post=68"}],"version-history":[{"count":2,"href":"https:\/\/catedras.facet.unt.edu.ar\/prog1\/wp-json\/wp\/v2\/pages\/68\/revisions"}],"predecessor-version":[{"id":78,"href":"https:\/\/catedras.facet.unt.edu.ar\/prog1\/wp-json\/wp\/v2\/pages\/68\/revisions\/78"}],"wp:attachment":[{"href":"https:\/\/catedras.facet.unt.edu.ar\/prog1\/wp-json\/wp\/v2\/media?parent=68"}],"curies":[{"name":"wp","href":"https:\/\/api.w.org\/{rel}","templated":true}]}}