{"id":29,"date":"2014-05-06T10:24:42","date_gmt":"2014-05-06T13:24:42","guid":{"rendered":"https:\/\/catedras.facet.unt.edu.ar\/prog1\/?page_id=29"},"modified":"2014-05-13T10:54:47","modified_gmt":"2014-05-13T13:54:47","slug":"bibliografia","status":"publish","type":"page","link":"https:\/\/catedras.facet.unt.edu.ar\/prog1\/bibliografia\/","title":{"rendered":"Bibliograf\u00eda"},"content":{"rendered":"<h6 style=\"color: #666666\"><span style=\"color: #808080\">La bibliograf\u00eda recomendada para este curso es:<br \/>\n<\/span><\/h6>\n<ul>\n<li><span style=\"color: #808080\">Herbert Schildt, C Manual de Referencia, 4\u00ba Edici\u00f3n, Mc Graw Hill, Espa\u00f1a, 2001.<\/span><\/li>\n<\/ul>\n<ul>\n<li><span style=\"color: #808080\">Luis Joyanes Aguilar &#8211; Ignacio Zahonero Martinez, Programaci\u00f3n en C, Mc Graw Hill, Espa\u00f1a, 2001<\/span><\/li>\n<\/ul>\n<ul>\n<li><span style=\"color: #808080\">Brian Kernighan &#8211; Dennis M. Ritchie, El lenguaje de programaci\u00f3n C, 2\u00ba Edici\u00f3n, Prentice Hall Sudamericana S.A., M\u00e9xico, 1991.<\/span><\/li>\n<\/ul>\n<ul>\n<li><span style=\"color: #808080\">H. M. Deitel &#8211; J. P. Deitel, Como programar en C \/ C++, 2\u00ba Edici\u00f3n, Prentice Hall, M\u00e9xico, 1985.<\/span><\/li>\n<\/ul>\n<ul>\n<li><span style=\"color: #808080\">Bayron S. Gottfried, Programaci\u00f3n en C, Mc Graw Hill, Serie Schaum, M\u00e9xico, 1997.<\/span><\/li>\n<\/ul>\n","protected":false},"excerpt":{"rendered":"<p>La bibliograf\u00eda recomendada para este curso es: Herbert Schildt, C Manual de Referencia, 4\u00ba Edici\u00f3n, Mc Graw Hill, Espa\u00f1a, 2001. Luis Joyanes Aguilar &#8211; Ignacio Zahonero Martinez, Programaci\u00f3n en C, Mc Graw Hill, Espa\u00f1a, 2001 Brian Kernighan &#8211; Dennis M. Ritchie, El lenguaje de programaci\u00f3n C, 2\u00ba Edici\u00f3n, Prentice Hall Sudamericana S.A., M\u00e9xico, 1991. H. [&hellip;]<\/p>\n","protected":false},"author":61,"featured_media":0,"parent":0,"menu_order":0,"comment_status":"closed","ping_status":"closed","template":"","meta":[],"_links":{"self":[{"href":"https:\/\/catedras.facet.unt.edu.ar\/prog1\/wp-json\/wp\/v2\/pages\/29"}],"collection":[{"href":"https:\/\/catedras.facet.unt.edu.ar\/prog1\/wp-json\/wp\/v2\/pages"}],"about":[{"href":"https:\/\/catedras.facet.unt.edu.ar\/prog1\/wp-json\/wp\/v2\/types\/page"}],"author":[{"embeddable":true,"href":"https:\/\/catedras.facet.unt.edu.ar\/prog1\/wp-json\/wp\/v2\/users\/61"}],"replies":[{"embeddable":true,"href":"https:\/\/catedras.facet.unt.edu.ar\/prog1\/wp-json\/wp\/v2\/comments?post=29"}],"version-history":[{"count":2,"href":"https:\/\/catedras.facet.unt.edu.ar\/prog1\/wp-json\/wp\/v2\/pages\/29\/revisions"}],"predecessor-version":[{"id":59,"href":"https:\/\/catedras.facet.unt.edu.ar\/prog1\/wp-json\/wp\/v2\/pages\/29\/revisions\/59"}],"wp:attachment":[{"href":"https:\/\/catedras.facet.unt.edu.ar\/prog1\/wp-json\/wp\/v2\/media?parent=29"}],"curies":[{"name":"wp","href":"https:\/\/api.w.org\/{rel}","templated":true}]}}