{"id":27,"date":"2014-05-06T10:22:56","date_gmt":"2014-05-06T13:22:56","guid":{"rendered":"https:\/\/catedras.facet.unt.edu.ar\/prog1\/?page_id=27"},"modified":"2016-02-19T10:55:41","modified_gmt":"2016-02-19T13:55:41","slug":"condiciones","status":"publish","type":"page","link":"https:\/\/catedras.facet.unt.edu.ar\/prog1\/condiciones\/","title":{"rendered":"Condiciones"},"content":{"rendered":"<h5 style=\"color: #666666\"><span style=\"color: #505050\">La asignatura se dicta \u00fanicamente en el primer cuatrimestre para alumnos de las carreras:<\/span><\/h5>\n<ul>\n<li><span style=\"color: #505050\">Ingenier\u00eda Electr\u00f3nica (<\/span><span style=\"color: #505050\">Plan 1991 \u2013 Modificado 2004)<\/span><\/li>\n<\/ul>\n<ul>\n<li><span style=\"color: #505050\">Ingenier\u00eda El\u00e9ctrica (<\/span><span style=\"color: #505050\">Plan 1991 \u2013 Modificado 2004)<\/span><\/li>\n<\/ul>\n<ul>\n<li><span style=\"color: #505050\">Ingenier\u00eda.en Computaci\u00f3n (<\/span><span style=\"color: #505050\">Plan 2005 &#8211; Modificado 2015)<\/span><\/li>\n<\/ul>\n<h5 style=\"color: #666666\"><span style=\"color: #505050\">Para el<span style=\"color: #333333\">\u00a0<\/span><span style=\"color: #003366\"><span style=\"color: #333333\"><strong>cursado<\/strong><\/span>\u00a0<\/span>de la asignatura, el alumno debe cumplir los siguientes requisitos:<\/span><\/h5>\n<ul>\n<li>\u00c1lgebra y Geometr\u00eda Anal\u00edtica: aprobada.<\/li>\n<\/ul>\n<ul>\n<li>C\u00e1lculo I: aprobada.<\/li>\n<\/ul>\n<ul>\n<li>Inform\u00e1tica: regular.<\/li>\n<\/ul>\n<h5>Para <span style=\"color: #333333\"><strong>regularizar<\/strong><\/span><span style=\"color: #335973\"><strong>\u00a0<\/strong><\/span>la asignatura, el alumno debe:<\/h5>\n<ul>\n<li>Aprobar los ex\u00e1menes parciales, o sus recuperaciones, con nota mayor o igual a 6 (seis).<\/li>\n<\/ul>\n<ul>\n<li>Tener el 75% de asistencia a clases pr\u00e1cticas.<\/li>\n<\/ul>\n","protected":false},"excerpt":{"rendered":"<p>La asignatura se dicta \u00fanicamente en el primer cuatrimestre para alumnos de las carreras: Ingenier\u00eda Electr\u00f3nica (Plan 1991 \u2013 Modificado 2004) Ingenier\u00eda El\u00e9ctrica (Plan 1991 \u2013 Modificado 2004) Ingenier\u00eda.en Computaci\u00f3n (Plan 2005 &#8211; Modificado 2015) Para el\u00a0cursado\u00a0de la asignatura, el alumno debe cumplir los siguientes requisitos: \u00c1lgebra y Geometr\u00eda Anal\u00edtica: aprobada. C\u00e1lculo I: aprobada. Inform\u00e1tica: [&hellip;]<\/p>\n","protected":false},"author":61,"featured_media":0,"parent":0,"menu_order":0,"comment_status":"closed","ping_status":"closed","template":"","meta":[],"_links":{"self":[{"href":"https:\/\/catedras.facet.unt.edu.ar\/prog1\/wp-json\/wp\/v2\/pages\/27"}],"collection":[{"href":"https:\/\/catedras.facet.unt.edu.ar\/prog1\/wp-json\/wp\/v2\/pages"}],"about":[{"href":"https:\/\/catedras.facet.unt.edu.ar\/prog1\/wp-json\/wp\/v2\/types\/page"}],"author":[{"embeddable":true,"href":"https:\/\/catedras.facet.unt.edu.ar\/prog1\/wp-json\/wp\/v2\/users\/61"}],"replies":[{"embeddable":true,"href":"https:\/\/catedras.facet.unt.edu.ar\/prog1\/wp-json\/wp\/v2\/comments?post=27"}],"version-history":[{"count":9,"href":"https:\/\/catedras.facet.unt.edu.ar\/prog1\/wp-json\/wp\/v2\/pages\/27\/revisions"}],"predecessor-version":[{"id":415,"href":"https:\/\/catedras.facet.unt.edu.ar\/prog1\/wp-json\/wp\/v2\/pages\/27\/revisions\/415"}],"wp:attachment":[{"href":"https:\/\/catedras.facet.unt.edu.ar\/prog1\/wp-json\/wp\/v2\/media?parent=27"}],"curies":[{"name":"wp","href":"https:\/\/api.w.org\/{rel}","templated":true}]}}