{"id":98,"date":"2023-04-13T23:19:27","date_gmt":"2023-04-14T02:19:27","guid":{"rendered":"https:\/\/catedras.facet.unt.edu.ar\/plantapiloto\/?page_id=98"},"modified":"2023-04-13T23:19:27","modified_gmt":"2023-04-14T02:19:27","slug":"normas-de-presentacion-de-los-informes-de-tp-experimentales","status":"publish","type":"page","link":"https:\/\/catedras.facet.unt.edu.ar\/plantapiloto\/normas-de-presentacion-de-los-informes-de-tp-experimentales\/","title":{"rendered":"Normas de presentaci\u00f3n de los informes de Tp Experimentales"},"content":{"rendered":"<p dir=\"ltr\">Los informes deben ser enviados en tiempo y forma, hasta la fecha l\u00edmite publicada<\/p>\n<p dir=\"ltr\">Se debe presentar un trabajo por grupo, en formato digital y extensi\u00f3n PDF<\/p>\n<p dir=\"ltr\">Tama\u00f1o de p\u00e1gina A4 con 2,5 cm de m\u00e1rgenes.<\/p>\n<p dir=\"ltr\">Tipo de letra: Para confeccionar el trabajo se deber\u00e1 usar letra Arial de 12 pt. para t\u00edtulos y 11 pt. para el texto.<\/p>\n<p dir=\"ltr\">Redacci\u00f3n: El uso de la primera persona (\u201cyo\u201d, \u201cnosotros\u201d, etc.) debe ser evitado. Puede usar negrita o cursiva para destacar el texto.<\/p>\n<p dir=\"ltr\">Numeraci\u00f3n: Las p\u00e1ginas deber\u00e1n estar numeradas en la parte inferior de las hojas.<\/p>\n<p dir=\"ltr\">Figuras: Todas las figuras y\/o fotos tomadas durante la experiencia deber\u00e1n tener ep\u00edgrafe, estar centradas, numeradas, y relacionadas con el \u00a0 \u00a0 \u00a0 texto (es decir no se puede colocar figuras y\/o fotos las cuales no sean explicadas, descriptas o citadas en el texto).<\/p>\n<p dir=\"ltr\">Este debe tener el siguiente orden:<\/p>\n<p dir=\"ltr\">\u00a0\u00a0\u00a0\u00a01.- Car\u00e1tula.- se confeccionar\u00e1 de la siguiente forma:<\/p>\n<ul>\n<li>\n<p dir=\"ltr\" role=\"presentation\">\u00a0Logo de la Instituci\u00f3n (FACET \u2013 UNT)<\/p>\n<\/li>\n<li>\n<p dir=\"ltr\" role=\"presentation\">\u00a0T\u00edtulo \u201cInforme del TP experimental N\u00b0 &#8230;&#8230;: t\u00edtulo: &#8230;&#8230;&#8230;..\u201d centrado en letra Arial 28 pt, negrita.<\/p>\n<\/li>\n<li>\n<p dir=\"ltr\" role=\"presentation\">\u00a0Grupo N\u00b0&#8230;&#8230;..Nombre y Apellido de los alumnos que integran el mismo,\u00a0 en letra Arial 24 pt, negrita.<\/p>\n<\/li>\n<li>\n<p dir=\"ltr\" role=\"presentation\">A\u00f1o de realizaci\u00f3n del TP en Arial 24 pt, negrita, centrado<\/p>\n<\/li>\n<\/ul>\n<p dir=\"ltr\">2.- Enunciado del Trabajo Pr\u00e1ctico Experimental<\/p>\n<p dir=\"ltr\">3.- Desarrollo del Trabajo Pr\u00e1ctico<\/p>\n","protected":false},"excerpt":{"rendered":"<p>Los informes deben ser enviados en tiempo y forma, hasta la fecha l\u00edmite publicada Se debe presentar un trabajo por grupo, en formato digital y extensi\u00f3n PDF Tama\u00f1o de p\u00e1gina A4 con 2,5 cm de m\u00e1rgenes. Tipo de letra: Para confeccionar el trabajo se deber\u00e1 usar letra Arial de 12 pt. para t\u00edtulos y 11 [&hellip;]<\/p>\n","protected":false},"author":123669,"featured_media":0,"parent":0,"menu_order":0,"comment_status":"closed","ping_status":"closed","template":"","meta":[],"_links":{"self":[{"href":"https:\/\/catedras.facet.unt.edu.ar\/plantapiloto\/wp-json\/wp\/v2\/pages\/98"}],"collection":[{"href":"https:\/\/catedras.facet.unt.edu.ar\/plantapiloto\/wp-json\/wp\/v2\/pages"}],"about":[{"href":"https:\/\/catedras.facet.unt.edu.ar\/plantapiloto\/wp-json\/wp\/v2\/types\/page"}],"author":[{"embeddable":true,"href":"https:\/\/catedras.facet.unt.edu.ar\/plantapiloto\/wp-json\/wp\/v2\/users\/123669"}],"replies":[{"embeddable":true,"href":"https:\/\/catedras.facet.unt.edu.ar\/plantapiloto\/wp-json\/wp\/v2\/comments?post=98"}],"version-history":[{"count":1,"href":"https:\/\/catedras.facet.unt.edu.ar\/plantapiloto\/wp-json\/wp\/v2\/pages\/98\/revisions"}],"predecessor-version":[{"id":99,"href":"https:\/\/catedras.facet.unt.edu.ar\/plantapiloto\/wp-json\/wp\/v2\/pages\/98\/revisions\/99"}],"wp:attachment":[{"href":"https:\/\/catedras.facet.unt.edu.ar\/plantapiloto\/wp-json\/wp\/v2\/media?parent=98"}],"curies":[{"name":"wp","href":"https:\/\/api.w.org\/{rel}","templated":true}]}}