{"id":73,"date":"2023-04-13T21:28:54","date_gmt":"2023-04-14T00:28:54","guid":{"rendered":"https:\/\/catedras.facet.unt.edu.ar\/plantapiloto\/?page_id=73"},"modified":"2025-10-20T09:02:37","modified_gmt":"2025-10-20T12:02:37","slug":"inicio","status":"publish","type":"page","link":"https:\/\/catedras.facet.unt.edu.ar\/plantapiloto\/","title":{"rendered":"Inicio"},"content":{"rendered":"<div id=\"attachment_163\" style=\"width: 331px\" class=\"wp-caption aligncenter\"><img aria-describedby=\"caption-attachment-163\" loading=\"lazy\" class=\"wp-image-163\" src=\"https:\/\/catedras.facet.unt.edu.ar\/plantapiloto\/wp-content\/uploads\/sites\/143\/2025\/10\/profesores-1_page-0001-2.jpg\" alt=\"Profesores de la c\u00e1tedra\" width=\"321\" height=\"248\" \/><p id=\"caption-attachment-163\" class=\"wp-caption-text\">Mg. Ing. H. Ariel Viera -Ing. Walter Gallo -Mg. Ing. Romina Salazar<\/p><\/div>\n<p>&nbsp;<\/p>\n<p><span style=\"color: #0000ff\">OBJETIVOS:<\/span><\/p>\n<p>Analizar, dise\u00f1ar y operar equipos en escala Semi-Industrial Planta Piloto, de unidades de Operaci\u00f3n, Procesos, Microbiolog\u00eda, Servicios y control Autom\u00e1tico<\/p>\n<p dir=\"ltr\">Tecnolog\u00eda de los Procesos Industriales en Escala Piloto es una asignatura del \u00faltimo a\u00f1o, m\u00f3dulo X, de la carrera de Ingenier\u00eda Qu\u00edmica que se dicta\u00a0 en la Facultad de Ciencias Exactas y Tecnolog\u00eda, de la UNT, con modalidad cuatrimestral.<\/p>\n<p dir=\"ltr\">Las clases te\u00f3ricas estar\u00e1n publicadas en la plataforma Google Classroom y los trabajos pr\u00e1cticos experimentales se desarrollar\u00e1n en forma presencial,<\/p>\n<p><span style=\"color: #0000ff\">DOCENTES<\/span><\/p>\n<p>*Mg. Ing. H\u00e9ctor Ariel Viera (Prof. Adjunto semidedicaci\u00f3n) &#8211; Docente encargado de C\u00e1tedra<\/p>\n<p>mail: hviera@herrera.unt.edu.ar<\/p>\n<p>celular: 3816441136<\/p>\n<p>*Ing. Walter Gustavo Gallo (JTP semidedicaci\u00f3n)<\/p>\n<p>mail: wgallo@herrera.unt.edu.ar<\/p>\n<ul>\n<li>Mg. Ing. Romina Asunci\u00f3n Salazar (Auxiliar de 1\u00b0categoria)<\/li>\n<\/ul>\n<p>Departamento de Ingenier\u00eda de Procesos y Gesti\u00f3n Industrial<\/p>\n<p>Facultad de Ciencias Exactas y Tecnolog\u00eda<\/p>\n","protected":false},"excerpt":{"rendered":"<p>&nbsp; OBJETIVOS: Analizar, dise\u00f1ar y operar equipos en escala Semi-Industrial Planta Piloto, de unidades de Operaci\u00f3n, Procesos, Microbiolog\u00eda, Servicios y control Autom\u00e1tico Tecnolog\u00eda de los Procesos Industriales en Escala Piloto es una asignatura del \u00faltimo a\u00f1o, m\u00f3dulo X, de la carrera de Ingenier\u00eda Qu\u00edmica que se dicta\u00a0 en la Facultad de Ciencias Exactas y Tecnolog\u00eda, [&hellip;]<\/p>\n","protected":false},"author":123669,"featured_media":0,"parent":0,"menu_order":0,"comment_status":"closed","ping_status":"closed","template":"","meta":[],"_links":{"self":[{"href":"https:\/\/catedras.facet.unt.edu.ar\/plantapiloto\/wp-json\/wp\/v2\/pages\/73"}],"collection":[{"href":"https:\/\/catedras.facet.unt.edu.ar\/plantapiloto\/wp-json\/wp\/v2\/pages"}],"about":[{"href":"https:\/\/catedras.facet.unt.edu.ar\/plantapiloto\/wp-json\/wp\/v2\/types\/page"}],"author":[{"embeddable":true,"href":"https:\/\/catedras.facet.unt.edu.ar\/plantapiloto\/wp-json\/wp\/v2\/users\/123669"}],"replies":[{"embeddable":true,"href":"https:\/\/catedras.facet.unt.edu.ar\/plantapiloto\/wp-json\/wp\/v2\/comments?post=73"}],"version-history":[{"count":7,"href":"https:\/\/catedras.facet.unt.edu.ar\/plantapiloto\/wp-json\/wp\/v2\/pages\/73\/revisions"}],"predecessor-version":[{"id":83,"href":"https:\/\/catedras.facet.unt.edu.ar\/plantapiloto\/wp-json\/wp\/v2\/pages\/73\/revisions\/83"}],"wp:attachment":[{"href":"https:\/\/catedras.facet.unt.edu.ar\/plantapiloto\/wp-json\/wp\/v2\/media?parent=73"}],"curies":[{"name":"wp","href":"https:\/\/api.w.org\/{rel}","templated":true}]}}