{"id":177,"date":"2026-03-05T12:31:00","date_gmt":"2026-03-05T15:31:00","guid":{"rendered":"https:\/\/catedras.facet.unt.edu.ar\/plantapiloto\/?page_id=177"},"modified":"2026-03-05T12:58:17","modified_gmt":"2026-03-05T15:58:17","slug":"novedades-ciclo-lectivo-2026","status":"publish","type":"page","link":"https:\/\/catedras.facet.unt.edu.ar\/plantapiloto\/novedades-ciclo-lectivo-2026\/","title":{"rendered":"Novedades Ciclo lectivo 2026"},"content":{"rendered":"<p dir=\"ltr\"><img loading=\"lazy\" class=\"aligncenter wp-image-180\" src=\"https:\/\/catedras.facet.unt.edu.ar\/plantapiloto\/wp-content\/uploads\/sites\/143\/2026\/03\/inscripcion-2026.png\" alt=\"inscripci\u00f3n 2026\" width=\"237\" height=\"237\" \/><\/p>\n<h1 style=\"text-align: center\"><span style=\"font-size: 18pt\"><strong><span style=\"color: #ff0000\">CICLO LECTIVO 2026<\/span><\/strong><\/span><\/h1>\n<h1><strong><span style=\"color: #0000ff\"><span style=\"font-size: 14pt\">primera clase: mi\u00e9rcoles 19 de AGOSTO en el horario publicado &#8211;\u00a0<\/span><span style=\"font-size: 14pt\">aula de inform\u00e1tica &#8211; aula 4 &#8211; 1- 32<\/span><\/span><\/strong><\/h1>\n<h2>INSCRIPCI\u00d3N 2026<\/h2>\n<p dir=\"ltr\">Todos los alumnos interesados en cursar TECNOLOG\u00cdA DE LOS PROCESOS INDUSTRIALES EN ESCALA PILOTO (15_QQW) de la carrera de Ingenier\u00eda Qu\u00edmica\u00a0 en el segundo cuatrimestre de 2026 deben formalizar la inscripci\u00f3n COMPLETANDO EL FORMULARIO, al cual ingresar\u00e1n con el c\u00f3digo QR publicado (en la parte superior),\u00a0 hasta el domingo 23 de Agosto de 2026 a las 12:00hs a fin de poder organizar los trabajos pr\u00e1cticos experimentales.<\/p>\n<p dir=\"ltr\">A\u00a0trav\u00e9s del correo electr\u00f3nico ser\u00e1n invitados a ingresar a la plataforma classroom de la asignatura. Donde encontrar\u00e1n las instrucciones generales, el material que necesitar\u00e1n y ser\u00e1n informados de las distintas actividades a realizarse<\/p>\n<p dir=\"ltr\"><strong><span style=\"color: #ff0000\">FECHAS DE PARCIALES, EXPOSICI\u00d3N Y RECUPERACIONES CORRESPONDIENTES AL CICLO LECTIVO 2026<\/span><\/strong><\/p>\n<p dir=\"ltr\"><span style=\"color: #0000ff\"><strong>1\u00b0 PARCIAL:<\/strong><\/span> VIERNES 23 DE OCTUBRE DE 2026<\/p>\n<p dir=\"ltr\"><strong><span style=\"color: #0000ff\">2\u00b0 PARCIAL:<\/span><\/strong> JUEVES 3 DE DICIEMBRE DE 2026<\/p>\n<p dir=\"ltr\"><strong><span style=\"color: #0000ff\">EXPOSICI\u00d3N DEL PROYECTO TALLER:<\/span><\/strong> VIERNES 4 DE DICIEMBRE DE 2026<\/p>\n<p dir=\"ltr\"><strong><span style=\"color: #0000ff\">RECUPERACI\u00d3N DEL 1\u00b0 PARCIAL:<\/span><\/strong> Mi\u00e9rcoles 03 de marzo de 2027<\/p>\n<p dir=\"ltr\"><strong><span style=\"color: #0000ff\">RECUPERACI\u00d3N DEL\u00a0 2\u00b0 PARCIAL:<\/span> <\/strong>Mi\u00e9rcoles 10 de marzo DE 2027<\/p>\n","protected":false},"excerpt":{"rendered":"<p>CICLO LECTIVO 2026 primera clase: mi\u00e9rcoles 19 de AGOSTO en el horario publicado &#8211;\u00a0aula de inform\u00e1tica &#8211; aula 4 &#8211; 1- 32 INSCRIPCI\u00d3N 2026 Todos los alumnos interesados en cursar TECNOLOG\u00cdA DE LOS PROCESOS INDUSTRIALES EN ESCALA PILOTO (15_QQW) de la carrera de Ingenier\u00eda Qu\u00edmica\u00a0 en el segundo cuatrimestre de 2026 deben formalizar la inscripci\u00f3n [&hellip;]<\/p>\n","protected":false},"author":123669,"featured_media":0,"parent":0,"menu_order":0,"comment_status":"closed","ping_status":"closed","template":"","meta":[],"_links":{"self":[{"href":"https:\/\/catedras.facet.unt.edu.ar\/plantapiloto\/wp-json\/wp\/v2\/pages\/177"}],"collection":[{"href":"https:\/\/catedras.facet.unt.edu.ar\/plantapiloto\/wp-json\/wp\/v2\/pages"}],"about":[{"href":"https:\/\/catedras.facet.unt.edu.ar\/plantapiloto\/wp-json\/wp\/v2\/types\/page"}],"author":[{"embeddable":true,"href":"https:\/\/catedras.facet.unt.edu.ar\/plantapiloto\/wp-json\/wp\/v2\/users\/123669"}],"replies":[{"embeddable":true,"href":"https:\/\/catedras.facet.unt.edu.ar\/plantapiloto\/wp-json\/wp\/v2\/comments?post=177"}],"version-history":[{"count":6,"href":"https:\/\/catedras.facet.unt.edu.ar\/plantapiloto\/wp-json\/wp\/v2\/pages\/177\/revisions"}],"predecessor-version":[{"id":185,"href":"https:\/\/catedras.facet.unt.edu.ar\/plantapiloto\/wp-json\/wp\/v2\/pages\/177\/revisions\/185"}],"wp:attachment":[{"href":"https:\/\/catedras.facet.unt.edu.ar\/plantapiloto\/wp-json\/wp\/v2\/media?parent=177"}],"curies":[{"name":"wp","href":"https:\/\/api.w.org\/{rel}","templated":true}]}}