{"id":101,"date":"2023-04-13T23:22:49","date_gmt":"2023-04-14T02:22:49","guid":{"rendered":"https:\/\/catedras.facet.unt.edu.ar\/plantapiloto\/?page_id=101"},"modified":"2023-04-13T23:22:49","modified_gmt":"2023-04-14T02:22:49","slug":"proyecto-taller","status":"publish","type":"page","link":"https:\/\/catedras.facet.unt.edu.ar\/plantapiloto\/proyecto-taller\/","title":{"rendered":"Proyecto Taller"},"content":{"rendered":"<p dir=\"ltr\"><strong><span style=\"color: #0000ff\">ELECCI\u00d3N DE TEMAS PARA EL DESARROLLO DE LOS PROYECTOS TALLER<\/span><\/strong><\/p>\n<p dir=\"ltr\"><strong><span style=\"color: #800080\">Temas sugeridos:<\/span><\/strong><\/p>\n<p dir=\"ltr\"><strong>T.1.-<\/strong> Ensayos en banco de prueba de sopladores. Obtenci\u00f3n de Curvas Caracter\u00edsticas<\/p>\n<p dir=\"ltr\"><strong>T.2.-\u00a0<\/strong> Ablandamiento de Agua Mediante Resinas de Intercambio I\u00f3nico. C\u00e1lculo de Columna de Intercambio I\u00f3nico a Partir de Ensayos Piloto<\/p>\n<p dir=\"ltr\"><strong>T.3.-<\/strong> Depuraci\u00f3n de Gases de Combusti\u00f3n Mediante Lavador de Gases Venturi Scrubber. Cambio de escala a partir de Ensayos en Escala Piloto<\/p>\n<p dir=\"ltr\"><strong>T.4.- <\/strong>Producci\u00f3n de Alcohol Et\u00edlico en Escala Piloto Mediante Fermentaci\u00f3n de Melazas. Obtenci\u00f3n de Datos del Proceso a Partir de la Experiencia.<\/p>\n<p dir=\"ltr\"><strong>T.5.-<\/strong> Ensayos de Humidificaci\u00f3n a partir de Columna Rellena Experimental. Cambio de Escala a Partir de Ensayos de Escala Piloto<\/p>\n<p dir=\"ltr\"><strong>T.6.-<\/strong> Estudio del tiempo de mezclado en tanques agitados. Cambio de escala<\/p>\n<p><strong>T.7.-<\/strong> Emprendimiento libre: cada grupo tiene la posibilidad de presentar una propuesta distinta a los temas sugeridos donde se especifique: objetivo, recursos necesarios, tiempo de ejecuci\u00f3n y resultados esperados. La misma ser\u00e1 evaluada por los docentes de la asignatura y podr\u00e1 iniciarse una vez aprobada.<\/p>\n","protected":false},"excerpt":{"rendered":"<p>ELECCI\u00d3N DE TEMAS PARA EL DESARROLLO DE LOS PROYECTOS TALLER Temas sugeridos: T.1.- Ensayos en banco de prueba de sopladores. Obtenci\u00f3n de Curvas Caracter\u00edsticas T.2.-\u00a0 Ablandamiento de Agua Mediante Resinas de Intercambio I\u00f3nico. C\u00e1lculo de Columna de Intercambio I\u00f3nico a Partir de Ensayos Piloto T.3.- Depuraci\u00f3n de Gases de Combusti\u00f3n Mediante Lavador de Gases Venturi [&hellip;]<\/p>\n","protected":false},"author":123669,"featured_media":0,"parent":0,"menu_order":0,"comment_status":"closed","ping_status":"closed","template":"","meta":[],"_links":{"self":[{"href":"https:\/\/catedras.facet.unt.edu.ar\/plantapiloto\/wp-json\/wp\/v2\/pages\/101"}],"collection":[{"href":"https:\/\/catedras.facet.unt.edu.ar\/plantapiloto\/wp-json\/wp\/v2\/pages"}],"about":[{"href":"https:\/\/catedras.facet.unt.edu.ar\/plantapiloto\/wp-json\/wp\/v2\/types\/page"}],"author":[{"embeddable":true,"href":"https:\/\/catedras.facet.unt.edu.ar\/plantapiloto\/wp-json\/wp\/v2\/users\/123669"}],"replies":[{"embeddable":true,"href":"https:\/\/catedras.facet.unt.edu.ar\/plantapiloto\/wp-json\/wp\/v2\/comments?post=101"}],"version-history":[{"count":1,"href":"https:\/\/catedras.facet.unt.edu.ar\/plantapiloto\/wp-json\/wp\/v2\/pages\/101\/revisions"}],"predecessor-version":[{"id":102,"href":"https:\/\/catedras.facet.unt.edu.ar\/plantapiloto\/wp-json\/wp\/v2\/pages\/101\/revisions\/102"}],"wp:attachment":[{"href":"https:\/\/catedras.facet.unt.edu.ar\/plantapiloto\/wp-json\/wp\/v2\/media?parent=101"}],"curies":[{"name":"wp","href":"https:\/\/api.w.org\/{rel}","templated":true}]}}