{"id":37,"date":"2014-08-12T11:49:09","date_gmt":"2014-08-12T14:49:09","guid":{"rendered":"https:\/\/catedras.facet.unt.edu.ar\/organizacion\/home\/"},"modified":"2016-09-19T11:02:48","modified_gmt":"2016-09-19T14:02:48","slug":"home","status":"publish","type":"page","link":"https:\/\/catedras.facet.unt.edu.ar\/organizacion\/","title":{"rendered":"INICIO"},"content":{"rendered":"<div id=\"pl-37\"  class=\"panel-layout\" ><div id=\"pg-37-0\"  class=\"panel-grid panel-no-style\" ><div id=\"pgc-37-0-0\"  class=\"panel-grid-cell\" ><div id=\"panel-37-0-0-0\" class=\"so-panel widget widget_headline-widget panel-first-child\" data-index=\"0\" >\t\t<h1>C\u00e1tedra de ORGANIZACI\u00d3N Y CONDUCCI\u00d3N DE OBRAS<\/h1>\n\t\t<div class=\"decoration\"><div class=\"decoration-inside\"><\/div><\/div>\n\t\t<h3>Facultad de Ciencias Exactas y Tecnolog\u00eda - Universidad Nacional de Tucum\u00e1n - ARGENTINA<\/h3>\n\t\t<\/div>\n\t\t<div id=\"panel-37-0-0-1\" class=\"so-panel widget widget_recent-posts widget_recent_entries panel-last-child\" data-index=\"1\" >\n\t\t<h3 class=\"widget-title\">Novedades<\/h3>\n\t\t<ul>\n\t\t\t\t\t\t\t\t\t\t\t<li>\n\t\t\t\t\t<a href=\"https:\/\/catedras.facet.unt.edu.ar\/organizacion\/2016\/09\/19\/primer-parcial-14102016-15-hs\/\">INICIO DE CLASES &#8211; VIERNES 16\/08<\/a>\n\t\t\t\t\t\t\t\t\t<\/li>\n\t\t\t\t\t\t\t\t\t\t\t<li>\n\t\t\t\t\t<a href=\"https:\/\/catedras.facet.unt.edu.ar\/organizacion\/2016\/09\/19\/presentacion-tpno4-07102016\/\">&#8230;<\/a>\n\t\t\t\t\t\t\t\t\t<\/li>\n\t\t\t\t\t<\/ul>\n\n\t\t<\/div><\/div><\/div><div id=\"pg-37-1\"  class=\"panel-grid panel-no-style\" ><div id=\"pgc-37-1-0\"  class=\"panel-grid-cell\" ><div id=\"panel-37-1-0-0\" class=\"so-panel widget widget_circleicon-widget panel-first-child panel-last-child\" data-index=\"2\" >\t\t<div class=\"circle-icon-box circle-icon-position-top circle-icon-hide-box circle-icon-size-small\">\n\t\t\t<div class=\"circle-icon-wrapper\">\n\t\t\t\t\t\t\t\t<div class=\"circle-icon\" >\n\t\t\t\t\t<div class=\"fa fa-clock-o\" ><\/div>\t\t\t\t<\/div>\n\t\t\t\t\t\t\t<\/div>\n\n\t\t\t\t\t\t<h4 >HORARIOS<\/h4>\t\t\t\n\t\t\t<p class=\"text\" >Clases Te\u00f3rico-Pr\u00e1cticas                                                                                                         Viernes   15:00 hs      -               Aula 10                    Block Civil<\/p>\t\t\t\t\t<\/div>\n\t\t<\/div><\/div><div id=\"pgc-37-1-1\"  class=\"panel-grid-cell panel-grid-cell-empty\" ><\/div><div id=\"pgc-37-1-2\"  class=\"panel-grid-cell panel-grid-cell-empty\" ><\/div><div id=\"pgc-37-1-3\"  class=\"panel-grid-cell\" ><div id=\"panel-37-1-3-0\" class=\"so-panel widget widget_circleicon-widget panel-first-child panel-last-child\" data-index=\"3\" >\t\t<div class=\"circle-icon-box circle-icon-position-top circle-icon-hide-box circle-icon-size-small\">\n\t\t\t<div class=\"circle-icon-wrapper\">\n\t\t\t\t<a href=\"https:\/\/catedras.facet.unt.edu.ar\/organizacion\/?p=120\" class=\"link-icon\" >\t\t\t\t<div class=\"circle-icon\" >\n\t\t\t\t\t<div class=\"fa fa-envelope\" ><\/div>\t\t\t\t<\/div>\n\t\t\t\t<\/a>\t\t\t<\/div>\n\n\t\t\t<a href=\"https:\/\/catedras.facet.unt.edu.ar\/organizacion\/?p=120\" class=\"link-title\" >\t\t\t<h4 >CONTACTO<\/h4>\t\t\t<\/a>\n\t\t\t\t\t\t\t\t\t\t<a href=\"https:\/\/catedras.facet.unt.edu.ar\/organizacion\/?p=120\" class=\"more-button\" >M\u00e1s informaci\u00f3n <i><\/i><\/a>\n\t\t\t\t\t<\/div>\n\t\t<\/div><\/div><\/div><div id=\"pg-37-2\"  class=\"panel-grid panel-no-style\" ><div id=\"pgc-37-2-0\"  class=\"panel-grid-cell\" ><div id=\"panel-37-2-0-0\" class=\"so-panel widget widget_text panel-first-child panel-last-child\" data-index=\"4\" >\t\t\t<div class=\"textwidget\"><\/div>\n\t\t<\/div><\/div><\/div><div id=\"pg-37-3\"  class=\"panel-grid panel-no-style\" ><div id=\"pgc-37-3-0\"  class=\"panel-grid-cell panel-grid-cell-empty panel-grid-cell-mobile-last\" ><\/div><div id=\"pgc-37-3-1\"  class=\"panel-grid-cell panel-grid-cell-empty\" ><\/div><\/div><\/div>","protected":false},"excerpt":{"rendered":"<p>C\u00e1tedra de ORGANIZACI\u00d3N Y CONDUCCI\u00d3N DE OBRAS Facultad de Ciencias Exactas y Tecnolog\u00eda &#8211; Universidad Nacional de Tucum\u00e1n &#8211; ARGENTINA Novedades INICIO DE CLASES &#8211; VIERNES 16\/08 &#8230; HORARIOS Clases Te\u00f3rico-Pr\u00e1cticas Viernes 15:00 hs &#8211; Aula 10 Block Civil CONTACTO M\u00e1s informaci\u00f3n<\/p>\n","protected":false},"author":1,"featured_media":0,"parent":0,"menu_order":0,"comment_status":"closed","ping_status":"closed","template":"home-panels.php","meta":[],"_links":{"self":[{"href":"https:\/\/catedras.facet.unt.edu.ar\/organizacion\/wp-json\/wp\/v2\/pages\/37"}],"collection":[{"href":"https:\/\/catedras.facet.unt.edu.ar\/organizacion\/wp-json\/wp\/v2\/pages"}],"about":[{"href":"https:\/\/catedras.facet.unt.edu.ar\/organizacion\/wp-json\/wp\/v2\/types\/page"}],"author":[{"embeddable":true,"href":"https:\/\/catedras.facet.unt.edu.ar\/organizacion\/wp-json\/wp\/v2\/users\/1"}],"replies":[{"embeddable":true,"href":"https:\/\/catedras.facet.unt.edu.ar\/organizacion\/wp-json\/wp\/v2\/comments?post=37"}],"version-history":[{"count":12,"href":"https:\/\/catedras.facet.unt.edu.ar\/organizacion\/wp-json\/wp\/v2\/pages\/37\/revisions"}],"predecessor-version":[{"id":321,"href":"https:\/\/catedras.facet.unt.edu.ar\/organizacion\/wp-json\/wp\/v2\/pages\/37\/revisions\/321"}],"wp:attachment":[{"href":"https:\/\/catedras.facet.unt.edu.ar\/organizacion\/wp-json\/wp\/v2\/media?parent=37"}],"curies":[{"name":"wp","href":"https:\/\/api.w.org\/{rel}","templated":true}]}}