{"id":64,"date":"2015-08-22T11:28:42","date_gmt":"2015-08-22T14:28:42","guid":{"rendered":"https:\/\/catedras.facet.unt.edu.ar\/opto\/?page_id=64"},"modified":"2015-08-22T11:29:12","modified_gmt":"2015-08-22T14:29:12","slug":"programa","status":"publish","type":"page","link":"https:\/\/catedras.facet.unt.edu.ar\/opto\/programa\/","title":{"rendered":"Programa"},"content":{"rendered":"<p align=\"justify\"><span class=\"Estilo3\"><span class=\"Estilo4\"><span class=\"Estilo6\"><span class=\"Estilo7\"><strong><em>TEMA 1<\/em><\/strong><br \/>\nOptoelectr\u00f3nica. Concepto. Radiometr\u00eda y Fotometr\u00eda: Radiaci\u00f3n\u00a0 Electromagn\u00e9tica, su espectro; radiaci\u00f3n \u00f3ptica. Magnitudes y unidades en radiometr\u00eda y fotometr\u00eda, relaci\u00f3n entre ambas. Ejemplos de aplicaci\u00f3n.<\/span><\/span><\/span><\/span><\/p>\n<p class=\"Estilo5\" align=\"justify\"><strong><em>TEMA 2<\/em><\/strong><br \/>\nFundamentos de teor\u00eda de bandas: Modelo at\u00f3mico de Bohr, energ\u00eda del fot\u00f3n asociado a una transici\u00f3n. Principio de exclusi\u00f3n de Pauli. Modelo de Bandas de energ\u00eda en s\u00f3lidos. Nivel de Fermi.<\/p>\n<p class=\"Estilo5\" align=\"justify\"><strong><em>TEMA 3<\/em><\/strong><br \/>\nFuentes de radiaci\u00f3n origen de la radiaci\u00f3n, luminiscencia, fotoluminiscencia. lampara incandescente, Fuentes electroluminiscente, Fuentes de tubos de vac\u00edo, CRT. L\u00e1mparas de descarga-gas<\/p>\n<p class=\"Estilo5\" align=\"justify\"><strong><em>TEMA 4<\/em><\/strong><br \/>\nDiodos emisores de luz. Funcionamiento, especificaciones electro-\u00f3pticas, polarizaci\u00f3n, r\u00e9gimen de pulsos, aplicaciones. Modulador \u00f3ptico, anal\u00f3gico y digital.<\/p>\n<p class=\"Estilo5\" align=\"justify\"><strong><em>TEMA 5<\/em><\/strong><br \/>\nDisplay de LED.\u00a0 Display de cristal liquido. Display electroluminiscente. Display fluorescente de vac\u00edo. Display catodoluminiscente. Matriz de puntos. Display de gran escala. Funcionamiento, caracter\u00edsticas electro-\u00f3pticas. Comando de los display\u00a0. Factores humanos de los display.<\/p>\n<p class=\"Estilo5\" align=\"justify\"><strong><em>TEMA 6<\/em><\/strong><br \/>\nL\u00e1ser, descripci\u00f3n, caracter\u00edsticas generales, monocromaticidad, coherencia, direccionalidad (divergencia), potencia de salida. Principio de funcionamiento, emisi\u00f3n estimulada, inversi\u00f3n de la poblaci\u00f3n, bombeo, amplificaci\u00f3n de la radiaci\u00f3n, esquema b\u00e1sico de un l\u00e1ser.\u00a0 Modos axiales y transversales. Principales tipos.<\/p>\n<p class=\"Estilo5\" align=\"justify\"><strong><em>TEMA 7<\/em><\/strong><br \/>\nL\u00e1ser semiconductor. Diodo Led de potencia. Diodo L\u00e1ser, inversi\u00f3n de poblaci\u00f3n, excitaci\u00f3n, corriente umbral. Heterojuntura, materiales, modos, divergencia. L\u00e1ser DFB. Aplicaciones, caracter\u00edsticas el\u00e9ctricas y \u00f3pticas. Circuitos de polarizaci\u00f3n.<\/p>\n<p class=\"Estilo5\" align=\"justify\"><strong><em>TEMA 8<\/em><\/strong><br \/>\nReceptores fotoel\u00e9ctricos: Caracterizaci\u00f3n general. LDR. Celda fotovoltaica. Fotomultiplicadores.\u00a0 Fotodiodo. Funcionamiento, especificaciones, polarizaci\u00f3n. Demodulador \u00f3ptico, ejemplos de aplicaci\u00f3n. Conceptos de ruido en detectores, distintos tipos, modelos. NEP (potencia equivalente de ruido). Detectividad<\/p>\n<p class=\"Estilo5\" align=\"justify\"><strong><em>TEMA 9<\/em><\/strong><br \/>\nFototransistor. Optoacopladores-optoaisladores. Funcionamiento, especificaciones, polarizaci\u00f3n, circuitos de aplicaci\u00f3n. Disparo de tiristores. Encoders. Taqu\u00edmetros.<\/p>\n<p class=\"Estilo5\" align=\"justify\"><strong><em>TEMA 10<\/em><\/strong><br \/>\nFibras Opticas. Descripci\u00f3n, funcionamiento, reflexi\u00f3n total, \u00e1ngulo\u00a0 l\u00edmite, apertura num\u00e9rica, perdidas por absorci\u00f3n y dispersi\u00f3n. Tipos de fibras seg\u00fan su perfil (escal\u00f3n, gradual) y su funcionamiento (monomodo y multimodo). Dispersi\u00f3n modal y crom\u00e1tica.<\/p>\n<p class=\"Estilo5\" align=\"justify\"><strong><em>TEMA 11<\/em><\/strong><br \/>\nFibras Opticas: fabricaci\u00f3n, principales procesos. Uniones: empalmes y conectores. Cables conductores de fibras \u00f3pticas. T\u00e9cnicas de medici\u00f3n e instrumental en fibras. Aplicaciones actuales y futuras tendencias.<\/p>\n","protected":false},"excerpt":{"rendered":"<p>TEMA 1 Optoelectr\u00f3nica. Concepto. Radiometr\u00eda y Fotometr\u00eda: Radiaci\u00f3n\u00a0 Electromagn\u00e9tica, su espectro; radiaci\u00f3n \u00f3ptica. Magnitudes y unidades en radiometr\u00eda y fotometr\u00eda, relaci\u00f3n entre ambas. Ejemplos de aplicaci\u00f3n. TEMA 2 Fundamentos de teor\u00eda de bandas: Modelo at\u00f3mico de Bohr, energ\u00eda del fot\u00f3n asociado a una transici\u00f3n. Principio de exclusi\u00f3n de Pauli. Modelo de Bandas de energ\u00eda en [&hellip;]<\/p>\n","protected":false},"author":187,"featured_media":0,"parent":0,"menu_order":0,"comment_status":"closed","ping_status":"closed","template":"","meta":[],"_links":{"self":[{"href":"https:\/\/catedras.facet.unt.edu.ar\/opto\/wp-json\/wp\/v2\/pages\/64"}],"collection":[{"href":"https:\/\/catedras.facet.unt.edu.ar\/opto\/wp-json\/wp\/v2\/pages"}],"about":[{"href":"https:\/\/catedras.facet.unt.edu.ar\/opto\/wp-json\/wp\/v2\/types\/page"}],"author":[{"embeddable":true,"href":"https:\/\/catedras.facet.unt.edu.ar\/opto\/wp-json\/wp\/v2\/users\/187"}],"replies":[{"embeddable":true,"href":"https:\/\/catedras.facet.unt.edu.ar\/opto\/wp-json\/wp\/v2\/comments?post=64"}],"version-history":[{"count":2,"href":"https:\/\/catedras.facet.unt.edu.ar\/opto\/wp-json\/wp\/v2\/pages\/64\/revisions"}],"predecessor-version":[{"id":66,"href":"https:\/\/catedras.facet.unt.edu.ar\/opto\/wp-json\/wp\/v2\/pages\/64\/revisions\/66"}],"wp:attachment":[{"href":"https:\/\/catedras.facet.unt.edu.ar\/opto\/wp-json\/wp\/v2\/media?parent=64"}],"curies":[{"name":"wp","href":"https:\/\/api.w.org\/{rel}","templated":true}]}}