{"id":48,"date":"2015-01-04T02:08:43","date_gmt":"2015-01-04T05:08:43","guid":{"rendered":"https:\/\/catedras.facet.unt.edu.ar\/opto\/?page_id=48"},"modified":"2015-08-22T11:30:30","modified_gmt":"2015-08-22T14:30:30","slug":"docentes","status":"publish","type":"page","link":"https:\/\/catedras.facet.unt.edu.ar\/opto\/docentes\/","title":{"rendered":"Docentes"},"content":{"rendered":"<p><strong>Ing. Humberto Agliano<\/strong><\/p>\n<p><a title=\"hagliano@herrera.unt.edu.ar\" href=\"mailto:hagliano@herrera.unt.edu.ar\">hagliano@herrera.unt.edu.ar<\/a><\/p>\n<p>Profesor Titular<\/p>\n<p>&nbsp;<\/p>\n<p><strong>Ing. Ricardo Gonzalez<\/strong><\/p>\n<p><a title=\"rgonzalez@herrera.unt.edu.ar\" href=\"mailto:rgonzalez@herrera.unt.edu.ar\">rgonzalez@herrera.unt.edu.ar<\/a><\/p>\n<p>Profesor Asociado<\/p>\n<p>&nbsp;<\/p>\n<p><strong>Ing. Cristian Figueroa<\/strong><\/p>\n<p><a title=\"rgonzalez@herrera.unt.edu.ar\" href=\"mailto:rgonzalez@herrera.unt.edu.ar\">cafigueroa@herrera.unt.edu.ar<\/a><\/p>\n<p>Jefe de Trabajos Pr\u00e1cticos<\/p>\n<p>&nbsp;<\/p>\n<p><strong>Ayudantes Estudiantiles<\/strong><\/p>\n<p><strong>Patricio P\u00e9rez<\/strong> (Estudiante de Ing. Biom\u00e9dica)<\/p>\n<p><a title=\"pato5859@hotmail.com\" href=\"mailto:pato5859@hotmail.com\">pato5859@hotmail.com<\/a><\/p>\n<p>&nbsp;<\/p>\n<p>&nbsp;<\/p>\n<p>&nbsp;<\/p>\n<p>&nbsp;<\/p>\n","protected":false},"excerpt":{"rendered":"<p>Ing. Humberto Agliano hagliano@herrera.unt.edu.ar Profesor Titular &nbsp; Ing. Ricardo Gonzalez rgonzalez@herrera.unt.edu.ar Profesor Asociado &nbsp; Ing. Cristian Figueroa cafigueroa@herrera.unt.edu.ar Jefe de Trabajos Pr\u00e1cticos &nbsp; Ayudantes Estudiantiles Patricio P\u00e9rez (Estudiante de Ing. Biom\u00e9dica) pato5859@hotmail.com &nbsp; &nbsp; &nbsp; &nbsp;<\/p>\n","protected":false},"author":163,"featured_media":0,"parent":0,"menu_order":3,"comment_status":"closed","ping_status":"closed","template":"","meta":[],"_links":{"self":[{"href":"https:\/\/catedras.facet.unt.edu.ar\/opto\/wp-json\/wp\/v2\/pages\/48"}],"collection":[{"href":"https:\/\/catedras.facet.unt.edu.ar\/opto\/wp-json\/wp\/v2\/pages"}],"about":[{"href":"https:\/\/catedras.facet.unt.edu.ar\/opto\/wp-json\/wp\/v2\/types\/page"}],"author":[{"embeddable":true,"href":"https:\/\/catedras.facet.unt.edu.ar\/opto\/wp-json\/wp\/v2\/users\/163"}],"replies":[{"embeddable":true,"href":"https:\/\/catedras.facet.unt.edu.ar\/opto\/wp-json\/wp\/v2\/comments?post=48"}],"version-history":[{"count":4,"href":"https:\/\/catedras.facet.unt.edu.ar\/opto\/wp-json\/wp\/v2\/pages\/48\/revisions"}],"predecessor-version":[{"id":67,"href":"https:\/\/catedras.facet.unt.edu.ar\/opto\/wp-json\/wp\/v2\/pages\/48\/revisions\/67"}],"wp:attachment":[{"href":"https:\/\/catedras.facet.unt.edu.ar\/opto\/wp-json\/wp\/v2\/media?parent=48"}],"curies":[{"name":"wp","href":"https:\/\/api.w.org\/{rel}","templated":true}]}}